{"id":151956,"date":"2022-05-10T13:52:00","date_gmt":"2025-07-06T12:16:19","guid":{"rendered":"https:\/\/kingarms.ee\/product\/greito-fg-salmu-soniniu-virseliu-rinkinys\/"},"modified":"2025-07-06T15:16:19","modified_gmt":"2025-07-06T12:16:19","slug":"greito-fg-salmu-soniniu-virseliu-rinkinys","status":"publish","type":"product","link":"https:\/\/kingarms.ee\/lt\/product\/greito-fg-salmu-soniniu-virseliu-rinkinys\/","title":{"rendered":"Greito fg \u0161alm\u0173 \u0161onini\u0173 vir\u0161eli\u0173 rinkinys"},"content":{"rendered":"","protected":false},"excerpt":{"rendered":"<div id=\" component_projector_longdescription_not \" class=\"projector_longdescription cm\">\n<p>\u0160onini\u0173 (skruost\u0173) dangteli\u0173 rinkinys, skirtas montuoti ant greit\u0173 \u0161alm\u0173, kad b\u016bt\u0173 u\u017etikrinta papildoma vartotojo veido apsauga. Dang\u010di\u0173 montavimas yra \u012fmanomas po greito \u0161almo tvirtinimo b\u0117gi\u0173 rinkinio (TB-290), kur\u012f galima \u012fsigyti atskirai <\/p>\n<\/div>\n<div id=\"component_projector_cms\" class=\"component_projector_cms cm\">\n<div class=\"n56196_main\">\n<div class=\"n56196_sub\">\n<p>Produktas n\u0117ra balistin\u0117 apsauga ir neturi kit\u0173 apsaugini\u0173 savybi\u0173. Jis n\u0117ra skirtas naudoti apsaugos tikslais, \u012fskaitant taktinius\/karo \/ ASG \u017eaidimus. <\/p>\n<p>Produkto naudojimas balistinei apsaugai ir (arba) kitiems apsaugos tikslams, \u012fskaitant naudojim\u0105 taktini\u0173\/karo\/ASG \u017eaidim\u0173 metu, yra produkto naudojimas prie\u0161ingai nei numatyta, tokiu atveju pirk\u0117jas tai daro tik savo rizika.<\/p>\n<\/div>\n<\/div>\n<\/div>\n","protected":false},"featured_media":118787,"template":"","meta":{"_acf_changed":false},"product_brand":[],"product_cat":[1209,1216,1217],"product_tag":[],"class_list":{"0":"post-151956","1":"product","2":"type-product","3":"status-publish","4":"has-post-thumbnail","6":"product_cat-iranga","7":"product_cat-salmai","8":"product_cat-salmo-laikikliai","10":"first","11":"instock","12":"taxable","13":"shipping-taxable","14":"purchasable","15":"product-type-simple"},"acf":[],"_links":{"self":[{"href":"https:\/\/kingarms.ee\/lt\/wp-json\/wp\/v2\/product\/151956","targetHints":{"allow":["GET"]}}],"collection":[{"href":"https:\/\/kingarms.ee\/lt\/wp-json\/wp\/v2\/product"}],"about":[{"href":"https:\/\/kingarms.ee\/lt\/wp-json\/wp\/v2\/types\/product"}],"wp:featuredmedia":[{"embeddable":true,"href":"https:\/\/kingarms.ee\/lt\/wp-json\/wp\/v2\/media\/118787"}],"wp:attachment":[{"href":"https:\/\/kingarms.ee\/lt\/wp-json\/wp\/v2\/media?parent=151956"}],"wp:term":[{"taxonomy":"product_brand","embeddable":true,"href":"https:\/\/kingarms.ee\/lt\/wp-json\/wp\/v2\/product_brand?post=151956"},{"taxonomy":"product_cat","embeddable":true,"href":"https:\/\/kingarms.ee\/lt\/wp-json\/wp\/v2\/product_cat?post=151956"},{"taxonomy":"product_tag","embeddable":true,"href":"https:\/\/kingarms.ee\/lt\/wp-json\/wp\/v2\/product_tag?post=151956"}],"curies":[{"name":"wp","href":"https:\/\/api.w.org\/{rel}","templated":true}]}}