{"id":151958,"date":"2019-06-18T01:27:43","date_gmt":"2025-07-06T12:17:33","guid":{"rendered":"https:\/\/kingarms.ee\/product\/matka-irankis-atsipalaiduoti-misko\/"},"modified":"2025-07-06T15:17:33","modified_gmt":"2025-07-06T12:17:33","slug":"matka-irankis-atsipalaiduoti-misko","status":"publish","type":"product","link":"https:\/\/kingarms.ee\/lt\/product\/matka-irankis-atsipalaiduoti-misko\/","title":{"rendered":"Matka \u012frankis atsipalaiduoti-mi\u0161ko<br><br>"},"content":{"rendered":"<p><a href=\"https:\/\/kingarms.ee\/wp-content\/uploads\/2019\/06\/14445020_Relax_Woodland-300x300.jpg\"><img loading=\"lazy\" decoding=\"async\" class=\"alignnone size-medium wp-image-16030\" src=\"https:\/\/kingarms.ee\/wp-content\/uploads\/2019\/06\/14445020_Relax_Woodland-300x300.jpg\" alt=\"\" width=\"300\" height=\"300\" srcset=\"https:\/\/kingarms.ee\/wp-content\/uploads\/2019\/06\/14445020_Relax_Woodland-300x300.jpg 300w, https:\/\/kingarms.ee\/wp-content\/uploads\/2019\/06\/14445020_Relax_Woodland-150x150.jpg 150w, https:\/\/kingarms.ee\/wp-content\/uploads\/2019\/06\/14445020_Relax_Woodland-500x500.jpg 500w, https:\/\/kingarms.ee\/wp-content\/uploads\/2019\/06\/14445020_Relax_Woodland-768x768.jpg 768w, https:\/\/kingarms.ee\/wp-content\/uploads\/2019\/06\/14445020_Relax_Woodland.jpg 800w\" sizes=\"auto, (max-width: 300px) 100vw, 300px\" \/><\/a><\/p>\n","protected":false},"excerpt":{"rendered":"<p>Matka \u012frankis atsipalaiduoti-mi\u0161ko<\/p>\n<p>\u017dygio k\u0117d\u0117 su atlo\u0161u<\/p>\n<p>Med\u017eiaga: 600D Oksfordo Nailonas, Padengtas polivinilchloridu<\/p>\n<p>R\u0117mas: Aliuminis<\/p>\n<p>Vanden\u012f ir ne\u0161varumus atstumianti med\u017eiaga<\/p>\n<p>Porankio puodelio laikiklis<\/p>\n<p>Pridedamas krep\u0161ys k\u0117d\u017ei\u0173 laikymui<\/p>\n<p>M antai: 90-52-82 cm<\/p>\n<p>Spalva: Mi\u0161kas<\/p>\n","protected":false},"featured_media":133199,"template":"","meta":{"_acf_changed":false},"product_brand":[],"product_cat":[1263],"product_tag":[],"class_list":{"0":"post-151958","1":"product","2":"type-product","3":"status-publish","4":"has-post-thumbnail","6":"product_cat-kelioniu-prekes","8":"first","9":"instock","10":"taxable","11":"shipping-taxable","12":"purchasable","13":"product-type-simple"},"acf":[],"_links":{"self":[{"href":"https:\/\/kingarms.ee\/lt\/wp-json\/wp\/v2\/product\/151958","targetHints":{"allow":["GET"]}}],"collection":[{"href":"https:\/\/kingarms.ee\/lt\/wp-json\/wp\/v2\/product"}],"about":[{"href":"https:\/\/kingarms.ee\/lt\/wp-json\/wp\/v2\/types\/product"}],"wp:featuredmedia":[{"embeddable":true,"href":"https:\/\/kingarms.ee\/lt\/wp-json\/wp\/v2\/media\/133199"}],"wp:attachment":[{"href":"https:\/\/kingarms.ee\/lt\/wp-json\/wp\/v2\/media?parent=151958"}],"wp:term":[{"taxonomy":"product_brand","embeddable":true,"href":"https:\/\/kingarms.ee\/lt\/wp-json\/wp\/v2\/product_brand?post=151958"},{"taxonomy":"product_cat","embeddable":true,"href":"https:\/\/kingarms.ee\/lt\/wp-json\/wp\/v2\/product_cat?post=151958"},{"taxonomy":"product_tag","embeddable":true,"href":"https:\/\/kingarms.ee\/lt\/wp-json\/wp\/v2\/product_tag?post=151958"}],"curies":[{"name":"wp","href":"https:\/\/api.w.org\/{rel}","templated":true}]}}