{"id":151963,"date":"2022-05-10T13:49:00","date_gmt":"2022-05-10T10:49:00","guid":{"rendered":"https:\/\/kingarms.ee\/product\/daugiaprocesorinis-bangu-ikroviklis\/"},"modified":"2025-07-06T15:56:30","modified_gmt":"2025-07-06T12:56:30","slug":"daugiaprocesorinis-bangu-ikroviklis","status":"publish","type":"product","link":"https:\/\/kingarms.ee\/lt\/product\/daugiaprocesorinis-bangu-ikroviklis\/","title":{"rendered":"Daugiaprocesorinis Bang\u0173 \u012ekroviklis"},"content":{"rendered":"","protected":false},"excerpt":{"rendered":"<p>Daugiaprocesorinis Bang\u0173 \u012ekroviklis<\/p>\n<p><span lang=\"EN-GB\">Electro river\u2082<strong> yra nauja <\/strong>kokyb\u0117 elektros energijos tiekimo rinkoje. Gamintojas u\u017esibr\u0117\u017e\u0117 sau tiksl\u0105 sukurti produkt\u0105, kurio kokyb\u0117 atitiks net geriausius baterij\u0173 rinkos \u017eaid\u0117jus, tuo pa\u010diu <strong>i\u0161laikydama<\/strong>  <span class=\"apple-converted-space\"> <\/span><strong>patraukli kaina<\/strong>. Electro River UMP bando patenkinti \u017eaid\u0117j\u0173 poreikius. Prek\u0117s \u017eenklo pasi\u016bloje yra efektyv\u016bs \u012fvairi\u0173 tip\u0173 ir dyd\u017ei\u0173 <span class=\"SpellE\">LiPo<\/span> paketai, mikroprocesori\u0173 \u012fkrovikliai ir priedai.  <\/span><\/p>\n<p><span lang=\"EN-GB\">Kiekviena up\u0117 pradeda savo<strong> keli\u0105 nuo \u0161altinio<\/strong>. Lygiai tas pats, kas Electro River baterija, kuri negal\u0117s efektyviai veikti be maitinimo \u0161altinio, kuris yra \u012fkroviklis. Naujas, daugiafunkcinis bang\u0173 oma mikroprocesorinis \u012fkroviklis leis efektyviai \u012fkrauti \/ i\u0161krauti vis\u0173 tip\u0173 elementus, esan\u010dius <strong>rinkoje, si\u016blant<\/strong>  <span class=\"apple-converted-space\"> <\/span><strong> platus konfig\u016bracijos<\/strong><span class=\"apple-converted-space\"> <\/span> <strong>darbo<\/strong> re\u017eim\u0173 ir maksimalaus saugumo<span class=\"apple-converted-space\"> <\/span> d\u0117l akumuliatoriaus ir vartotojo. \u012e<strong>krovikli<\/strong>s turi integruot\u0105 maitinimo \u0161altin\u012f ir balansavimo \u012frengin\u012f ir yra b\u016bdingas labai  <span class=\"apple-converted-space\"> <\/span><strong>intuityvus valdymas.<\/strong><\/span><\/p>\n<p><strong><span lang=\"EN-GB\">\u012ekroviklio Specifikacija:<\/span><\/strong><\/p>\n<p><span lang=\"EN-GB\">\u012e\u0117jimo \u012ftampa: 11-18V (DC) \/ 100 &#8211; 240V (AC)<br \/>\n\u012ekrovimo \u012etampa: 0,1-6,0 A<br \/>\nMaksimalus \u012fkrovimo greitis: 80 V<br \/>\nI\u0161leidimo \u012etampa: 0,1-2,0 A<br \/>\nMaksimalus i\u0161krovimo greitis: 10 V<br \/>\nBalansavimo srov\u0117: maks. 300 mAh \/ l\u0105stel\u0117<br \/>\nTaikomi baterij\u0173 tipai: Ni-mh \/ Ni-Cd: <span class=\"SpellE\">1-15 element\u0173<\/span> \/<span class=\"SpellE\">LiPo<\/span> \/<span class=\"SpellE\"> LiFe<\/span> \/ <span class=\"SpellE\">LiIon: 1-6 elementai<\/span><br \/>\n<span class=\"SpellE\">Pb<\/span> akumuliatoriaus \u012ftampa: 2-20V<\/span><\/p>\n<p><strong><span lang=\"EN-GB\">\u012e komplekt\u0105 \u012feina:<\/span><\/strong><\/p>\n<p><span lang=\"EN-GB\">&#8211; \u012fkroviklis<br \/>\n&#8211; maitinimo kabelis<br \/>\n&#8211; 12V DC (lizdas) maitinimo kabelis<br \/>\n&#8211; rinkinys dekanas \/ Tamiya ma\u017eas, dekanas \/ klipai<\/span><\/p>\n","protected":false},"featured_media":118781,"template":"","meta":{"_acf_changed":false},"product_brand":[],"product_cat":[1193],"product_tag":[],"class_list":{"0":"post-151963","1":"product","2":"type-product","3":"status-publish","4":"has-post-thumbnail","6":"product_cat-ikrovikliai","8":"first","9":"instock","10":"taxable","11":"shipping-taxable","12":"purchasable","13":"product-type-simple"},"acf":[],"_links":{"self":[{"href":"https:\/\/kingarms.ee\/lt\/wp-json\/wp\/v2\/product\/151963","targetHints":{"allow":["GET"]}}],"collection":[{"href":"https:\/\/kingarms.ee\/lt\/wp-json\/wp\/v2\/product"}],"about":[{"href":"https:\/\/kingarms.ee\/lt\/wp-json\/wp\/v2\/types\/product"}],"wp:featuredmedia":[{"embeddable":true,"href":"https:\/\/kingarms.ee\/lt\/wp-json\/wp\/v2\/media\/118781"}],"wp:attachment":[{"href":"https:\/\/kingarms.ee\/lt\/wp-json\/wp\/v2\/media?parent=151963"}],"wp:term":[{"taxonomy":"product_brand","embeddable":true,"href":"https:\/\/kingarms.ee\/lt\/wp-json\/wp\/v2\/product_brand?post=151963"},{"taxonomy":"product_cat","embeddable":true,"href":"https:\/\/kingarms.ee\/lt\/wp-json\/wp\/v2\/product_cat?post=151963"},{"taxonomy":"product_tag","embeddable":true,"href":"https:\/\/kingarms.ee\/lt\/wp-json\/wp\/v2\/product_tag?post=151963"}],"curies":[{"name":"wp","href":"https:\/\/api.w.org\/{rel}","templated":true}]}}