{"id":151965,"date":"2022-05-10T12:52:00","date_gmt":"2025-07-06T12:59:30","guid":{"rendered":"https:\/\/kingarms.ee\/product\/ess-tactical-akiniai\/"},"modified":"2025-07-06T15:59:30","modified_gmt":"2025-07-06T12:59:30","slug":"ess-tactical-akiniai","status":"publish","type":"product","link":"https:\/\/kingarms.ee\/lt\/product\/ess-tactical-akiniai\/","title":{"rendered":"ESS Tactical akiniai"},"content":{"rendered":"","protected":false},"excerpt":{"rendered":"<p><strong><em>Taktiniai akiniai<\/em><\/strong> yra didelio na\u0161umo, ekonomi\u0161ki akiniai, sukurti specialiai taktin\u0117ms operacijoms.<\/p>\n<p>2,6 mm didelio sm\u016bgio l\u0119\u0161iai u\u017etikrina patikim\u0105 apsaug\u0105 nuo sm\u016bgi\u0173, o 40 mm dir\u017eelis turi skaidres, kad b\u016bt\u0173 lengva reguliuoti dir\u017eel\u012f.<\/p>\n<p>Erdvus <strong><em>sm\u016bgio r\u0117mas<\/em><\/strong> sukurtas taip, kad tilpt\u0173 ant daugumos akini\u0173.<\/p>\n<p>Visi<strong><em> Striker <\/em><\/strong><strong><em>serijos<\/em><\/strong> objektyvai u\u017etikrina 100% UVA \/ UVB apsaug\u0105 ir be i\u0161kraipym\u0173 optin\u012f ai\u0161kum\u0105.<\/p>\n","protected":false},"featured_media":118771,"template":"","meta":{"_acf_changed":false},"product_brand":[],"product_cat":[1212],"product_tag":[],"class_list":{"0":"post-151965","1":"product","2":"type-product","3":"status-publish","4":"has-post-thumbnail","6":"product_cat-balistiniai-akiniai","8":"first","9":"instock","10":"sale","11":"taxable","12":"shipping-taxable","13":"purchasable","14":"product-type-simple"},"acf":[],"_links":{"self":[{"href":"https:\/\/kingarms.ee\/lt\/wp-json\/wp\/v2\/product\/151965","targetHints":{"allow":["GET"]}}],"collection":[{"href":"https:\/\/kingarms.ee\/lt\/wp-json\/wp\/v2\/product"}],"about":[{"href":"https:\/\/kingarms.ee\/lt\/wp-json\/wp\/v2\/types\/product"}],"wp:featuredmedia":[{"embeddable":true,"href":"https:\/\/kingarms.ee\/lt\/wp-json\/wp\/v2\/media\/118771"}],"wp:attachment":[{"href":"https:\/\/kingarms.ee\/lt\/wp-json\/wp\/v2\/media?parent=151965"}],"wp:term":[{"taxonomy":"product_brand","embeddable":true,"href":"https:\/\/kingarms.ee\/lt\/wp-json\/wp\/v2\/product_brand?post=151965"},{"taxonomy":"product_cat","embeddable":true,"href":"https:\/\/kingarms.ee\/lt\/wp-json\/wp\/v2\/product_cat?post=151965"},{"taxonomy":"product_tag","embeddable":true,"href":"https:\/\/kingarms.ee\/lt\/wp-json\/wp\/v2\/product_tag?post=151965"}],"curies":[{"name":"wp","href":"https:\/\/api.w.org\/{rel}","templated":true}]}}