{"id":151970,"date":"2022-05-10T11:12:00","date_gmt":"2025-07-06T13:17:06","guid":{"rendered":"https:\/\/kingarms.ee\/product\/redokso-li-po-1200mah-74-v-20c\/"},"modified":"2025-07-06T16:17:06","modified_gmt":"2025-07-06T13:17:06","slug":"redokso-li-po-1200mah-74-v-20c","status":"publish","type":"product","link":"https:\/\/kingarms.ee\/lt\/product\/redokso-li-po-1200mah-74-v-20c\/","title":{"rendered":"Redokso Li-Po 1200mAh 7,4 V 20C"},"content":{"rendered":"","protected":false},"excerpt":{"rendered":"<p>Li\u010dio polimero baterija i\u0161 redokso susideda i\u0161 trij\u0173 element\u0173. Jo talpa yra 1200 mAh. I\u0161\u0117jimo \u012ftampa yra <strong>7,4<\/strong> V, o pastovi i\u0161krovos srov\u0117 yra <strong>20<\/strong> C (<strong>24 A<\/strong>). Akumuliatoriaus laidai yra 10 cm ilgio kabeliai, nutraukti dekano lizdu ir i\u0161vestimi \u012f balansavimo \u012frengin\u012f.   <\/p>\n","protected":false},"featured_media":118747,"template":"","meta":{"_acf_changed":false},"product_brand":[],"product_cat":[1192],"product_tag":[],"class_list":{"0":"post-151970","1":"product","2":"type-product","3":"status-publish","4":"has-post-thumbnail","6":"product_cat-akumuliatoriai","8":"first","9":"instock","10":"taxable","11":"shipping-taxable","12":"purchasable","13":"product-type-simple"},"acf":[],"_links":{"self":[{"href":"https:\/\/kingarms.ee\/lt\/wp-json\/wp\/v2\/product\/151970","targetHints":{"allow":["GET"]}}],"collection":[{"href":"https:\/\/kingarms.ee\/lt\/wp-json\/wp\/v2\/product"}],"about":[{"href":"https:\/\/kingarms.ee\/lt\/wp-json\/wp\/v2\/types\/product"}],"wp:featuredmedia":[{"embeddable":true,"href":"https:\/\/kingarms.ee\/lt\/wp-json\/wp\/v2\/media\/118747"}],"wp:attachment":[{"href":"https:\/\/kingarms.ee\/lt\/wp-json\/wp\/v2\/media?parent=151970"}],"wp:term":[{"taxonomy":"product_brand","embeddable":true,"href":"https:\/\/kingarms.ee\/lt\/wp-json\/wp\/v2\/product_brand?post=151970"},{"taxonomy":"product_cat","embeddable":true,"href":"https:\/\/kingarms.ee\/lt\/wp-json\/wp\/v2\/product_cat?post=151970"},{"taxonomy":"product_tag","embeddable":true,"href":"https:\/\/kingarms.ee\/lt\/wp-json\/wp\/v2\/product_tag?post=151970"}],"curies":[{"name":"wp","href":"https:\/\/api.w.org\/{rel}","templated":true}]}}