{"id":151971,"date":"2022-05-10T10:53:00","date_gmt":"2025-07-06T13:18:07","guid":{"rendered":"https:\/\/kingarms.ee\/product\/redokso-lipo-850-mah-74-v-20c\/"},"modified":"2025-07-06T16:18:07","modified_gmt":"2025-07-06T13:18:07","slug":"redokso-lipo-850-mah-74-v-20c","status":"publish","type":"product","link":"https:\/\/kingarms.ee\/lt\/product\/redokso-lipo-850-mah-74-v-20c\/","title":{"rendered":"Redokso LiPo 850 mAh 7,4 V 20c"},"content":{"rendered":"","protected":false},"excerpt":{"rendered":"<p>Universalus taikymas li\u010dio polimer\u0173 pakuot\u0117s redokso b\u016bdu pasi\u017eymi geru svorio ir matmen\u0173 santykiu bei labai ilgu tarnavimo laiku neprarandant srov\u0117s efektyvumo. Redokso ASG serijos pakuot\u0117s yra labai ilgos ir siauros formos, tod\u0117l puikiai tinka AEG \u0161autuvams, taip pat siauriems sklandytuv\u0173 fiuzelia\u017eams. <\/p>\n","protected":false},"featured_media":118745,"template":"","meta":{"_acf_changed":false},"product_brand":[],"product_cat":[1192],"product_tag":[],"class_list":{"0":"post-151971","1":"product","2":"type-product","3":"status-publish","4":"has-post-thumbnail","6":"product_cat-akumuliatoriai","8":"first","9":"instock","10":"taxable","11":"shipping-taxable","12":"purchasable","13":"product-type-simple"},"acf":[],"_links":{"self":[{"href":"https:\/\/kingarms.ee\/lt\/wp-json\/wp\/v2\/product\/151971","targetHints":{"allow":["GET"]}}],"collection":[{"href":"https:\/\/kingarms.ee\/lt\/wp-json\/wp\/v2\/product"}],"about":[{"href":"https:\/\/kingarms.ee\/lt\/wp-json\/wp\/v2\/types\/product"}],"wp:featuredmedia":[{"embeddable":true,"href":"https:\/\/kingarms.ee\/lt\/wp-json\/wp\/v2\/media\/118745"}],"wp:attachment":[{"href":"https:\/\/kingarms.ee\/lt\/wp-json\/wp\/v2\/media?parent=151971"}],"wp:term":[{"taxonomy":"product_brand","embeddable":true,"href":"https:\/\/kingarms.ee\/lt\/wp-json\/wp\/v2\/product_brand?post=151971"},{"taxonomy":"product_cat","embeddable":true,"href":"https:\/\/kingarms.ee\/lt\/wp-json\/wp\/v2\/product_cat?post=151971"},{"taxonomy":"product_tag","embeddable":true,"href":"https:\/\/kingarms.ee\/lt\/wp-json\/wp\/v2\/product_tag?post=151971"}],"curies":[{"name":"wp","href":"https:\/\/api.w.org\/{rel}","templated":true}]}}