{"id":151974,"date":"2022-05-08T13:59:18","date_gmt":"2022-05-08T10:59:18","guid":{"rendered":"https:\/\/kingarms.ee\/product\/fm-m4-fn-herestal-2\/"},"modified":"2025-07-06T16:21:31","modified_gmt":"2025-07-06T13:21:31","slug":"fm-m4-fn-herestal-2","status":"publish","type":"product","link":"https:\/\/kingarms.ee\/lt\/product\/fm-m4-fn-herestal-2\/","title":{"rendered":"FM M4 (\u201eFn Herestal\u201c)"},"content":{"rendered":"<p><img loading=\"lazy\" decoding=\"async\" class=\"alignnone size-medium wp-image-48089\" src=\"https:\/\/kingarms.ee\/wp-content\/uploads\/2022\/05\/5818-300x225.png\" alt=\"\" width=\"300\" height=\"225\" srcset=\"https:\/\/kingarms.ee\/wp-content\/uploads\/2022\/05\/5818-300x225.png 300w, https:\/\/kingarms.ee\/wp-content\/uploads\/2022\/05\/5818-1024x767.png 1024w, https:\/\/kingarms.ee\/wp-content\/uploads\/2022\/05\/5818-768x576.png 768w, https:\/\/kingarms.ee\/wp-content\/uploads\/2022\/05\/5818-1536x1151.png 1536w, https:\/\/kingarms.ee\/wp-content\/uploads\/2022\/05\/5818-600x450.png 600w, https:\/\/kingarms.ee\/wp-content\/uploads\/2022\/05\/5818-500x375.png 500w, https:\/\/kingarms.ee\/wp-content\/uploads\/2022\/05\/5818-150x112.png 150w, https:\/\/kingarms.ee\/wp-content\/uploads\/2022\/05\/5818.png 1600w\" sizes=\"auto, (max-width: 300px) 100vw, 300px\" \/><\/p>\n","protected":false},"excerpt":{"rendered":"<p>FM M4 (\u201eFn Herestal\u201c)<\/p>\n<p>Atraskite visi\u0161kai nauj\u0105 FM M4 4,5 mm versij\u0105, kuri veikia su Co2. \u0160i 3,73 d\u017eauli\u0173 talpos kopija puikiai tinka pradedantiesiems ar tiems, kurie nori patobulinti savo \u0161audymo \u012fg\u016bd\u017eius. M\u0117gaukit\u0117s gaminiu su neatsitraukimo sistema, kuri\u0105 lengva naudoti ir pri\u017ei\u016br\u0117ti ir kuri nustebins savo patvarumu. Rasite visus oficialius prek\u0117s \u017eenklo \u017eenklus, po kuri\u0173 bus visas svoris ir matmenys, kad gal\u0117tum\u0117te dar labiau priart\u0117ti prie realyb\u0117s.   <\/p>\n<p>Licencija FN Herstal<br \/>\nSpalva Juoda<br \/>\nKalibras 4,5 mm<br \/>\nJ\u0117ga Co2<br \/>\nGinklo svoris (kg) 2.5<br \/>\nGalia (d\u017eauliais) 3.73<br \/>\nFotografavimo re\u017eimas pusiau automatinis<br \/>\nMed\u017eiagos polimeras, metalas<br \/>\nPistoleto ilgis (mm) 785<br \/>\nSriegis 14mm<br \/>\nD\u0117klo talpa 18 kamuoliuk\u0173<\/p>\n<p>&nbsp;<\/p>\n","protected":false},"featured_media":118701,"template":"","meta":{"_acf_changed":false},"product_brand":[],"product_cat":[1142,1144],"product_tag":[],"class_list":{"0":"post-151974","1":"product","2":"type-product","3":"status-publish","4":"has-post-thumbnail","6":"product_cat-oro-ginklai","7":"product_cat-puolimo-sautuvas","9":"first","10":"onbackorder","11":"taxable","12":"shipping-taxable","13":"product-type-simple"},"acf":[],"_links":{"self":[{"href":"https:\/\/kingarms.ee\/lt\/wp-json\/wp\/v2\/product\/151974","targetHints":{"allow":["GET"]}}],"collection":[{"href":"https:\/\/kingarms.ee\/lt\/wp-json\/wp\/v2\/product"}],"about":[{"href":"https:\/\/kingarms.ee\/lt\/wp-json\/wp\/v2\/types\/product"}],"wp:featuredmedia":[{"embeddable":true,"href":"https:\/\/kingarms.ee\/lt\/wp-json\/wp\/v2\/media\/118701"}],"wp:attachment":[{"href":"https:\/\/kingarms.ee\/lt\/wp-json\/wp\/v2\/media?parent=151974"}],"wp:term":[{"taxonomy":"product_brand","embeddable":true,"href":"https:\/\/kingarms.ee\/lt\/wp-json\/wp\/v2\/product_brand?post=151974"},{"taxonomy":"product_cat","embeddable":true,"href":"https:\/\/kingarms.ee\/lt\/wp-json\/wp\/v2\/product_cat?post=151974"},{"taxonomy":"product_tag","embeddable":true,"href":"https:\/\/kingarms.ee\/lt\/wp-json\/wp\/v2\/product_tag?post=151974"}],"curies":[{"name":"wp","href":"https:\/\/api.w.org\/{rel}","templated":true}]}}