{"id":151978,"date":"2022-05-07T10:00:00","date_gmt":"2025-07-06T13:26:38","guid":{"rendered":"https:\/\/kingarms.ee\/product\/v2-smugis-atgal-pavaru-dezes-apvalkalas-8mm-g-g\/"},"modified":"2025-07-06T16:26:38","modified_gmt":"2025-07-06T13:26:38","slug":"v2-smugis-atgal-pavaru-dezes-apvalkalas-8mm-g-g","status":"publish","type":"product","link":"https:\/\/kingarms.ee\/lt\/product\/v2-smugis-atgal-pavaru-dezes-apvalkalas-8mm-g-g\/","title":{"rendered":"V2 sm\u016bgis atgal pavar\u0173 d\u0117\u017e\u0117s apvalkalas 8mm G &amp; G"},"content":{"rendered":"","protected":false},"excerpt":{"rendered":"<p>V2 sm\u016bgis atgal pavar\u0173 d\u0117\u017e\u0117s apvalkalas 8mm G &amp; G<\/p>\n<p>Pakaitinis pavar\u0173 d\u0117\u017e\u0117s apvalkalas bet kuriam G &amp; G 2 versijos pavar\u0173 d\u0117\u017e\u0117s pistoletui. \u0160i pavar\u0173 d\u0117\u017e\u0117 yra sm\u016bgio apvalkalas, tod\u0117l vir\u0161uje yra vietos pneumatiniam sm\u016bgio mechanizmui prid\u0117ti (nors jums nereikia jo naudoti). <\/p>\n<p>Tinka bet kokiam v2 ginklui, nors ir optimizuotas G &amp; G Raider, Top Tech 418, GR4 CBS Mini, MP5 ir kt.<\/p>\n","protected":false},"featured_media":118679,"template":"","meta":{"_acf_changed":false},"product_brand":[],"product_cat":[1273],"product_tag":[],"class_list":{"0":"post-151978","1":"product","2":"type-product","3":"status-publish","4":"has-post-thumbnail","6":"product_cat-atsargines-dalys","8":"first","9":"instock","10":"taxable","11":"shipping-taxable","12":"purchasable","13":"product-type-simple"},"acf":[],"_links":{"self":[{"href":"https:\/\/kingarms.ee\/lt\/wp-json\/wp\/v2\/product\/151978","targetHints":{"allow":["GET"]}}],"collection":[{"href":"https:\/\/kingarms.ee\/lt\/wp-json\/wp\/v2\/product"}],"about":[{"href":"https:\/\/kingarms.ee\/lt\/wp-json\/wp\/v2\/types\/product"}],"wp:featuredmedia":[{"embeddable":true,"href":"https:\/\/kingarms.ee\/lt\/wp-json\/wp\/v2\/media\/118679"}],"wp:attachment":[{"href":"https:\/\/kingarms.ee\/lt\/wp-json\/wp\/v2\/media?parent=151978"}],"wp:term":[{"taxonomy":"product_brand","embeddable":true,"href":"https:\/\/kingarms.ee\/lt\/wp-json\/wp\/v2\/product_brand?post=151978"},{"taxonomy":"product_cat","embeddable":true,"href":"https:\/\/kingarms.ee\/lt\/wp-json\/wp\/v2\/product_cat?post=151978"},{"taxonomy":"product_tag","embeddable":true,"href":"https:\/\/kingarms.ee\/lt\/wp-json\/wp\/v2\/product_tag?post=151978"}],"curies":[{"name":"wp","href":"https:\/\/api.w.org\/{rel}","templated":true}]}}