{"id":151981,"date":"2022-05-06T21:33:00","date_gmt":"2025-07-06T14:07:57","guid":{"rendered":"https:\/\/kingarms.ee\/product\/gos-v3-akciju-g-g\/"},"modified":"2025-07-06T17:07:57","modified_gmt":"2025-07-06T14:07:57","slug":"gos-v3-akciju-g-g","status":"publish","type":"product","link":"https:\/\/kingarms.ee\/lt\/product\/gos-v3-akciju-g-g\/","title":{"rendered":"Gos V3 akcij\u0173 G &amp; G"},"content":{"rendered":"","protected":false},"excerpt":{"rendered":"<p>Gos V3 akcij\u0173 G &amp; G<\/p>\n<p><span lang=\"EN-US\">Teleskopin\u0117s atsargos, skirtos tvirtinti M4 \/ M16 kopijose. Atsargos buvo pagamintos i\u0161 patvaraus <b>polimero<\/b>, sustiprinto <b>stiklo<\/b> pluo\u0161tu. Profiliuotas atsarg\u0173 padas buvo <b>pagamintas <\/b>i\u0161 stand\u017eios <b>gumos<\/b>. Atsargos yra ergonomi\u0161kos, <b>patogios<\/b> ir labiausiai atrodo \u012fsp\u016bdingai. <\/span><\/p>\n<p><span lang=\"EN-US\">Yra dvipusis <span class=\"SpellE\">KD <\/span>Taktinis stropas (komplekte n\u0117ra KD laikikli\u0173), atidaromas skyrius &#8211; naudingas atsargin\u0117ms AA baterijoms laikyti optiniam taikikliui ir kt.<\/span><\/p>\n<p><span lang=\"EN-US\">Tai tre\u010dioji \u0161io akcij\u0173 modelio versija-visi ankstesni\u0173 <b>versij\u0173 tr\u016bkumai buvo pa\u0161alinti.<\/b><\/span><\/p>\n","protected":false},"featured_media":118667,"template":"","meta":{"_acf_changed":false},"product_brand":[],"product_cat":[1273],"product_tag":[],"class_list":{"0":"post-151981","1":"product","2":"type-product","3":"status-publish","4":"has-post-thumbnail","6":"product_cat-atsargines-dalys","8":"first","9":"instock","10":"taxable","11":"shipping-taxable","12":"purchasable","13":"product-type-simple"},"acf":[],"_links":{"self":[{"href":"https:\/\/kingarms.ee\/lt\/wp-json\/wp\/v2\/product\/151981","targetHints":{"allow":["GET"]}}],"collection":[{"href":"https:\/\/kingarms.ee\/lt\/wp-json\/wp\/v2\/product"}],"about":[{"href":"https:\/\/kingarms.ee\/lt\/wp-json\/wp\/v2\/types\/product"}],"wp:featuredmedia":[{"embeddable":true,"href":"https:\/\/kingarms.ee\/lt\/wp-json\/wp\/v2\/media\/118667"}],"wp:attachment":[{"href":"https:\/\/kingarms.ee\/lt\/wp-json\/wp\/v2\/media?parent=151981"}],"wp:term":[{"taxonomy":"product_brand","embeddable":true,"href":"https:\/\/kingarms.ee\/lt\/wp-json\/wp\/v2\/product_brand?post=151981"},{"taxonomy":"product_cat","embeddable":true,"href":"https:\/\/kingarms.ee\/lt\/wp-json\/wp\/v2\/product_cat?post=151981"},{"taxonomy":"product_tag","embeddable":true,"href":"https:\/\/kingarms.ee\/lt\/wp-json\/wp\/v2\/product_tag?post=151981"}],"curies":[{"name":"wp","href":"https:\/\/api.w.org\/{rel}","templated":true}]}}