{"id":151986,"date":"2022-05-05T15:29:00","date_gmt":"2025-07-06T14:14:33","guid":{"rendered":"https:\/\/kingarms.ee\/product\/ffg-1-kampuota-priekine-rankena\/"},"modified":"2025-07-06T17:14:33","modified_gmt":"2025-07-06T14:14:33","slug":"ffg-1-kampuota-priekine-rankena","status":"publish","type":"product","link":"https:\/\/kingarms.ee\/lt\/product\/ffg-1-kampuota-priekine-rankena\/","title":{"rendered":"FFG-1 kampuota priekin\u0117 rankena"},"content":{"rendered":"","protected":false},"excerpt":{"rendered":"<p>FMA buvo \u012fkurta 2009 m. ir \u0161iandien yra viena did\u017eiausi\u0173 airsoft \u012frangos ma\u017emeninink\u0173 ir didmeninink\u0173 Kinijoje. Jie specializuojasi airsoft ginkl\u0173 prieduose, kauk\u0117se, baterij\u0173 d\u0117\u017e\u0117se ir \u017eibintuv\u0117liuose, akiniuose, \u0161almuose, \u0161alm\u0173 prieduose, mai\u0161eliuose, i\u0161gyvenimo lempose, stropuose ir duslintuvuose. Jie nuolat prideda nauj\u0173 produkt\u0173, kurie juos atnaujina su pasaulin\u0117mis tendencijomis. Platus pasi\u016blymas, puiki kokyb\u0117 u\u017e patraukli\u0105 kain\u0105 ir ekspert\u0173 komanda &#8211; tai daro FMA vien\u0105 populiariausi\u0173 prek\u0117s \u017eenkl\u0173 airsoft pasaulyje.   <\/p>\n<p>Svoris: 80 g<\/p>\n","protected":false},"featured_media":118641,"template":"","meta":{"_acf_changed":false},"product_brand":[],"product_cat":[1207],"product_tag":[],"class_list":{"0":"post-151986","1":"product","2":"type-product","3":"status-publish","4":"has-post-thumbnail","6":"product_cat-rankenos-ziedai-dirzai","8":"first","9":"instock","10":"taxable","11":"shipping-taxable","12":"purchasable","13":"product-type-simple"},"acf":[],"_links":{"self":[{"href":"https:\/\/kingarms.ee\/lt\/wp-json\/wp\/v2\/product\/151986","targetHints":{"allow":["GET"]}}],"collection":[{"href":"https:\/\/kingarms.ee\/lt\/wp-json\/wp\/v2\/product"}],"about":[{"href":"https:\/\/kingarms.ee\/lt\/wp-json\/wp\/v2\/types\/product"}],"wp:featuredmedia":[{"embeddable":true,"href":"https:\/\/kingarms.ee\/lt\/wp-json\/wp\/v2\/media\/118641"}],"wp:attachment":[{"href":"https:\/\/kingarms.ee\/lt\/wp-json\/wp\/v2\/media?parent=151986"}],"wp:term":[{"taxonomy":"product_brand","embeddable":true,"href":"https:\/\/kingarms.ee\/lt\/wp-json\/wp\/v2\/product_brand?post=151986"},{"taxonomy":"product_cat","embeddable":true,"href":"https:\/\/kingarms.ee\/lt\/wp-json\/wp\/v2\/product_cat?post=151986"},{"taxonomy":"product_tag","embeddable":true,"href":"https:\/\/kingarms.ee\/lt\/wp-json\/wp\/v2\/product_tag?post=151986"}],"curies":[{"name":"wp","href":"https:\/\/api.w.org\/{rel}","templated":true}]}}