{"id":151987,"date":"2022-03-28T12:53:05","date_gmt":"2025-07-06T14:21:36","guid":{"rendered":"https:\/\/kingarms.ee\/product\/taktinis-kirpimas-off-moteru-pirstines-mechanix-moterys-siekia-d5\/"},"modified":"2025-07-06T17:21:36","modified_gmt":"2025-07-06T14:21:36","slug":"taktinis-kirpimas-off-moteru-pirstines-mechanix-moterys-siekia-d5","status":"publish","type":"product","link":"https:\/\/kingarms.ee\/lt\/product\/taktinis-kirpimas-off-moteru-pirstines-mechanix-moterys-siekia-d5\/","title":{"rendered":"Taktinis kirpimas -\u201eOff\u201c moter\u0173 pir\u0161tin\u0117s Mechanix moterys siekia D5"},"content":{"rendered":"<p>Taktinis kirpimas -\u201eOff\u201c moter\u0173 pir\u0161tin\u0117s Mechanix moterys siekia D5<\/p>\n<p>Skintos atsparios taktinalics motershkos pirshtinalics Mechaniks moteralise persekiojimas D5.<\/p>\n<p>Atsparumas pjovimui b\u016bti kompromis\u0173, mechanik \u012f Taktinis Specialios Pursuit serija sukurt, kad pagal populiariausi\u0105 original\u0173 model\u012f, ta\u010diau turi pjovimui atspar\u0173 pamu\u0161al\u0105.<\/p>\n<p>Pir\u0161tin\u0117s yra anatomi\u0161kai suprojektuotos taip, kad atitikt\u0173 nat\u016bral\u0173 rankos kreivum\u0105.<\/p>\n<p>Ant delno ir pir\u0161t\u0173 yra patvari sintetin\u0117 oda, i\u0161klota Armorteksatu ir atitinka D lyg\u012f pagal nauj\u0105 apsaugini\u0173 pir\u0161tini\u0173 standart\u0105 CE EN388:2016.<\/p>\n<p>Mechanikin\u0117s persekiojimo pir\u0161tin\u0117s taip pat veikia su jutikliniais ekranais.<\/p>\n<p>Rie\u0161o U\u017esegimas: Velcro u\u017esegimas su TPR danga.<\/p>\n<p>Trekdry-top i\u0161laiko rankas sausas, o spandeksas u\u017etikrina komfort\u0105.<\/p>\n<p>Armortnaudokite pjovimui atspar\u0173 pamu\u0161al\u0105 ant delno ir pir\u0161t\u0173.<\/p>\n<p>Pir\u0161tines galima skalbti ma\u0161inoje.<\/p>\n<p>Atitinka nauj\u0105j\u012f standart\u0105 CE EN388: 2016 3.43 D, ANSI A5<\/p>\n<p>Dyd\u017eiai: S \/ 8, M \/ 9, L \/ 10, 11, didelis \/ 12<\/p>\n","protected":false},"excerpt":{"rendered":"<p>Taktinis kirpimas -\u201eOff\u201c moter\u0173 pir\u0161tin\u0117s Mechanix moterys siekia D5<\/p>\n<p>Skintos atsparios taktin\u0117s moteri\u0161kos pir\u0161tin\u0117s Mechaniks moter\u0173 persekiojimas D5.<\/p>\n<p>Atsparumas pjovimui be kompromis\u0173, Mechaniks Tactical Special Pursuit serija sukurta pagal populiariausi\u0105 original\u0173 model\u012f, ta\u010diau turi pjovimui atspar\u0173 pamu\u0161al\u0105.<\/p>\n<p>Kindad on anatoomiliselt kujundatud nii, et need vastaksid k\u00e4e loomulikule kumerusele.<\/p>\n<p>Skruzd\u0117 delne ir pir\u0161t\u0173 yra patvar, kad sintetin\u0117 opv, i\u0161klota Armorteksatu ir atitinka D lyg\u012f pagal nauj\u0105 apsaugini\u0173 pir\u0161tini\u0173 standart\u0105 CE EN388:2016.<\/p>\n<p>Mehaanilised tagaajamiskindad t\u00f6\u00f6tavad ka puutetundlike ekraanidega.<\/p>\n<p>Riesho Uzhsegimas: Velcro uzhsegimas su TPR danga.<\/p>\n<p>Trekdry-top keeps your hands dry and spandex ensures comfort.<\/p>\n<p>Armortnaudokite pyovimui atsparaily pamushalately ant delno ir pirshtaatat.<\/p>\n<p>Pir\u0161tines galima skalbti ma\u0161inoje.<\/p>\n<p>Attinka Naujarg Lie standartaad CE EN388: 2016 3.43 d, ANSI A5<\/p>\n<p>Dyd\u017eiai: S \/ 8, m \/ 9, L \/ 10, 11, didelis \/ 12<\/p>\n","protected":false},"featured_media":115860,"template":"","meta":{"_acf_changed":false},"product_brand":[],"product_cat":[1234],"product_tag":[],"class_list":{"0":"post-151987","1":"product","2":"type-product","3":"status-publish","4":"has-post-thumbnail","6":"product_cat-pirstines","8":"first","9":"instock","10":"sale","11":"taxable","12":"shipping-taxable","13":"purchasable","14":"product-type-variable","15":"has-default-attributes"},"acf":[],"_links":{"self":[{"href":"https:\/\/kingarms.ee\/lt\/wp-json\/wp\/v2\/product\/151987","targetHints":{"allow":["GET"]}}],"collection":[{"href":"https:\/\/kingarms.ee\/lt\/wp-json\/wp\/v2\/product"}],"about":[{"href":"https:\/\/kingarms.ee\/lt\/wp-json\/wp\/v2\/types\/product"}],"wp:featuredmedia":[{"embeddable":true,"href":"https:\/\/kingarms.ee\/lt\/wp-json\/wp\/v2\/media\/115860"}],"wp:attachment":[{"href":"https:\/\/kingarms.ee\/lt\/wp-json\/wp\/v2\/media?parent=151987"}],"wp:term":[{"taxonomy":"product_brand","embeddable":true,"href":"https:\/\/kingarms.ee\/lt\/wp-json\/wp\/v2\/product_brand?post=151987"},{"taxonomy":"product_cat","embeddable":true,"href":"https:\/\/kingarms.ee\/lt\/wp-json\/wp\/v2\/product_cat?post=151987"},{"taxonomy":"product_tag","embeddable":true,"href":"https:\/\/kingarms.ee\/lt\/wp-json\/wp\/v2\/product_tag?post=151987"}],"curies":[{"name":"wp","href":"https:\/\/api.w.org\/{rel}","templated":true}]}}