{"id":151998,"date":"2022-03-28T12:46:21","date_gmt":"2025-07-06T14:29:43","guid":{"rendered":"https:\/\/kingarms.ee\/product\/taktikalised-kindad-mechaniks-originaal-multicam-must\/"},"modified":"2025-07-06T17:29:43","modified_gmt":"2025-07-06T14:29:43","slug":"taktikalised-kindad-mechaniks-originaal-multicam-must","status":"publish","type":"product","link":"https:\/\/kingarms.ee\/lt\/product\/taktikalised-kindad-mechaniks-originaal-multicam-must\/","title":{"rendered":"Taktikalised kindad Mechaniks originaal MultiCam Must"},"content":{"rendered":"<p>Taktikalised kindad Mechaniks originaal MultiCam Must<\/p>\n<p>Laba patogios ir patvarios taktinalums pirshtinalums Mechaniks Multicamount Juodas.<\/p>\n<p>Trekdry kinnaste pealismaterjal on h\u00e4sti hingav ja hoiab k\u00e4ed kuivana.<\/p>\n<p>Delnas: patvari micropluoshto sintetinulate oda, b\u016bti sierkli plok\u0161t\u0117.<\/p>\n<p>Rie\u0161as su TPR skydeliu ir Velcro tvirtinimu.<\/p>\n<p>Kilpa pir\u0161tin\u0117ms pakabinti naudojant karabin\u0105.<\/p>\n<p>Pir\u0161tines galima skalbti ma\u0161inoje.<\/p>\n<p>Pir\u0161tin\u0117s veikia su jutikliniais ekranais.<\/p>\n<p>Multicamate Juoda Kamuflia\u017eas juodos spalvos.<\/p>\n<p>Pagrindin\u0117s taikymo sritys:<\/p>\n<p>&#8211; karinis<\/p>\n<p>&#8211; teis\u0117sauga<\/p>\n<p>&#8211; shaudymas<\/p>\n<p>&#8211; prie\u017ei\u016bra ir remontas<\/p>\n<p>Atitinka CE EN388: 2016 3121<\/p>\n","protected":false},"excerpt":{"rendered":"<p>Taktin\u0117s pir\u0161tin\u0117s Mechaniks Original MultiCam Black<\/p>\n<p>Labai patogios ir patvarios taktin\u0117s pir\u0161tin\u0117s Mechaniks Multicamount Black.<\/p>\n<p>Vir\u0161utin\u0117 trekdry pir\u0161tini\u0173 med\u017eiaga yra gerai kv\u0117puojanti ir i\u0161laiko rankas sausas.<\/p>\n<p>Delnas: patvari mikropluo\u0161to sintetin\u0117 oda, be si\u016bli\u0173.<\/p>\n<p>Rieshas su TPR skydeliu ir Velcro tvirtinu.<\/p>\n<p>Kilpa pir\u0161tin\u0117ms pakabinti naudojant karabin\u0105.<\/p>\n<p>Pir\u0161tines galima skalbti ma\u0161inoje.<\/p>\n<p>Kindad t\u00f6\u00f6tavad puutetundlike ekraanidega.<\/p>\n<p>Multicamate Juoda \u012f kamuflia\u017eas juodos spalvos.<\/p>\n<p>Pagrindin\u0117s taikymo sritys:<\/p>\n<p>karinis<\/p>\n<p>&#8211; teis\u0117sauga<\/p>\n<p>&#8211; shaudymas<\/p>\n<p>priezhiastra ir remontas<\/p>\n<p>ATTINKA CE EN388: 2016 3121<\/p>\n","protected":false},"featured_media":115846,"template":"","meta":{"_acf_changed":false},"product_brand":[],"product_cat":[1234],"product_tag":[],"class_list":{"0":"post-151998","1":"product","2":"type-product","3":"status-publish","4":"has-post-thumbnail","6":"product_cat-pirstines","8":"first","9":"instock","10":"sale","11":"taxable","12":"shipping-taxable","13":"purchasable","14":"product-type-variable","15":"has-default-attributes"},"acf":[],"_links":{"self":[{"href":"https:\/\/kingarms.ee\/lt\/wp-json\/wp\/v2\/product\/151998","targetHints":{"allow":["GET"]}}],"collection":[{"href":"https:\/\/kingarms.ee\/lt\/wp-json\/wp\/v2\/product"}],"about":[{"href":"https:\/\/kingarms.ee\/lt\/wp-json\/wp\/v2\/types\/product"}],"wp:featuredmedia":[{"embeddable":true,"href":"https:\/\/kingarms.ee\/lt\/wp-json\/wp\/v2\/media\/115846"}],"wp:attachment":[{"href":"https:\/\/kingarms.ee\/lt\/wp-json\/wp\/v2\/media?parent=151998"}],"wp:term":[{"taxonomy":"product_brand","embeddable":true,"href":"https:\/\/kingarms.ee\/lt\/wp-json\/wp\/v2\/product_brand?post=151998"},{"taxonomy":"product_cat","embeddable":true,"href":"https:\/\/kingarms.ee\/lt\/wp-json\/wp\/v2\/product_cat?post=151998"},{"taxonomy":"product_tag","embeddable":true,"href":"https:\/\/kingarms.ee\/lt\/wp-json\/wp\/v2\/product_tag?post=151998"}],"curies":[{"name":"wp","href":"https:\/\/api.w.org\/{rel}","templated":true}]}}