{"id":152019,"date":"2019-07-28T23:54:46","date_gmt":"2025-07-06T14:37:58","guid":{"rendered":"https:\/\/kingarms.ee\/product\/taktiniai-akiniai-g-amp-g-2\/"},"modified":"2025-07-06T17:37:58","modified_gmt":"2025-07-06T14:37:58","slug":"taktiniai-akiniai-g-amp-g-2","status":"publish","type":"product","link":"https:\/\/kingarms.ee\/lt\/product\/taktiniai-akiniai-g-amp-g-2\/","title":{"rendered":"Taktiniai akiniai (G &amp; amp; G)<br><br>"},"content":{"rendered":"<p><a href=\"https:\/\/kingarms.ee\/wp-content\/uploads\/2019\/07\/1152217833_1-300x200.jpg\"><img loading=\"lazy\" decoding=\"async\" class=\"alignnone size-medium wp-image-17614\" src=\"https:\/\/kingarms.ee\/wp-content\/uploads\/2019\/07\/1152217833_1-300x200.jpg\" alt=\"\" width=\"300\" height=\"200\" srcset=\"https:\/\/kingarms.ee\/wp-content\/uploads\/2019\/07\/1152217833_1-300x200.jpg 300w, https:\/\/kingarms.ee\/wp-content\/uploads\/2019\/07\/1152217833_1-150x100.jpg 150w, https:\/\/kingarms.ee\/wp-content\/uploads\/2019\/07\/1152217833_1-500x333.jpg 500w, https:\/\/kingarms.ee\/wp-content\/uploads\/2019\/07\/1152217833_1-768x512.jpg 768w, https:\/\/kingarms.ee\/wp-content\/uploads\/2019\/07\/1152217833_1.jpg 800w\" sizes=\"auto, (max-width: 300px) 100vw, 300px\" \/><\/a><\/p>\n","protected":false},"excerpt":{"rendered":"<p>Taktiniai akiniai (G &amp; amp; G)<\/p>\n<p>G &amp; amp; G ginkluot\u0117s original\u016bs akiniai.<\/p>\n<p> Juodos spalvos r\u0117mas pagamintas i\u0161 sm\u016bgiams atsparaus ABS plastiko, l\u0119\u0161iai-i\u0161 optinio polikarbonato.<\/p>\n<p> L\u0119\u0161iai nei\u0161kraipo, jie patikimai apsaugo akis tiek i\u0161 priekio, tiek i\u0161 \u0161ono.<\/p>\n<p> Ilgis gali b\u016bti reguliuojamas.<\/p>\n<p> Mink\u0161ta gumin\u0117 sag\u0173 juosta.<\/p>\n<p>Funkcija:<\/p>\n<p>R\u0117mo spalva-Juoda<\/p>\n<p>R\u0117mo gamybos med\u017eiaga-ABS plastikas;<\/p>\n<p>L\u0119\u0161i\u0173 gamybos med\u017eiaga-optinis polikarbonatas;<\/p>\n<p>Tinka beveik visiems galvos dyd\u017eiams;<\/p>\n<p>Lengvas, patogus, gerai apsaugo akis;<\/p>\n<p>Ma\u017eas veido u\u017edarymo plotas aplink akis;<\/p>\n<p>Yra sujungtas su dang\u010diu;<\/p>\n<p>Leid\u017eiama \u017eaisti airsoft.<\/p>\n<p><span style=\"color: #ff0000;\">NB!<\/p>\n<p> Produktas n\u0117ra balistin\u0117 aki\u0173 apsauga ir jo naudojimas \u0161iam tikslui nesuderinamas su jo paskirtimi.<\/p>\n<p>Pardav\u0117jas ir gamintojas n\u0117ra atsakingi u\u017e produkto naudojim\u0105 vartotojo akims apsaugoti airsoft \u017eaidimuose naudojant airsoft kopijas.<\/p>\n<p> Tai taip pat taikoma galimoms vartotojo sveikatos problemoms ar turtinei \u017ealai, o skundas d\u0117l produkto netaikomas.<\/p>\n<p><\/span><\/p>\n","protected":false},"featured_media":110842,"template":"","meta":{"_acf_changed":false},"product_brand":[],"product_cat":[1211],"product_tag":[],"class_list":{"0":"post-152019","1":"product","2":"type-product","3":"status-publish","4":"has-post-thumbnail","6":"product_cat-airsoft-akiniai","8":"first","9":"instock","10":"taxable","11":"shipping-taxable","12":"purchasable","13":"product-type-simple"},"acf":[],"_links":{"self":[{"href":"https:\/\/kingarms.ee\/lt\/wp-json\/wp\/v2\/product\/152019","targetHints":{"allow":["GET"]}}],"collection":[{"href":"https:\/\/kingarms.ee\/lt\/wp-json\/wp\/v2\/product"}],"about":[{"href":"https:\/\/kingarms.ee\/lt\/wp-json\/wp\/v2\/types\/product"}],"wp:featuredmedia":[{"embeddable":true,"href":"https:\/\/kingarms.ee\/lt\/wp-json\/wp\/v2\/media\/110842"}],"wp:attachment":[{"href":"https:\/\/kingarms.ee\/lt\/wp-json\/wp\/v2\/media?parent=152019"}],"wp:term":[{"taxonomy":"product_brand","embeddable":true,"href":"https:\/\/kingarms.ee\/lt\/wp-json\/wp\/v2\/product_brand?post=152019"},{"taxonomy":"product_cat","embeddable":true,"href":"https:\/\/kingarms.ee\/lt\/wp-json\/wp\/v2\/product_cat?post=152019"},{"taxonomy":"product_tag","embeddable":true,"href":"https:\/\/kingarms.ee\/lt\/wp-json\/wp\/v2\/product_tag?post=152019"}],"curies":[{"name":"wp","href":"https:\/\/api.w.org\/{rel}","templated":true}]}}