{"id":152037,"date":"2019-11-18T17:27:48","date_gmt":"2025-07-06T14:45:07","guid":{"rendered":"https:\/\/kingarms.ee\/product\/excite-razor\/"},"modified":"2025-07-06T17:45:07","modified_gmt":"2025-07-06T14:45:07","slug":"excite-razor","status":"publish","type":"product","link":"https:\/\/kingarms.ee\/lt\/product\/excite-razor\/","title":{"rendered":"EXCITE (Razor)"},"content":{"rendered":"<p><a href=\"https:\/\/kingarms.ee\/wp-content\/uploads\/2019\/11\/air-pistol-razorgun-excite-4-5-mm-bbs-co2-f2bb50d275f44b64aa5ae9f8144625c0-b5e9973f-300x225.jpg\"><img loading=\"lazy\" decoding=\"async\" class=\"alignnone size-medium wp-image-22109\" src=\"https:\/\/kingarms.ee\/wp-content\/uploads\/2019\/11\/air-pistol-razorgun-excite-4-5-mm-bbs-co2-f2bb50d275f44b64aa5ae9f8144625c0-b5e9973f-300x225.jpg\" alt=\"\" width=\"300\" height=\"225\" srcset=\"https:\/\/kingarms.ee\/wp-content\/uploads\/2019\/11\/air-pistol-razorgun-excite-4-5-mm-bbs-co2-f2bb50d275f44b64aa5ae9f8144625c0-b5e9973f-300x225.jpg 300w, https:\/\/kingarms.ee\/wp-content\/uploads\/2019\/11\/air-pistol-razorgun-excite-4-5-mm-bbs-co2-f2bb50d275f44b64aa5ae9f8144625c0-b5e9973f-150x113.jpg 150w, https:\/\/kingarms.ee\/wp-content\/uploads\/2019\/11\/air-pistol-razorgun-excite-4-5-mm-bbs-co2-f2bb50d275f44b64aa5ae9f8144625c0-b5e9973f-500x375.jpg 500w, https:\/\/kingarms.ee\/wp-content\/uploads\/2019\/11\/air-pistol-razorgun-excite-4-5-mm-bbs-co2-f2bb50d275f44b64aa5ae9f8144625c0-b5e9973f-768x576.jpg 768w, https:\/\/kingarms.ee\/wp-content\/uploads\/2019\/11\/air-pistol-razorgun-excite-4-5-mm-bbs-co2-f2bb50d275f44b64aa5ae9f8144625c0-b5e9973f-600x450.jpg 600w, https:\/\/kingarms.ee\/wp-content\/uploads\/2019\/11\/air-pistol-razorgun-excite-4-5-mm-bbs-co2-f2bb50d275f44b64aa5ae9f8144625c0-b5e9973f.jpg 1000w\" sizes=\"auto, (max-width: 300px) 100vw, 300px\" \/><\/a><\/p>\n","protected":false},"excerpt":{"rendered":"<p>EXCITE (Razor)<\/p>\n<p>Gamintojas: Razor (Taivanas)<\/p>\n<p>Kalibras: 4.5 mm (.177)<\/p>\n<p>Veikimo principas: duj\u0173 balion\u0173 pneumatika<\/p>\n<p>Energijos \u0161altinis: CO2-duj\u0173 12 gram\u0173 koply\u010dios<\/p>\n<p>Snukio energija: iki 3 J<\/p>\n<p>Sprogstamoji med\u017eiaga: BB rutuliai 4,5 mm<\/p>\n<p>D\u0117klo talpa: 19<\/p>\n<p>U\u017eraktas: kilnojamas<\/p>\n<p>Sm\u016bgis: arba<\/p>\n<p>\u0160audymo greitis: 115 m \/ s<\/p>\n<p>Med\u017eiaga: k\u016bno Plastikas; plastikin\u0117 rankena<\/p>\n<p>\u0160oko ir paleidimo mechanizmas: vienas veiksmas<\/p>\n<p>Fotografavimo re\u017eimas: pusiau automatinis<\/p>\n<p>Apsauga: Neautomatinis, mygtukas<\/p>\n<p>Atrakcionai: nereguliuojamas reg\u0117jimas ir skraidymas, balti ta\u0161kai<\/p>\n<p>Lent\u0173 Aud\u0117jas \/ Picatinny: taip, po statine<\/p>\n<p>Ilgis: 180 mm<\/p>\n<p>Svoris: 500 g<\/p>\n","protected":false},"featured_media":111821,"template":"","meta":{"_acf_changed":false},"product_brand":[],"product_cat":[1142,1143],"product_tag":[],"class_list":{"0":"post-152037","1":"product","2":"type-product","3":"status-publish","4":"has-post-thumbnail","6":"product_cat-oro-ginklai","7":"product_cat-rankinis-ginklas","9":"first","10":"instock","11":"taxable","12":"shipping-taxable","13":"purchasable","14":"product-type-simple"},"acf":[],"_links":{"self":[{"href":"https:\/\/kingarms.ee\/lt\/wp-json\/wp\/v2\/product\/152037","targetHints":{"allow":["GET"]}}],"collection":[{"href":"https:\/\/kingarms.ee\/lt\/wp-json\/wp\/v2\/product"}],"about":[{"href":"https:\/\/kingarms.ee\/lt\/wp-json\/wp\/v2\/types\/product"}],"wp:featuredmedia":[{"embeddable":true,"href":"https:\/\/kingarms.ee\/lt\/wp-json\/wp\/v2\/media\/111821"}],"wp:attachment":[{"href":"https:\/\/kingarms.ee\/lt\/wp-json\/wp\/v2\/media?parent=152037"}],"wp:term":[{"taxonomy":"product_brand","embeddable":true,"href":"https:\/\/kingarms.ee\/lt\/wp-json\/wp\/v2\/product_brand?post=152037"},{"taxonomy":"product_cat","embeddable":true,"href":"https:\/\/kingarms.ee\/lt\/wp-json\/wp\/v2\/product_cat?post=152037"},{"taxonomy":"product_tag","embeddable":true,"href":"https:\/\/kingarms.ee\/lt\/wp-json\/wp\/v2\/product_tag?post=152037"}],"curies":[{"name":"wp","href":"https:\/\/api.w.org\/{rel}","templated":true}]}}