{"id":152038,"date":"2019-11-01T18:05:48","date_gmt":"2025-07-06T14:45:18","guid":{"rendered":"https:\/\/kingarms.ee\/product\/remington-jg01-atsparus-vandeniui\/"},"modified":"2025-07-06T17:45:18","modified_gmt":"2025-07-06T14:45:18","slug":"remington-jg01-atsparus-vandeniui","status":"publish","type":"product","link":"https:\/\/kingarms.ee\/lt\/product\/remington-jg01-atsparus-vandeniui\/","title":{"rendered":"Remington JG01 (atsparus vandeniui)<br><br>"},"content":{"rendered":"<p><a href=\"https:\/\/kingarms.ee\/wp-content\/uploads\/2019\/11\/577984b85f2bb6c91e860ea4bd97c59b-300x200.jpg\"><img loading=\"lazy\" decoding=\"async\" class=\"alignnone size-medium wp-image-19279\" src=\"https:\/\/kingarms.ee\/wp-content\/uploads\/2019\/11\/577984b85f2bb6c91e860ea4bd97c59b-300x200.jpg\" alt=\"\" width=\"300\" height=\"200\" srcset=\"https:\/\/kingarms.ee\/wp-content\/uploads\/2019\/11\/577984b85f2bb6c91e860ea4bd97c59b-300x200.jpg 300w, https:\/\/kingarms.ee\/wp-content\/uploads\/2019\/11\/577984b85f2bb6c91e860ea4bd97c59b-150x100.jpg 150w, https:\/\/kingarms.ee\/wp-content\/uploads\/2019\/11\/577984b85f2bb6c91e860ea4bd97c59b-500x333.jpg 500w, https:\/\/kingarms.ee\/wp-content\/uploads\/2019\/11\/577984b85f2bb6c91e860ea4bd97c59b-768x512.jpg 768w, https:\/\/kingarms.ee\/wp-content\/uploads\/2019\/11\/577984b85f2bb6c91e860ea4bd97c59b.jpg 1024w\" sizes=\"auto, (max-width: 300px) 100vw, 300px\" \/><\/a><\/p>\n","protected":false},"excerpt":{"rendered":"<p>Remington JG01 (veekindlad)<\/p>\n<p>Remington assault batai tinka tiems, kurie nenori pasiduoti net vasar\u0105 d\u0117l profesini\u0173 aplinkybi\u0173 ar asmenin\u0117s priklausomyb\u0117s.<\/p>\n<p>\u0160iuose batuose kojos ne\u012fkaista d\u0117l kombinuoto vir\u0161aus, kur\u012f sudaro nat\u016brali oda ir Cordura Audinys.<\/p>\n<p> Tekstil\u0117s med\u017eiaga atsparus dilimui greitai d\u017ei\u016bstantis pamu\u0161alas.<\/p>\n<p>Bat\u0173 padas Pagamintas i\u0161 termoplastin\u0117s gumos (TEP) ir turi i\u0161vystyt\u0105 protektori\u0173, kuris puikiai tinka dr\u0117gnai \u017eolei pelk\u0117se, slid\u017eiuose kaln\u0173 \u0161laituose ir purioje dirvoje.<\/p>\n<p> Plati metalin\u0117 arkos atrama puikiai palaiko p\u0117dos ark\u0105, sustiprinta nugara ir pir\u0161to galiukas, pagamintas i\u0161 termoplastin\u0117s med\u017eiagos, apsaugo p\u0117d\u0105 nuo akmens \u0161iuk\u0161li\u0173.<\/p>\n<p> Pamu\u0161alas: nat\u016bralus atsparus dilimui ir greitai d\u017ei\u016bstantis.<\/p>\n<p> Vienintelis tvirtinimo b\u016bdas: klijai.<\/p>\n<p> Kur\u010di\u0173j\u0173 vo\u017etuvas (lie\u017euvis) apsaugo p\u0117d\u0105 nuo aplinkos poveikio (dulki\u0173, vandens, purvo).<\/p>\n<p> Bat\u0173 vidus pagamintas i\u0161 V\u0116SIOSDAUGIAUSIA prakaito audinio.<\/p>\n<p> Vieno bato svoris yra 0,86 kg<\/p>\n","protected":false},"featured_media":111575,"template":"","meta":{"_acf_changed":false},"product_brand":[],"product_cat":[1228],"product_tag":[],"class_list":{"0":"post-152038","1":"product","2":"type-product","3":"status-publish","4":"has-post-thumbnail","6":"product_cat-batai","8":"first","9":"instock","10":"sale","11":"taxable","12":"shipping-taxable","13":"purchasable","14":"product-type-simple"},"acf":[],"_links":{"self":[{"href":"https:\/\/kingarms.ee\/lt\/wp-json\/wp\/v2\/product\/152038","targetHints":{"allow":["GET"]}}],"collection":[{"href":"https:\/\/kingarms.ee\/lt\/wp-json\/wp\/v2\/product"}],"about":[{"href":"https:\/\/kingarms.ee\/lt\/wp-json\/wp\/v2\/types\/product"}],"wp:featuredmedia":[{"embeddable":true,"href":"https:\/\/kingarms.ee\/lt\/wp-json\/wp\/v2\/media\/111575"}],"wp:attachment":[{"href":"https:\/\/kingarms.ee\/lt\/wp-json\/wp\/v2\/media?parent=152038"}],"wp:term":[{"taxonomy":"product_brand","embeddable":true,"href":"https:\/\/kingarms.ee\/lt\/wp-json\/wp\/v2\/product_brand?post=152038"},{"taxonomy":"product_cat","embeddable":true,"href":"https:\/\/kingarms.ee\/lt\/wp-json\/wp\/v2\/product_cat?post=152038"},{"taxonomy":"product_tag","embeddable":true,"href":"https:\/\/kingarms.ee\/lt\/wp-json\/wp\/v2\/product_tag?post=152038"}],"curies":[{"name":"wp","href":"https:\/\/api.w.org\/{rel}","templated":true}]}}