{"id":152040,"date":"2022-03-24T02:04:08","date_gmt":"2025-07-06T14:46:46","guid":{"rendered":"https:\/\/kingarms.ee\/product\/stiprinats-raditajpirksts-un-ikskis\/"},"modified":"2025-07-06T17:46:46","modified_gmt":"2025-07-06T14:46:46","slug":"stiprinats-raditajpirksts-un-ikskis","status":"publish","type":"product","link":"https:\/\/kingarms.ee\/lt\/product\/stiprinats-raditajpirksts-un-ikskis\/","title":{"rendered":"Stiprin\u0101ts r\u0101d\u012bt\u0101jpirksts un \u012bk\u0161\u0137is."},"content":{"rendered":"<p>L\u00f6\u00f6ke neelavad ja vibratsiooni summutavad kindad avatud elastse randmemehhanismiga m-Pact &#8221; s avatud mansett<strong> <\/strong>tinka naudotitialvairiose darbo srityse.<\/p>\n<p>Kindapolster ja TPR paneelid kaitsevad muhkude ja kriimustuste eest.<\/p>\n<p>Trekdry-materjalist pealispind hoiab k\u00e4ed kuivad ja mugavad.<\/p>\n<p>D30. plokshtates delne sugeria smaladgius ir vibracijas.<\/p>\n<p>Labai patvarus sintetin\u0117s odos delnas su Armorteksraid armat\u016bros skydeliu.<\/p>\n<p>Sustiprintas rodomasis pir\u0161tas ir nyk\u0161tis.<\/p>\n<p>Pir\u0161tin\u0117s veikia su jutikliniais ekranais.<\/p>\n<p>Pir\u0161tines galima skalbti ma\u0161inoje.<\/p>\n<p>Pagrindin\u0117s taikymo sritys:<\/p>\n<p>&#8211; Automobili\u0173 remontas<\/p>\n<p>\u2013 statyba<\/p>\n<p>&#8211; prie\u017ei\u016bra ir remontas<\/p>\n<p>\u2013 gamyba<\/p>\n<p>&#8211; tvarkymo \u012frankiai<\/p>\n<p>Atitinka standart\u0105: CE EN388 3121<\/p>\n<p>EN 13594<\/p>\n","protected":false},"excerpt":{"rendered":"<p>Sm\u016bgius sugerian\u010dios ir vibracij\u0105 slopinan\u010dios pir\u0161tin\u0117s su atviru Elastiniu rie\u0161o mechanizmu m-Pact &#8221; s Open Cuff<strong> <\/strong>tinka naudoti \u012fvairiose darbo srityse.<\/p>\n<p>Pir\u0161tin\u0117s apmu\u0161alai ir TPR plok\u0161t\u0117s apsaugo nuo sm\u016bgi\u0173 ir \u012fbr\u0117\u017eim\u0173.<\/p>\n<p>Trekdry-med\u017eiagos vir\u0161utin\u0117 dalis i\u0161laiko rankas sausas ir patogias.<\/p>\n<p>D30. plok\u0161t\u0117s delne sugeria sm\u016bgius ir vibracijas.<\/p>\n<p>Laba patvarus sintetinetics odos delnas su Armorteksraid armatatratros skydeliu.<\/p>\n<p>Stiprintas rodomasis pirshtas ir nykshtis.<\/p>\n<p>Kindad t\u00f6\u00f6tavad puutetundlike ekraanidega.<\/p>\n<p>Pirshtines galima skalbti mashinoye.<\/p>\n<p>Peamised rakendusvaldkonnad:<\/p>\n<p>&#8211; Automobili\u0173 remontas<\/p>\n<p>&#8211; statyba<\/p>\n<p>priezhiastra ir remontas<\/p>\n<p>&#8211; gamyba<\/p>\n<p>&#8211; tvarkymoestrankiai<\/p>\n<p>ATTINKA standartas: CE EN388 3121<\/p>\n<p>EN 13594<\/p>\n","protected":false},"featured_media":115820,"template":"","meta":{"_acf_changed":false},"product_brand":[],"product_cat":[1234],"product_tag":[],"class_list":{"0":"post-152040","1":"product","2":"type-product","3":"status-publish","4":"has-post-thumbnail","6":"product_cat-pirstines","8":"first","9":"instock","10":"sale","11":"taxable","12":"shipping-taxable","13":"purchasable","14":"product-type-variable","15":"has-default-attributes"},"acf":[],"_links":{"self":[{"href":"https:\/\/kingarms.ee\/lt\/wp-json\/wp\/v2\/product\/152040","targetHints":{"allow":["GET"]}}],"collection":[{"href":"https:\/\/kingarms.ee\/lt\/wp-json\/wp\/v2\/product"}],"about":[{"href":"https:\/\/kingarms.ee\/lt\/wp-json\/wp\/v2\/types\/product"}],"wp:featuredmedia":[{"embeddable":true,"href":"https:\/\/kingarms.ee\/lt\/wp-json\/wp\/v2\/media\/115820"}],"wp:attachment":[{"href":"https:\/\/kingarms.ee\/lt\/wp-json\/wp\/v2\/media?parent=152040"}],"wp:term":[{"taxonomy":"product_brand","embeddable":true,"href":"https:\/\/kingarms.ee\/lt\/wp-json\/wp\/v2\/product_brand?post=152040"},{"taxonomy":"product_cat","embeddable":true,"href":"https:\/\/kingarms.ee\/lt\/wp-json\/wp\/v2\/product_cat?post=152040"},{"taxonomy":"product_tag","embeddable":true,"href":"https:\/\/kingarms.ee\/lt\/wp-json\/wp\/v2\/product_tag?post=152040"}],"curies":[{"name":"wp","href":"https:\/\/api.w.org\/{rel}","templated":true}]}}