{"id":152099,"date":"2022-03-23T02:50:53","date_gmt":"2025-07-06T15:12:15","guid":{"rendered":"https:\/\/kingarms.ee\/product\/taktines-pirstines-mechaniks-originalus-misko-camo\/"},"modified":"2025-07-06T18:12:15","modified_gmt":"2025-07-06T15:12:15","slug":"taktines-pirstines-mechaniks-originalus-misko-camo","status":"publish","type":"product","link":"https:\/\/kingarms.ee\/lt\/product\/taktines-pirstines-mechaniks-originalus-misko-camo\/","title":{"rendered":"Taktin\u0117s pir\u0161tin\u0117s Mechaniks originalus mi\u0161ko Camo"},"content":{"rendered":"<p>Darbai patogios ir patvarios taktinalums pirshtinalums Mechaniks originalus Mishko Camo.<\/p>\n<p>Forest Camo camouflage trekdry kinnaste pealismaterjal on h\u00e4sti hingav ja hoiab k\u00e4ed kuivana.<\/p>\n<p>Delnas: 0.8 mm sintetinaveras odos delnas neturi sierkliaatti, geras prislietimas IR Laba patvarus.<\/p>\n<p>Sustiprintas nyk\u0161\u010diu ir smiliumi.<\/p>\n<p>Rieshas su TPR skydeliu ir Velcro tvirtinu.<\/p>\n<p>Kilpa pir\u0161tin\u0117ms pakabinti naudojant karabin\u0105.<\/p>\n<p>Pirshtines galima skalbti mashinoye.<\/p>\n<p>CE EN 3121<\/p>\n","protected":false},"excerpt":{"rendered":"<p>Labai patogios ir patvarios taktin\u0117s pir\u0161tin\u0117s Mechaniks originalus mi\u0161ko Camo.<\/p>\n<p>Vir\u0161utin\u0117 mi\u0161ko Camo kamuflia\u017eini\u0173 trekdry pir\u0161tini\u0173 med\u017eiaga yra gerai kv\u0117puojanti ir i\u0161laiko rankas sausas.<\/p>\n<p>Delnas: 0,8 mm sintetin\u0117s odos delnas neturi si\u016bli\u0173, geras prisilietimas ir labai patvarus.<\/p>\n<p>Sustiprintas nykshalamatiu ir smilium.<\/p>\n<p>Rieshas su TPR skydeliu ir Velcro tvirtinu.<\/p>\n<p>Kilpa pir\u0161tin\u0117ms pakabinti naudojant karabin\u0105.<\/p>\n<p>Pirshtines galima skalbti mashinoye.<\/p>\n<p>CE EN 3121<\/p>\n","protected":false},"featured_media":115744,"template":"","meta":{"_acf_changed":false},"product_brand":[],"product_cat":[1234],"product_tag":[],"class_list":{"0":"post-152099","1":"product","2":"type-product","3":"status-publish","4":"has-post-thumbnail","6":"product_cat-pirstines","8":"first","9":"instock","10":"sale","11":"taxable","12":"shipping-taxable","13":"purchasable","14":"product-type-variable","15":"has-default-attributes"},"acf":[],"_links":{"self":[{"href":"https:\/\/kingarms.ee\/lt\/wp-json\/wp\/v2\/product\/152099","targetHints":{"allow":["GET"]}}],"collection":[{"href":"https:\/\/kingarms.ee\/lt\/wp-json\/wp\/v2\/product"}],"about":[{"href":"https:\/\/kingarms.ee\/lt\/wp-json\/wp\/v2\/types\/product"}],"wp:featuredmedia":[{"embeddable":true,"href":"https:\/\/kingarms.ee\/lt\/wp-json\/wp\/v2\/media\/115744"}],"wp:attachment":[{"href":"https:\/\/kingarms.ee\/lt\/wp-json\/wp\/v2\/media?parent=152099"}],"wp:term":[{"taxonomy":"product_brand","embeddable":true,"href":"https:\/\/kingarms.ee\/lt\/wp-json\/wp\/v2\/product_brand?post=152099"},{"taxonomy":"product_cat","embeddable":true,"href":"https:\/\/kingarms.ee\/lt\/wp-json\/wp\/v2\/product_cat?post=152099"},{"taxonomy":"product_tag","embeddable":true,"href":"https:\/\/kingarms.ee\/lt\/wp-json\/wp\/v2\/product_tag?post=152099"}],"curies":[{"name":"wp","href":"https:\/\/api.w.org\/{rel}","templated":true}]}}