{"id":152124,"date":"2022-03-23T02:38:33","date_gmt":"2025-07-06T15:25:27","guid":{"rendered":"https:\/\/kingarms.ee\/product\/taktines-pirstines-mechaniks-original-multicam\/"},"modified":"2025-07-06T18:25:27","modified_gmt":"2025-07-06T15:25:27","slug":"taktines-pirstines-mechaniks-original-multicam","status":"publish","type":"product","link":"https:\/\/kingarms.ee\/lt\/product\/taktines-pirstines-mechaniks-original-multicam\/","title":{"rendered":"Taktin\u0117s pir\u0161tin\u0117s Mechaniks Original MultiCam"},"content":{"rendered":"<p>Labaipatogios ir patvarios taktinalums pirshtinalums Mechaniks originalus MultiCam.<\/p>\n<p>MultiCam camouflage trekdry kinnaste pealismaterjal on h\u00e4sti hingav ja hoiab k\u00e4ed kuivana.<\/p>\n<p>Delnas: Laba patvari 0,8 mm mikropluo\u0161to sintetinulate ietis, b\u016bti sierkliaate.<\/p>\n<p>Rieshas su TPR skydeliu ir Velcro tvirtinu.<\/p>\n<p>Kilpa pir\u0161tin\u0117ms pakabinti naudojant karabin\u0105.<\/p>\n<p>Pirshtines galima skalbti mashinoye.<\/p>\n<p>Peamised rakendusvaldkonnad:<\/p>\n<p>karinis<\/p>\n<p>&#8211; teis\u0117sauga<\/p>\n<p>&#8211; \u0160audymo Sportas<\/p>\n<p>priezhiastra ir remontas<\/p>\n","protected":false},"excerpt":{"rendered":"<p>Labai patogios ir patvarios taktin\u0117s pir\u0161tin\u0117s Mechaniks Original MultiCam.<\/p>\n<p>Vir\u0161utin\u0117 MultiCam kamuflia\u017eini\u0173 trekdry pir\u0161tini\u0173 med\u017eiaga yra gerai kv\u0117puojanti ir i\u0161laiko rankas sausas.<\/p>\n<p>Delnas: labai patvari 0,8 mm mikropluo\u0161to sintetin\u0117 oda, be si\u016bli\u0173.<\/p>\n<p>Rieshas su TPR skydeliu ir Velcro tvirtinu.<\/p>\n<p>Kilpa pir\u0161tin\u0117ms pakabinti naudojant karabin\u0105.<\/p>\n<p>Pirshtines galima skalbti mashinoye.<\/p>\n<p>Peamised rakendusvaldkonnad:<\/p>\n<p>karinis<\/p>\n<p>&#8211; teis\u0117sauga<\/p>\n<p>&#8211; \u0160audymo Sportas<\/p>\n<p>priezhiastra ir remontas<\/p>\n","protected":false},"featured_media":115728,"template":"","meta":{"_acf_changed":false},"product_brand":[],"product_cat":[1234],"product_tag":[],"class_list":{"0":"post-152124","1":"product","2":"type-product","3":"status-publish","4":"has-post-thumbnail","6":"product_cat-pirstines","8":"first","9":"instock","10":"sale","11":"taxable","12":"shipping-taxable","13":"purchasable","14":"product-type-variable","15":"has-default-attributes"},"acf":[],"_links":{"self":[{"href":"https:\/\/kingarms.ee\/lt\/wp-json\/wp\/v2\/product\/152124","targetHints":{"allow":["GET"]}}],"collection":[{"href":"https:\/\/kingarms.ee\/lt\/wp-json\/wp\/v2\/product"}],"about":[{"href":"https:\/\/kingarms.ee\/lt\/wp-json\/wp\/v2\/types\/product"}],"wp:featuredmedia":[{"embeddable":true,"href":"https:\/\/kingarms.ee\/lt\/wp-json\/wp\/v2\/media\/115728"}],"wp:attachment":[{"href":"https:\/\/kingarms.ee\/lt\/wp-json\/wp\/v2\/media?parent=152124"}],"wp:term":[{"taxonomy":"product_brand","embeddable":true,"href":"https:\/\/kingarms.ee\/lt\/wp-json\/wp\/v2\/product_brand?post=152124"},{"taxonomy":"product_cat","embeddable":true,"href":"https:\/\/kingarms.ee\/lt\/wp-json\/wp\/v2\/product_cat?post=152124"},{"taxonomy":"product_tag","embeddable":true,"href":"https:\/\/kingarms.ee\/lt\/wp-json\/wp\/v2\/product_tag?post=152124"}],"curies":[{"name":"wp","href":"https:\/\/api.w.org\/{rel}","templated":true}]}}