{"id":152192,"date":"2022-03-28T16:14:13","date_gmt":"2025-07-19T11:39:03","guid":{"rendered":"https:\/\/kingarms.ee\/product\/automatas-mk-xb86-man-kung\/"},"modified":"2025-07-19T14:39:03","modified_gmt":"2025-07-19T11:39:03","slug":"automatas-mk-xb86-man-kung","status":"publish","type":"product","link":"https:\/\/kingarms.ee\/lt\/product\/automatas-mk-xb86-man-kung\/","title":{"rendered":"Automatas MK-XB86 (Man Kung)"},"content":{"rendered":"<p>MK-86 (vyras Kung)<\/p>\n<p>185 SVARAI-370 KADR\u0172 PER SEKUND\u0118. Kombinuotas Lankininko \u0161autuvas Man kung MK-86BK yra vienas i\u0161 naujausi\u0173 m\u016bs\u0173 modeli\u0173. Pagal konstrukcij\u0105 \u0161is Lankininko \u0161autuvas yra MK-HB52BK ir MK-380 modelio derinys. Lanko dalis yra pana\u0161i \u012f MK-52BK ir turi skirtingus guminius amortizatorius. Stiebo ir statin\u0117s dalis yra pana\u0161i \u012f MK-380, ta\u010diau yra atviresn\u0117. Kaip ir MK-380 ir MK-52BK, atatrankos duslintuve yra atatrankos duslintuvas, kad gal\u0117tum\u0117te patogiai \u0161audyti. \u0160is lankininkas yra su taikikliu, dir\u017eeliu, virpuliu, Gaid\u017eio juosta ir 4 aliuminio rodykl\u0117mis. D\u0117l didelio grei\u010dio jis ypa\u010d tinka patyrusiems \u0161auliams.       <\/p>\n<p>Traukimo Svoris: 185 Svarai ( 83 kg).<\/p>\n<p>Greitis: 370 FPS &#8211; 113 m \/ s.<\/p>\n<p>Tikslus iki 90 metr\u0173<\/p>\n<p>Apsauga nuo sausos ugnies<\/p>\n<p>Svoris: 3561 gramas<\/p>\n<p>Ilgis: 94.0 cm<\/p>\n<p>Plotis: 54,6 cm<\/p>\n<p>B\u0117gio tipas: 20 mm Picatinny<\/p>\n<p>Stiklo pluo\u0161to gal\u016bn\u0117s<\/p>\n<p>Aliuminio vamzdis<\/p>\n<p>2 met\u0173 gamintojo garantija + 1 met\u0173 KingArms garantija<\/p>\n<p>\u0160is produktas gali b\u016bti neleid\u017eiamas j\u016bs\u0173 \u0161alyje, patikrinkite \u012fstatymus ir kitus teis\u0117s aktus.<\/p>\n<p>Komplekte yra 4h32 taikiklis (taikiklio gamintojas gali skirtis)<\/p>\n","protected":false},"excerpt":{"rendered":"<p>MK-86 (vyras Kung)<\/p>\n<p>185 SVARAI-370 KADRATE PER SEKUNKTEMBER. Kombinuotas lankininkas vyras kung MK-86bk yra vienas ish naujausiame maugsaume modeliadate. Pagal konstruktcijate Shis lankininkas \u012f yra MK-HB52BK ir MK-380 modelio derinys. Lanko dalis yra panashiavate MK-52bk ir turi grindjuostes guminius amortizatorius. Stiebo ir statinatures dalis yra panashiaate MK-380, taaletiau yra atviresnalad. Kaip IR MK-380 ir MK-52bk, atatrankos duslintuve yra atatrankos duslintuvas, kad galulattumumpte patogiai shaudyti. Shis lankininkas yra su taikikliu, dirzheliu, virpuliu, Gaidzhio juosta IR 4 aliuminio rodyklankmis. Data didelio greialgio jis ypaumber tinka patyrusiems shauliams.       <\/p>\n<p>Traumo Svoris: 185 Svarai (83 kg).<\/p>\n<p>Greitis: 370 kadr\u0173 per sekund\u0119 &#8211; 113 m \/ s.<\/p>\n<p>Pa\u017eymint iki 90 Metro,<\/p>\n<p>Apsauga nuo sausos ugnies<\/p>\n<p>Svoris: 3561 gramas<\/p>\n<p>Ilgis: 94.0 cm<\/p>\n<p>Sklypas: 54,6 cm<\/p>\n<p>Raudtee t\u00fc\u00fcp: 20mm Picatinny<\/p>\n<p>Stiklo pluoshto<\/p>\n<p>Aliuminio vamzdis<\/p>\n<p>2 metate gamintojo garantija + 1 metate KingArms garantija<\/p>\n<p>\u0160is produktas gali b\u016bti neleid\u017eiamas j\u016bs\u0173 \u0161alyje, patikrinkite \u012fstatymus ir kitus teis\u0117s aktus.<\/p>\n<p>Komplekte yra 4h32 taikiklis (taikiklio gamintojas gali skirtis)<\/p>\n","protected":false},"featured_media":115884,"template":"","meta":{"_acf_changed":false},"product_brand":[],"product_cat":[1151,1152],"product_tag":[],"class_list":{"0":"post-152192","1":"product","2":"type-product","3":"status-publish","4":"has-post-thumbnail","6":"product_cat-lankai-ir-skersiniai","7":"product_cat-skersiniai","9":"first","10":"instock","11":"sale","12":"taxable","13":"shipping-taxable","14":"purchasable","15":"product-type-simple"},"acf":[],"_links":{"self":[{"href":"https:\/\/kingarms.ee\/lt\/wp-json\/wp\/v2\/product\/152192","targetHints":{"allow":["GET"]}}],"collection":[{"href":"https:\/\/kingarms.ee\/lt\/wp-json\/wp\/v2\/product"}],"about":[{"href":"https:\/\/kingarms.ee\/lt\/wp-json\/wp\/v2\/types\/product"}],"wp:featuredmedia":[{"embeddable":true,"href":"https:\/\/kingarms.ee\/lt\/wp-json\/wp\/v2\/media\/115884"}],"wp:attachment":[{"href":"https:\/\/kingarms.ee\/lt\/wp-json\/wp\/v2\/media?parent=152192"}],"wp:term":[{"taxonomy":"product_brand","embeddable":true,"href":"https:\/\/kingarms.ee\/lt\/wp-json\/wp\/v2\/product_brand?post=152192"},{"taxonomy":"product_cat","embeddable":true,"href":"https:\/\/kingarms.ee\/lt\/wp-json\/wp\/v2\/product_cat?post=152192"},{"taxonomy":"product_tag","embeddable":true,"href":"https:\/\/kingarms.ee\/lt\/wp-json\/wp\/v2\/product_tag?post=152192"}],"curies":[{"name":"wp","href":"https:\/\/api.w.org\/{rel}","templated":true}]}}