{"id":152194,"date":"2022-03-01T17:54:35","date_gmt":"2025-07-19T11:42:07","guid":{"rendered":"https:\/\/kingarms.ee\/product\/baofeng-a58-racija\/"},"modified":"2025-07-19T14:42:07","modified_gmt":"2025-07-19T11:42:07","slug":"baofeng-a58-racija","status":"publish","type":"product","link":"https:\/\/kingarms.ee\/lt\/product\/baofeng-a58-racija\/","title":{"rendered":"Baofeng a58 racija"},"content":{"rendered":"<p><img loading=\"lazy\" decoding=\"async\" class=\"alignnone size-medium wp-image-38077\" src=\"https:\/\/kingarms.ee\/wp-content\/uploads\/2022\/03\/eng_pl_BaoFeng-VHF-UHF-BF-A58-Duobander-PTT-Radio-5W-Waterproof-1800-mAh-23359_3-300x300.jpeg\" alt=\"\" width=\"300\" height=\"300\" srcset=\"https:\/\/kingarms.ee\/wp-content\/uploads\/2022\/03\/eng_pl_BaoFeng-VHF-UHF-BF-A58-Duobander-PTT-Radio-5W-Waterproof-1800-mAh-23359_3-300x300.jpeg 300w, https:\/\/kingarms.ee\/wp-content\/uploads\/2022\/03\/eng_pl_BaoFeng-VHF-UHF-BF-A58-Duobander-PTT-Radio-5W-Waterproof-1800-mAh-23359_3-150x150.jpeg 150w, https:\/\/kingarms.ee\/wp-content\/uploads\/2022\/03\/eng_pl_BaoFeng-VHF-UHF-BF-A58-Duobander-PTT-Radio-5W-Waterproof-1800-mAh-23359_3-500x500.jpeg 500w, https:\/\/kingarms.ee\/wp-content\/uploads\/2022\/03\/eng_pl_BaoFeng-VHF-UHF-BF-A58-Duobander-PTT-Radio-5W-Waterproof-1800-mAh-23359_3.jpeg 600w\" sizes=\"auto, (max-width: 300px) 100vw, 300px\" \/><\/p>\n","protected":false},"excerpt":{"rendered":"<p>Auk\u0161tos kokyb\u0117s racijos \u0161okas ir vandeniui atsparus IP67. Darbinis spindulys 10-12km <\/p>\n<p>Produkto apra\u0161ymas:<\/p>\n<p>&#8211; Didelis ir lengvai skaitomas dviej\u0173 eilu\u010di\u0173 ekranas<\/p>\n<p>&#8211; Da\u017enis:<\/p>\n<p>-136-174 MHz-FM perdavimas ir pri\u0117mimas<\/p>\n<p>-400-520 MHz-FM perdavimas ir pri\u0117mimas<\/p>\n<p>&#8211; 65-108 MHz-FM radijo sto\u010di\u0173 pri\u0117mimas<\/p>\n<p>&#8211; Programin\u0117 \u012franga: 291 arba naujesn\u0117 versija<\/p>\n<p>&#8211; 128 kanalai atmintyje<\/p>\n<p>&#8211; Tonas 1750 Hz<\/p>\n<p>&#8211; Tony CTCSS ir DTC re\u017eimas normalus ir apverstas<\/p>\n<p>&#8211; pamaininis darbas (kelion\u0117ms)<\/p>\n<p>&#8211; \u017dingsnis 5, 6.25, 10, 12.5, 25 kHz<\/p>\n<p>&#8211; Klaviat\u016bros u\u017eraktas<\/p>\n<p>&#8211; Dvigubo da\u017enio klausymas (dvigubas \u017ei\u016br\u0117jimas)<\/p>\n<p>&#8211; VOKSO funkcija<\/p>\n<p>&#8211; \u017dibintuv\u0117lis<\/p>\n<p>&#8211; Programuojamas i\u0161 klaviat\u016bros ar kompiuterio<\/p>\n<p>&#8211; Perdavimo galios lygio jungiklis: Auk\u0161tas \/ \u017demas<\/p>\n<p>&#8211; Maksimali perdavimo galia 5 V<\/p>\n<p>&#8211; Baterija: 7.4 V, 1800mAh<\/p>\n<p>\u012e komplekt\u0105 \u012feina:<\/p>\n<p>&#8211; 1 kart\u0105 BF-A58 (dviguba juosta, dvigubas ekranas)<\/p>\n<p>&#8211; 1 baterija 1800 mAh<\/p>\n<p>&#8211; 1 kart\u0173 DUALBAND antena (jei reikia, galima \u012fsigyti ilgesnes)<\/p>\n<p>&#8211; 1 kintamosios srov\u0117s \u012fkroviklis + Akumuliatoriaus \u012fkrovimo stovas<\/p>\n<p>&#8211; Ausin\u0117s su mikrofonu su 1 mygtuko paspaudimu<\/p>\n<p>&#8211; 1 kart\u0105 dir\u017eas<\/p>\n<p>&#8211; 1 dir\u017eo segtukas<\/p>\n","protected":false},"featured_media":136511,"template":"","meta":{"_acf_changed":false},"product_brand":[],"product_cat":[1269],"product_tag":[],"class_list":{"0":"post-152194","1":"product","2":"type-product","3":"status-publish","4":"has-post-thumbnail","6":"product_cat-imtuvai","8":"first","9":"instock","10":"taxable","11":"shipping-taxable","12":"purchasable","13":"product-type-simple"},"acf":[],"_links":{"self":[{"href":"https:\/\/kingarms.ee\/lt\/wp-json\/wp\/v2\/product\/152194","targetHints":{"allow":["GET"]}}],"collection":[{"href":"https:\/\/kingarms.ee\/lt\/wp-json\/wp\/v2\/product"}],"about":[{"href":"https:\/\/kingarms.ee\/lt\/wp-json\/wp\/v2\/types\/product"}],"wp:featuredmedia":[{"embeddable":true,"href":"https:\/\/kingarms.ee\/lt\/wp-json\/wp\/v2\/media\/136511"}],"wp:attachment":[{"href":"https:\/\/kingarms.ee\/lt\/wp-json\/wp\/v2\/media?parent=152194"}],"wp:term":[{"taxonomy":"product_brand","embeddable":true,"href":"https:\/\/kingarms.ee\/lt\/wp-json\/wp\/v2\/product_brand?post=152194"},{"taxonomy":"product_cat","embeddable":true,"href":"https:\/\/kingarms.ee\/lt\/wp-json\/wp\/v2\/product_cat?post=152194"},{"taxonomy":"product_tag","embeddable":true,"href":"https:\/\/kingarms.ee\/lt\/wp-json\/wp\/v2\/product_tag?post=152194"}],"curies":[{"name":"wp","href":"https:\/\/api.w.org\/{rel}","templated":true}]}}