{"id":152213,"date":"2022-11-07T12:22:37","date_gmt":"2025-07-19T12:13:46","guid":{"rendered":"https:\/\/kingarms.ee\/product\/savarankiskai-sildomas-kapucino-42-laipsniu\/"},"modified":"2025-07-19T15:13:46","modified_gmt":"2025-07-19T12:13:46","slug":"savarankiskai-sildomas-kapucino-42-laipsniu","status":"publish","type":"product","link":"https:\/\/kingarms.ee\/lt\/product\/savarankiskai-sildomas-kapucino-42-laipsniu\/","title":{"rendered":"Savaranki\u0161kai \u0161ildomas kapu\u010dino 42 laipsni\u0173"},"content":{"rendered":"","protected":false},"excerpt":{"rendered":"<p>Savaranki\u0161kai \u0161ildomas kapu\u010dino 42 laipsni\u0173<\/p>\n<p>\u0160is kapu\u010dino, pagamintas ekspert\u0173 recept\u0173 k\u016br\u0117jo 42 laipsni\u0173 temperat\u016broje, nustebins ir prad\u017eiugins savo unikalia karamel\u0117s u\u017euomina, kuri nukels \u012f vaikyst\u0119.<\/p>\n<h3>HIGH-QUALITY BEVERAGE IN A SELF-HEATING PATENTED CAN<\/h3>\n<p>42 laipsni\u0173 patentuota savaiminio \u012fkaitimo sistema g\u0117rimo temperat\u016br\u0105 pakelia + 42 oms C vir\u0161 pradin\u0117s temperat\u016bros ma\u017edaug per 3 minutes: pabaigos temperat\u016bra = pradin\u0117 T. + 42 oms C.<br \/>\nMaksimalioje temperat\u016broje jis i\u0161lieka \u0161iltas apie 20 minu\u010di\u0173. Kad ir kur b\u016btum\u0117te, j\u016bs\u0173 laukia kar\u0161tas g\u0117rimas.<\/p>\n<h3>HOW IT WORKS.<\/h3>\n<p>Kontroliuojama egzotermin\u0117 nat\u016brali reakcija vyksta vidin\u0117je skardin\u0117je tarp kalki\u0173 ir spalvoto vandens, kai tik paspaud\u017eiate skardin\u0117s dugn\u0105. D\u0117l skardin\u0117s \u0161ilumos laidumo \u0161iluma lengvai perduodama g\u0117rimui. D\u0117l to skardin\u0117 \u012fkaista ir yra paruo\u0161ta gerti per 3 minutes ir 20 minu\u010di\u0173 i\u0161lieka temperat\u016broje.  <\/p>\n","protected":false},"featured_media":125105,"template":"","meta":{"_acf_changed":false},"product_brand":[],"product_cat":[1249],"product_tag":[],"class_list":{"0":"post-152213","1":"product","2":"type-product","3":"status-publish","4":"has-post-thumbnail","6":"product_cat-savarankiskai-sildantis-gerimas","8":"first","9":"outofstock","10":"taxable","11":"shipping-taxable","12":"purchasable","13":"product-type-simple"},"acf":[],"_links":{"self":[{"href":"https:\/\/kingarms.ee\/lt\/wp-json\/wp\/v2\/product\/152213","targetHints":{"allow":["GET"]}}],"collection":[{"href":"https:\/\/kingarms.ee\/lt\/wp-json\/wp\/v2\/product"}],"about":[{"href":"https:\/\/kingarms.ee\/lt\/wp-json\/wp\/v2\/types\/product"}],"wp:featuredmedia":[{"embeddable":true,"href":"https:\/\/kingarms.ee\/lt\/wp-json\/wp\/v2\/media\/125105"}],"wp:attachment":[{"href":"https:\/\/kingarms.ee\/lt\/wp-json\/wp\/v2\/media?parent=152213"}],"wp:term":[{"taxonomy":"product_brand","embeddable":true,"href":"https:\/\/kingarms.ee\/lt\/wp-json\/wp\/v2\/product_brand?post=152213"},{"taxonomy":"product_cat","embeddable":true,"href":"https:\/\/kingarms.ee\/lt\/wp-json\/wp\/v2\/product_cat?post=152213"},{"taxonomy":"product_tag","embeddable":true,"href":"https:\/\/kingarms.ee\/lt\/wp-json\/wp\/v2\/product_tag?post=152213"}],"curies":[{"name":"wp","href":"https:\/\/api.w.org\/{rel}","templated":true}]}}