{"id":152239,"date":"2020-06-01T16:20:00","date_gmt":"2025-07-19T12:52:29","guid":{"rendered":"https:\/\/kingarms.ee\/product\/aeg-gr15-ckb-skubeti-smugis-atgal-tan-g-amp-g\/"},"modified":"2025-07-19T15:52:29","modified_gmt":"2025-07-19T12:52:29","slug":"aeg-gr15-ckb-skubeti-smugis-atgal-tan-g-amp-g","status":"publish","type":"product","link":"https:\/\/kingarms.ee\/lt\/product\/aeg-gr15-ckb-skubeti-smugis-atgal-tan-g-amp-g\/","title":{"rendered":"AEG GR15 CKB skub\u0117ti sm\u016bgis atgal TAN G &amp; amp; G"},"content":{"rendered":"<p><a href=\"https:\/\/kingarms.ee\/wp-content\/uploads\/2020\/06\/gg-aeg-gr15-cqb-rush-blow-back-tan-gg18sct.jpg\"><img loading=\"lazy\" decoding=\"async\" class=\"alignnone size-medium\" src=\"https:\/\/kingarms.ee\/wp-content\/uploads\/2020\/06\/gg-aeg-gr15-cqb-rush-blow-back-tan-gg18sct.jpg\" alt=\"\" width=\"300\" height=\"300\"><\/a><\/p>\n","protected":false},"excerpt":{"rendered":"<p>AEG GR15 CKB skub\u0117ti sm\u016bgis atgal TAN G &amp; amp; G<\/p>\n<p>G &amp; amp; G mod.Raider<br \/>\nNailono \u012fstaiga<br \/>\nPavar\u0173 d\u0117\u017e\u0117 8mm<br \/>\nSm\u016bgis atgal sistema<br \/>\nApversti priekyje akyse<br \/>\n\u012edegis<br \/>\n\u017durnalas 450rds<br \/>\nBaterija ir akumuliatoriaus \u012fkroviklis ne\u012fskai\u010diuoti<br \/>\nIlgis 685 \/ 780mm<br \/>\nSvoris 2500g<\/p>\n","protected":false},"featured_media":113083,"template":"","meta":{"_acf_changed":false},"product_brand":[],"product_cat":[1139],"product_tag":[1318],"class_list":{"0":"post-152239","1":"product","2":"type-product","3":"status-publish","4":"has-post-thumbnail","6":"product_cat-elektro-pneumatiniai-ginklai","7":"product_tag-4blss3ph-lt","9":"first","10":"onbackorder","11":"taxable","12":"shipping-taxable","13":"product-type-simple"},"acf":[],"_links":{"self":[{"href":"https:\/\/kingarms.ee\/lt\/wp-json\/wp\/v2\/product\/152239","targetHints":{"allow":["GET"]}}],"collection":[{"href":"https:\/\/kingarms.ee\/lt\/wp-json\/wp\/v2\/product"}],"about":[{"href":"https:\/\/kingarms.ee\/lt\/wp-json\/wp\/v2\/types\/product"}],"wp:featuredmedia":[{"embeddable":true,"href":"https:\/\/kingarms.ee\/lt\/wp-json\/wp\/v2\/media\/113083"}],"wp:attachment":[{"href":"https:\/\/kingarms.ee\/lt\/wp-json\/wp\/v2\/media?parent=152239"}],"wp:term":[{"taxonomy":"product_brand","embeddable":true,"href":"https:\/\/kingarms.ee\/lt\/wp-json\/wp\/v2\/product_brand?post=152239"},{"taxonomy":"product_cat","embeddable":true,"href":"https:\/\/kingarms.ee\/lt\/wp-json\/wp\/v2\/product_cat?post=152239"},{"taxonomy":"product_tag","embeddable":true,"href":"https:\/\/kingarms.ee\/lt\/wp-json\/wp\/v2\/product_tag?post=152239"}],"curies":[{"name":"wp","href":"https:\/\/api.w.org\/{rel}","templated":true}]}}