{"id":152254,"date":"2020-06-01T16:20:00","date_gmt":"2020-06-01T13:20:00","guid":{"rendered":"https:\/\/kingarms.ee\/product\/gr15-raider-l-desert-tan-gg\/"},"modified":"2025-09-15T14:15:32","modified_gmt":"2025-09-15T11:15:32","slug":"gr15-raider-l-desert-tan-gg","status":"publish","type":"product","link":"https:\/\/kingarms.ee\/lt\/product\/gr15-raider-l-desert-tan-gg\/","title":{"rendered":"GR15 RAIDER L DESERT TAN G&amp;G"},"content":{"rendered":"<p><a href=\"https:\/\/kingarms.ee\/wp-content\/uploads\/2020\/06\/gg-electric-rifle-gr15-raider-l-plastic-blow-back-desert-tan-gg11sct.jpg\"><img loading=\"lazy\" decoding=\"async\" class=\"alignnone size-medium\" src=\"https:\/\/kingarms.ee\/wp-content\/uploads\/2020\/06\/gg-electric-rifle-gr15-raider-l-plastic-blow-back-desert-tan-gg11sct.jpg\" alt=\"\" width=\"300\" height=\"300\" \/><\/a><\/p>\n","protected":false},"excerpt":{"rendered":"<p>GR15 RAIDER L dykuma TAN G &amp; amp; G<br \/>\nG &amp; amp; G mod.Raider ilgai<br \/>\nNailono \u012fstaiga<br \/>\nPavar\u0173 d\u0117\u017e\u0117 8mm<br \/>\nSm\u016bgis atgal sistema<br \/>\n\u012edegis<br \/>\n\u017durnalas 450rds<br \/>\nBaterija ir akumuliatoriaus \u012fkroviklis ne\u012fskai\u010diuoti<br \/>\nIlgis 780 \/ 970mm<br \/>\nSvoris 2700g<\/p>\n<p>&nbsp;<\/p>\n<p data-pm-slice=\"1 1 []\">Nuotrauka yra iliustracin\u0117 &#8211; tikrieji dyd\u017eiai ir spalva gali \u0161iek tiek skirtis.<\/p>\n","protected":false},"featured_media":153411,"template":"","meta":{"_acf_changed":false},"product_brand":[],"product_cat":[1139],"product_tag":[1318],"class_list":{"0":"post-152254","1":"product","2":"type-product","3":"status-publish","4":"has-post-thumbnail","6":"product_cat-elektro-pneumatiniai-ginklai","7":"product_tag-4blss3ph-lt","9":"first","10":"onbackorder","11":"taxable","12":"shipping-taxable","13":"product-type-simple"},"acf":[],"_links":{"self":[{"href":"https:\/\/kingarms.ee\/lt\/wp-json\/wp\/v2\/product\/152254","targetHints":{"allow":["GET"]}}],"collection":[{"href":"https:\/\/kingarms.ee\/lt\/wp-json\/wp\/v2\/product"}],"about":[{"href":"https:\/\/kingarms.ee\/lt\/wp-json\/wp\/v2\/types\/product"}],"wp:featuredmedia":[{"embeddable":true,"href":"https:\/\/kingarms.ee\/lt\/wp-json\/wp\/v2\/media\/153411"}],"wp:attachment":[{"href":"https:\/\/kingarms.ee\/lt\/wp-json\/wp\/v2\/media?parent=152254"}],"wp:term":[{"taxonomy":"product_brand","embeddable":true,"href":"https:\/\/kingarms.ee\/lt\/wp-json\/wp\/v2\/product_brand?post=152254"},{"taxonomy":"product_cat","embeddable":true,"href":"https:\/\/kingarms.ee\/lt\/wp-json\/wp\/v2\/product_cat?post=152254"},{"taxonomy":"product_tag","embeddable":true,"href":"https:\/\/kingarms.ee\/lt\/wp-json\/wp\/v2\/product_tag?post=152254"}],"curies":[{"name":"wp","href":"https:\/\/api.w.org\/{rel}","templated":true}]}}