{"id":152257,"date":"2020-06-01T16:20:00","date_gmt":"2020-06-01T13:20:00","guid":{"rendered":"https:\/\/kingarms.ee\/product\/gr4-g26-desert-tan-gg\/"},"modified":"2025-07-19T16:09:25","modified_gmt":"2025-07-19T13:09:25","slug":"gr4-g26-desert-tan-gg","status":"publish","type":"product","link":"https:\/\/kingarms.ee\/lt\/product\/gr4-g26-desert-tan-gg\/","title":{"rendered":"GR4 G26 DESERT TAN G&amp;G"},"content":{"rendered":"<p><a href=\"https:\/\/kingarms.ee\/wp-content\/uploads\/2020\/06\/gg-electric-rifle-gr4-g26-plastic-blow-back-desert-tan-gg26sct.jpg\"><img loading=\"lazy\" decoding=\"async\" class=\"alignnone size-medium\" src=\"https:\/\/kingarms.ee\/wp-content\/uploads\/2020\/06\/gg-electric-rifle-gr4-g26-plastic-blow-back-desert-tan-gg26sct.jpg\" alt=\"\" width=\"300\" height=\"300\"><\/a><\/p>\n","protected":false},"excerpt":{"rendered":"<p>GR4 G26 dykuma TAN G &amp; amp; G<br \/>\nPlastikinis korpusas<br \/>\n300 raund\u0173 \u017eurnalas<br \/>\nPriekinis ir galinis apver\u010diamas vaizdas<br \/>\nPridedama blykst\u0117s \u0161viesa ir lazeris<br \/>\nGaisro re\u017eimas: saugus pusiau ir visi\u0161kai automatinis<br \/>\nBaterija ir \u012fkroviklis ne\u012fskai\u010diuoti<br \/>\nSvoris 2400g<br \/>\nIlgis 700mm \/ 795 mm<br \/>\nDykumos \u012fdegio spalva<\/p>\n","protected":false},"featured_media":153300,"template":"","meta":{"_acf_changed":false},"product_brand":[],"product_cat":[1139],"product_tag":[1318],"class_list":{"0":"post-152257","1":"product","2":"type-product","3":"status-publish","4":"has-post-thumbnail","6":"product_cat-elektro-pneumatiniai-ginklai","7":"product_tag-4blss3ph-lt","9":"first","10":"onbackorder","11":"taxable","12":"shipping-taxable","13":"product-type-simple"},"acf":[],"_links":{"self":[{"href":"https:\/\/kingarms.ee\/lt\/wp-json\/wp\/v2\/product\/152257","targetHints":{"allow":["GET"]}}],"collection":[{"href":"https:\/\/kingarms.ee\/lt\/wp-json\/wp\/v2\/product"}],"about":[{"href":"https:\/\/kingarms.ee\/lt\/wp-json\/wp\/v2\/types\/product"}],"wp:featuredmedia":[{"embeddable":true,"href":"https:\/\/kingarms.ee\/lt\/wp-json\/wp\/v2\/media\/153300"}],"wp:attachment":[{"href":"https:\/\/kingarms.ee\/lt\/wp-json\/wp\/v2\/media?parent=152257"}],"wp:term":[{"taxonomy":"product_brand","embeddable":true,"href":"https:\/\/kingarms.ee\/lt\/wp-json\/wp\/v2\/product_brand?post=152257"},{"taxonomy":"product_cat","embeddable":true,"href":"https:\/\/kingarms.ee\/lt\/wp-json\/wp\/v2\/product_cat?post=152257"},{"taxonomy":"product_tag","embeddable":true,"href":"https:\/\/kingarms.ee\/lt\/wp-json\/wp\/v2\/product_tag?post=152257"}],"curies":[{"name":"wp","href":"https:\/\/api.w.org\/{rel}","templated":true}]}}