{"id":152283,"date":"2018-09-07T14:34:51","date_gmt":"2025-07-19T13:23:04","guid":{"rendered":"https:\/\/kingarms.ee\/product\/mil-tac-batai-neperslampami\/"},"modified":"2025-07-19T16:23:04","modified_gmt":"2025-07-19T13:23:04","slug":"mil-tac-batai-neperslampami","status":"publish","type":"product","link":"https:\/\/kingarms.ee\/lt\/product\/mil-tac-batai-neperslampami\/","title":{"rendered":"Mil-tac Batai (Neper\u0161lampami)"},"content":{"rendered":"<p><a href=\"https:\/\/kingarms.ee\/wp-content\/uploads\/2018\/09\/12829002-300x300.jpg\"><img loading=\"lazy\" decoding=\"async\" class=\"alignnone size-medium wp-image-11809\" src=\"https:\/\/kingarms.ee\/wp-content\/uploads\/2018\/09\/12829002-300x300.jpg\" alt=\"\" width=\"300\" height=\"300\" srcset=\"https:\/\/kingarms.ee\/wp-content\/uploads\/2018\/09\/12829002-300x300.jpg 300w, https:\/\/kingarms.ee\/wp-content\/uploads\/2018\/09\/12829002-150x150.jpg 150w, https:\/\/kingarms.ee\/wp-content\/uploads\/2018\/09\/12829002-500x500.jpg 500w, https:\/\/kingarms.ee\/wp-content\/uploads\/2018\/09\/12829002-768x768.jpg 768w, https:\/\/kingarms.ee\/wp-content\/uploads\/2018\/09\/12829002.jpg 800w\" sizes=\"auto, (max-width: 300px) 100vw, 300px\" \/><\/a><\/p>\n","protected":false},"excerpt":{"rendered":"<p>&#8211; Maksimalus jud\u0117jimo saugumas ir patogumas<br \/>\n&#8211; Stiprumas ir atsparumas dilimui<br \/>\n&#8211; Perkaitimo prevencijos sistema<br \/>\n&#8211; Greitai d\u017ei\u016bstantis pamu\u0161alas<br \/>\n&#8211; Patikima P\u0117dos fiksacija<br \/>\n&#8211; Dydis: 41-46<br \/>\n&#8211; Temperat\u016bra: -15\u2082 C<\/p>\n","protected":false},"featured_media":108569,"template":"","meta":{"_acf_changed":false},"product_brand":[],"product_cat":[1248],"product_tag":[],"class_list":{"0":"post-152283","1":"product","2":"type-product","3":"status-publish","4":"has-post-thumbnail","6":"product_cat-naudotu-produktu","8":"first","9":"onbackorder","10":"taxable","11":"shipping-taxable","12":"product-type-simple"},"acf":[],"_links":{"self":[{"href":"https:\/\/kingarms.ee\/lt\/wp-json\/wp\/v2\/product\/152283","targetHints":{"allow":["GET"]}}],"collection":[{"href":"https:\/\/kingarms.ee\/lt\/wp-json\/wp\/v2\/product"}],"about":[{"href":"https:\/\/kingarms.ee\/lt\/wp-json\/wp\/v2\/types\/product"}],"wp:featuredmedia":[{"embeddable":true,"href":"https:\/\/kingarms.ee\/lt\/wp-json\/wp\/v2\/media\/108569"}],"wp:attachment":[{"href":"https:\/\/kingarms.ee\/lt\/wp-json\/wp\/v2\/media?parent=152283"}],"wp:term":[{"taxonomy":"product_brand","embeddable":true,"href":"https:\/\/kingarms.ee\/lt\/wp-json\/wp\/v2\/product_brand?post=152283"},{"taxonomy":"product_cat","embeddable":true,"href":"https:\/\/kingarms.ee\/lt\/wp-json\/wp\/v2\/product_cat?post=152283"},{"taxonomy":"product_tag","embeddable":true,"href":"https:\/\/kingarms.ee\/lt\/wp-json\/wp\/v2\/product_tag?post=152283"}],"curies":[{"name":"wp","href":"https:\/\/api.w.org\/{rel}","templated":true}]}}