{"id":152291,"date":"2018-08-31T08:22:53","date_gmt":"2025-07-19T13:27:11","guid":{"rendered":"https:\/\/kingarms.ee\/product\/hg-138-mini-granatsvaidis\/"},"modified":"2025-07-19T16:27:11","modified_gmt":"2025-07-19T13:27:11","slug":"hg-138-mini-granatsvaidis","status":"publish","type":"product","link":"https:\/\/kingarms.ee\/lt\/product\/hg-138-mini-granatsvaidis\/","title":{"rendered":"HG-138 MINI GRANATSVAIDIS"},"content":{"rendered":"<p><a href=\"https:\/\/kingarms.ee\/wp-content\/uploads\/2018\/03\/1152215491_1.jpg\"><img loading=\"lazy\" decoding=\"async\" class=\"alignnone size-medium wp-image-1851\" src=\"https:\/\/kingarms.ee\/wp-content\/uploads\/2018\/03\/1152215491_1-300x200.jpg\" alt=\"\" width=\"300\" height=\"200\"><\/a><\/p>\n","protected":false},"excerpt":{"rendered":"<p>Puikaus ir kompakti\u0161ko dyd\u017eio Mini granatsvaidis pagamintas tik i\u0161 aliuminio. Idealiai tinka montuoti ant pistoleto ar automato. <\/p>\n<p>Med\u017eiaga: aliuminis<br \/>\nIlgis: 95mm<br \/>\nSvoris: 200 g<br \/>\nD\u0117klo talpa: iki 40 kamuoliuk\u0173<br \/>\n\u0160audymo greitis: 58 m \/ s<\/p>\n<p>&nbsp;<\/p>\n<p><strong>Nuoma 7. (24 val.). Ginklo i\u0161davimas ir gr\u0105\u017einimas vyksta m\u016bs\u0173 parduotuv\u0117je KingArms. Su KINGARMS LLC klientas privalo sudaryti nuomos sutart\u012f.  <\/strong><\/p>\n","protected":false},"featured_media":0,"template":"","meta":{"_acf_changed":false},"product_brand":[],"product_cat":[1248],"product_tag":[],"class_list":{"0":"post-152291","1":"product","2":"type-product","3":"status-publish","5":"product_cat-naudotu-produktu","7":"first","8":"onbackorder","9":"product-type-simple"},"acf":[],"_links":{"self":[{"href":"https:\/\/kingarms.ee\/lt\/wp-json\/wp\/v2\/product\/152291","targetHints":{"allow":["GET"]}}],"collection":[{"href":"https:\/\/kingarms.ee\/lt\/wp-json\/wp\/v2\/product"}],"about":[{"href":"https:\/\/kingarms.ee\/lt\/wp-json\/wp\/v2\/types\/product"}],"wp:attachment":[{"href":"https:\/\/kingarms.ee\/lt\/wp-json\/wp\/v2\/media?parent=152291"}],"wp:term":[{"taxonomy":"product_brand","embeddable":true,"href":"https:\/\/kingarms.ee\/lt\/wp-json\/wp\/v2\/product_brand?post=152291"},{"taxonomy":"product_cat","embeddable":true,"href":"https:\/\/kingarms.ee\/lt\/wp-json\/wp\/v2\/product_cat?post=152291"},{"taxonomy":"product_tag","embeddable":true,"href":"https:\/\/kingarms.ee\/lt\/wp-json\/wp\/v2\/product_tag?post=152291"}],"curies":[{"name":"wp","href":"https:\/\/api.w.org\/{rel}","templated":true}]}}