{"id":153596,"date":"2025-10-06T00:24:03","date_gmt":"2025-10-05T21:24:03","guid":{"rendered":"https:\/\/kingarms.ee\/product\/ravin-r10x-arbaletas-komplektas\/"},"modified":"2025-10-06T10:44:26","modified_gmt":"2025-10-06T07:44:26","slug":"ravin-r10x-arbaletas-komplektas","status":"publish","type":"product","link":"https:\/\/kingarms.ee\/lt\/product\/ravin-r10x-arbaletas-komplektas\/","title":{"rendered":"Ravin R10X Arbaletas (komplektas)"},"content":{"rendered":"<p><img loading=\"lazy\" decoding=\"async\" class=\"alignnone size-full wp-image-153547\" src=\"https:\/\/kingarms.ee\/wp-content\/uploads\/2025\/10\/a_119308-1012.jpg\" alt=\"\" width=\"1600\" height=\"1162\" srcset=\"https:\/\/kingarms.ee\/wp-content\/uploads\/2025\/10\/a_119308-1012.jpg 1600w, https:\/\/kingarms.ee\/wp-content\/uploads\/2025\/10\/a_119308-1012-300x218.jpg 300w, https:\/\/kingarms.ee\/wp-content\/uploads\/2025\/10\/a_119308-1012-1024x744.jpg 1024w, https:\/\/kingarms.ee\/wp-content\/uploads\/2025\/10\/a_119308-1012-768x558.jpg 768w, https:\/\/kingarms.ee\/wp-content\/uploads\/2025\/10\/a_119308-1012-1536x1116.jpg 1536w, https:\/\/kingarms.ee\/wp-content\/uploads\/2025\/10\/a_119308-1012-500x363.jpg 500w, https:\/\/kingarms.ee\/wp-content\/uploads\/2025\/10\/a_119308-1012-150x109.jpg 150w\" sizes=\"auto, (max-width: 1600px) 100vw, 1600px\" \/><\/p>\n","protected":false},"excerpt":{"rendered":"<p>Ravin R10X Arbaletas (komplektas)<\/p>\n<p>Puikus pasirinkimas tiek patyrusiems med\u017eiotojams, tiek pradedantiesiems. Klasikinis Ravin modelis, pasi\u017eymintis universalumu. Lengvas ir plonas, ta\u010diau itin tikslus, su daugiau nei 400 FPS str\u0117l\u0117s grei\u010diu \u2013 idealus \u0161audymui i\u0161 sl\u0117ptuv\u0117s ar nuo \u017eem\u0117s. Paskutinis R10 m\u016bs\u0173 sand\u0117lyje!  <\/p>\n<p>Vienas i\u0161 HeliCoil technologijos prana\u0161um\u0173 \u2013 Versa-Draw \u012ftempimo sistema. Kartu su Trac-Trigger paleidimo sistema tai sudaro itin kompakti\u0161k\u0105, visi\u0161kai integruot\u0105 mechanizm\u0105 buo\u017e\u0117je. Naudojant vos 12 svar\u0173 j\u0117g\u0105, Versa-Draw galima naudoti tiek de\u0161ine, tiek kaire ranka. \u0160i Helicoil i\u0161skirtin\u0117 funkcija u\u017etikrina neprilygstam\u0105 tikslum\u0105 kiekviename \u0161\u016bvyje.   <\/p>\n<p>Rinkinys ir techniniai duomenys:<\/p>\n<p>Integruotas \u012ftempimo mechanizmas<br \/>\nSauso \u0161\u016bvio apsauga \/ automatinis saugiklis<br \/>\nDir\u017eo laikikliai<br \/>\n3x Ravin .003 str\u0117l\u0117s su antgaliais (i\u0161 viso 400 gr\u016bd\u0173)<br \/>\n1x Nuimama \u012ftempimo rankena<br \/>\n1x Str\u0117li\u0173 d\u0117klas \/ laikiklis<br \/>\nNaujas ap\u0161viestas 100 jard\u0173\/metr\u0173 greito fiksavimo taikiklis<br \/>\n\u0160audymo greitis: 400 FPS<br \/>\nSvoris: 6,8 lb<br \/>\nIlgis: 33&#8243;<br \/>\n\u012etempimo j\u0117ga: 12 lb<br \/>\n\u012etempimo tipas: Integruotas tylus mechanizmas<br \/>\nSpalva: Juoda<br \/>\nPlotis (ne\u012ftemptas): 10,5&#8243; a\u0161is\u2013a\u0161is<br \/>\nPlotis (\u012ftemptas): 6&#8243; a\u0161is\u2013a\u0161is<br \/>\nKinetin\u0117 energija: 142 ft-lb<\/p>\n","protected":false},"featured_media":153551,"template":"","meta":{"_acf_changed":false},"product_brand":[],"product_cat":[1152],"product_tag":[],"class_list":{"0":"post-153596","1":"product","2":"type-product","3":"status-publish","4":"has-post-thumbnail","6":"product_cat-skersiniai","8":"first","9":"instock","10":"sale","11":"taxable","12":"shipping-taxable","13":"purchasable","14":"product-type-simple"},"acf":[],"_links":{"self":[{"href":"https:\/\/kingarms.ee\/lt\/wp-json\/wp\/v2\/product\/153596","targetHints":{"allow":["GET"]}}],"collection":[{"href":"https:\/\/kingarms.ee\/lt\/wp-json\/wp\/v2\/product"}],"about":[{"href":"https:\/\/kingarms.ee\/lt\/wp-json\/wp\/v2\/types\/product"}],"wp:featuredmedia":[{"embeddable":true,"href":"https:\/\/kingarms.ee\/lt\/wp-json\/wp\/v2\/media\/153551"}],"wp:attachment":[{"href":"https:\/\/kingarms.ee\/lt\/wp-json\/wp\/v2\/media?parent=153596"}],"wp:term":[{"taxonomy":"product_brand","embeddable":true,"href":"https:\/\/kingarms.ee\/lt\/wp-json\/wp\/v2\/product_brand?post=153596"},{"taxonomy":"product_cat","embeddable":true,"href":"https:\/\/kingarms.ee\/lt\/wp-json\/wp\/v2\/product_cat?post=153596"},{"taxonomy":"product_tag","embeddable":true,"href":"https:\/\/kingarms.ee\/lt\/wp-json\/wp\/v2\/product_tag?post=153596"}],"curies":[{"name":"wp","href":"https:\/\/api.w.org\/{rel}","templated":true}]}}