{"id":153705,"date":"2025-10-10T11:02:04","date_gmt":"2025-10-10T08:02:04","guid":{"rendered":"https:\/\/kingarms.ee\/product\/crosman-p10-co%e2%82%82-pusiau-automatinis-oro-pistoletas-rinkinys\/"},"modified":"2025-10-10T11:17:55","modified_gmt":"2025-10-10T08:17:55","slug":"crosman-p10-co%e2%82%82-pusiau-automatinis-oro-pistoletas-rinkinys","status":"publish","type":"product","link":"https:\/\/kingarms.ee\/lt\/product\/crosman-p10-co%e2%82%82-pusiau-automatinis-oro-pistoletas-rinkinys\/","title":{"rendered":"Crosman P10 CO\u2082 pusiau automatinis oro pistoletas \u2014 rinkinys"},"content":{"rendered":"<p><img loading=\"lazy\" decoding=\"async\" class=\"alignnone size-medium wp-image-153696\" src=\"https:\/\/kingarms.ee\/wp-content\/uploads\/2025\/10\/5117-1-1-1-300x300.webp\" alt=\"\" width=\"300\" height=\"300\" srcset=\"https:\/\/kingarms.ee\/wp-content\/uploads\/2025\/10\/5117-1-1-1-300x300.webp 300w, https:\/\/kingarms.ee\/wp-content\/uploads\/2025\/10\/5117-1-1-1-1024x1024.webp 1024w, https:\/\/kingarms.ee\/wp-content\/uploads\/2025\/10\/5117-1-1-1-150x150.webp 150w, https:\/\/kingarms.ee\/wp-content\/uploads\/2025\/10\/5117-1-1-1-768x768.webp 768w, https:\/\/kingarms.ee\/wp-content\/uploads\/2025\/10\/5117-1-1-1-500x500.webp 500w, https:\/\/kingarms.ee\/wp-content\/uploads\/2025\/10\/5117-1-1-1.webp 1500w\" sizes=\"auto, (max-width: 300px) 100vw, 300px\" \/><\/p>\n","protected":false},"excerpt":{"rendered":"<p data-start=\"1076\" data-end=\"1541\">Crosman P10 sujungia patogum\u0105 ir na\u0161um\u0105: pusiau automatinis mechanizmas leid\u017eia greitai \u0161audyti serijomis, o 12 g CO\u2082 kaset\u0117 u\u017etikrina paprast\u0105 eksploatavim\u0105. Pistoletas turi ergonomi\u0161k\u0105 ranken\u0105 ir reguliuojamus taikiklius, kad pagerint\u0173 tikslum\u0105. Patogus prad\u0117ti naudoti i\u0161 karto su komplekte pateiktais priedais.   <\/p>\n<p data-start=\"1543\" data-end=\"1574\"><strong data-start=\"1543\" data-end=\"1572\">Pagrindin\u0117s savyb\u0117s:<\/strong><\/p>\n<ul data-start=\"1575\" data-end=\"1814\">\n<li data-start=\"1575\" data-end=\"1608\">\n<p data-start=\"1577\" data-end=\"1608\">Maitinimas: 12 g CO\u2082 kaset\u0117<\/p>\n<\/li>\n<li data-start=\"1609\" data-end=\"1638\">\n<p data-start=\"1611\" data-end=\"1638\">Darbo re\u017eimas: pusiau automatinis<\/p>\n<\/li>\n<li data-start=\"1639\" data-end=\"1666\">\n<p data-start=\"1641\" data-end=\"1666\">Kalibras: 4,5 mm (.177)<\/p>\n<\/li>\n<li data-start=\"1667\" data-end=\"1701\">\n<p data-start=\"1669\" data-end=\"1701\">Magazino talpa: apie 8 vnt.<\/p>\n<\/li>\n<li data-start=\"1702\" data-end=\"1755\">\n<p data-start=\"1704\" data-end=\"1755\">Konstrukcija: polimeras + metalas<\/p>\n<\/li>\n<li data-start=\"1756\" data-end=\"1789\">\n<p data-start=\"1758\" data-end=\"1789\">Ergonoomiline kummist k\u00e4epide<\/p>\n<\/li>\n<li data-start=\"1790\" data-end=\"1814\">\n<p data-start=\"1792\" data-end=\"1814\">Reguleeritavad sihikud<\/p>\n<\/li>\n<\/ul>\n<p data-start=\"1816\" data-end=\"1851\"><strong data-start=\"1816\" data-end=\"1849\">Technin\u0117s savyb\u0117s (orientacin\u0117s):<\/strong><\/p>\n<ul data-start=\"1852\" data-end=\"2005\">\n<li data-start=\"1852\" data-end=\"1871\">\n<p data-start=\"1854\" data-end=\"1871\">Ilgis: ~190 mm<\/p>\n<\/li>\n<li data-start=\"1872\" data-end=\"1888\">\n<p data-start=\"1874\" data-end=\"1888\">Svoris: ~650 g<\/p>\n<\/li>\n<li data-start=\"1889\" data-end=\"1976\">\n<p data-start=\"1891\" data-end=\"1976\">Pradin\u0117 \u012ftampa\/greitis: iki ~120 m\/s (priklauso nuo \u0161ovinio)<\/p>\n<\/li>\n<li data-start=\"1977\" data-end=\"2005\">\n<p data-start=\"1979\" data-end=\"2005\">T\u00f6\u00f6temperatuur: -10\u2026+40 \u00b0C<\/p>\n<\/li>\n<\/ul>\n","protected":false},"featured_media":153700,"template":"","meta":{"_acf_changed":false},"product_brand":[],"product_cat":[1143],"product_tag":[],"class_list":{"0":"post-153705","1":"product","2":"type-product","3":"status-publish","4":"has-post-thumbnail","6":"product_cat-rankinis-ginklas","8":"first","9":"instock","10":"taxable","11":"shipping-taxable","12":"purchasable","13":"product-type-simple"},"acf":[],"_links":{"self":[{"href":"https:\/\/kingarms.ee\/lt\/wp-json\/wp\/v2\/product\/153705","targetHints":{"allow":["GET"]}}],"collection":[{"href":"https:\/\/kingarms.ee\/lt\/wp-json\/wp\/v2\/product"}],"about":[{"href":"https:\/\/kingarms.ee\/lt\/wp-json\/wp\/v2\/types\/product"}],"wp:featuredmedia":[{"embeddable":true,"href":"https:\/\/kingarms.ee\/lt\/wp-json\/wp\/v2\/media\/153700"}],"wp:attachment":[{"href":"https:\/\/kingarms.ee\/lt\/wp-json\/wp\/v2\/media?parent=153705"}],"wp:term":[{"taxonomy":"product_brand","embeddable":true,"href":"https:\/\/kingarms.ee\/lt\/wp-json\/wp\/v2\/product_brand?post=153705"},{"taxonomy":"product_cat","embeddable":true,"href":"https:\/\/kingarms.ee\/lt\/wp-json\/wp\/v2\/product_cat?post=153705"},{"taxonomy":"product_tag","embeddable":true,"href":"https:\/\/kingarms.ee\/lt\/wp-json\/wp\/v2\/product_tag?post=153705"}],"curies":[{"name":"wp","href":"https:\/\/api.w.org\/{rel}","templated":true}]}}