{"id":153775,"date":"2025-10-10T11:46:27","date_gmt":"2025-10-10T08:46:27","guid":{"rendered":"https:\/\/kingarms.ee\/product\/crosman-r1-pusiau-automatinis-oro-sautuvas-45-mm-177\/"},"modified":"2025-10-10T11:49:06","modified_gmt":"2025-10-10T08:49:06","slug":"crosman-r1-pusiau-automatinis-oro-sautuvas-45-mm-177","status":"publish","type":"product","link":"https:\/\/kingarms.ee\/lt\/product\/crosman-r1-pusiau-automatinis-oro-sautuvas-45-mm-177\/","title":{"rendered":"Crosman R1 pusiau automatinis oro \u0161autuvas (4,5 mm \/ .177)"},"content":{"rendered":"<p><img loading=\"lazy\" decoding=\"async\" class=\"alignnone size-medium wp-image-153766\" src=\"https:\/\/kingarms.ee\/wp-content\/uploads\/2025\/10\/5055-1-1-1-1-300x300.webp\" alt=\"\" width=\"300\" height=\"300\" srcset=\"https:\/\/kingarms.ee\/wp-content\/uploads\/2025\/10\/5055-1-1-1-1-300x300.webp 300w, https:\/\/kingarms.ee\/wp-content\/uploads\/2025\/10\/5055-1-1-1-1-1024x1024.webp 1024w, https:\/\/kingarms.ee\/wp-content\/uploads\/2025\/10\/5055-1-1-1-1-150x150.webp 150w, https:\/\/kingarms.ee\/wp-content\/uploads\/2025\/10\/5055-1-1-1-1-768x768.webp 768w, https:\/\/kingarms.ee\/wp-content\/uploads\/2025\/10\/5055-1-1-1-1-500x500.webp 500w, https:\/\/kingarms.ee\/wp-content\/uploads\/2025\/10\/5055-1-1-1-1.webp 1500w\" sizes=\"auto, (max-width: 300px) 100vw, 300px\" \/><\/p>\n","protected":false},"excerpt":{"rendered":"<p>Crosman R1 \u2014 tai taktin\u0117 pusiau \/ pilnai automatin\u0117 .177 (4,5 mm) BB \u0161autuvas, maitinamas dviemis 12 g CO\u2082 kaset\u0117mis, galintis i\u0161vystyti iki ~430 fps greit\u012f, naudojantis i\u0161imam\u0105 25 \u0161ovini\u0173 \u017eurnal\u0105, turintis reguliuojam\u0105 AR tipo g\u016b\u017et\u0105, keturias Picatinny b\u0117gelius priedams ir da\u017enai komplektuojamas su raudono ta\u0161ko taikikliu arba atvirais taikikliais \u2014 greitas ir smagus pasirinkimas pramoginei \u0161audai bei taktin\u0117ms pratyboms.<\/p>\n","protected":false},"featured_media":153770,"template":"","meta":{"_acf_changed":false},"product_brand":[],"product_cat":[1142,1144],"product_tag":[],"class_list":{"0":"post-153775","1":"product","2":"type-product","3":"status-publish","4":"has-post-thumbnail","6":"product_cat-oro-ginklai","7":"product_cat-puolimo-sautuvas","9":"first","10":"instock","11":"taxable","12":"shipping-taxable","13":"purchasable","14":"product-type-simple"},"acf":[],"_links":{"self":[{"href":"https:\/\/kingarms.ee\/lt\/wp-json\/wp\/v2\/product\/153775","targetHints":{"allow":["GET"]}}],"collection":[{"href":"https:\/\/kingarms.ee\/lt\/wp-json\/wp\/v2\/product"}],"about":[{"href":"https:\/\/kingarms.ee\/lt\/wp-json\/wp\/v2\/types\/product"}],"wp:featuredmedia":[{"embeddable":true,"href":"https:\/\/kingarms.ee\/lt\/wp-json\/wp\/v2\/media\/153770"}],"wp:attachment":[{"href":"https:\/\/kingarms.ee\/lt\/wp-json\/wp\/v2\/media?parent=153775"}],"wp:term":[{"taxonomy":"product_brand","embeddable":true,"href":"https:\/\/kingarms.ee\/lt\/wp-json\/wp\/v2\/product_brand?post=153775"},{"taxonomy":"product_cat","embeddable":true,"href":"https:\/\/kingarms.ee\/lt\/wp-json\/wp\/v2\/product_cat?post=153775"},{"taxonomy":"product_tag","embeddable":true,"href":"https:\/\/kingarms.ee\/lt\/wp-json\/wp\/v2\/product_tag?post=153775"}],"curies":[{"name":"wp","href":"https:\/\/api.w.org\/{rel}","templated":true}]}}