{"id":153800,"date":"2025-10-10T11:54:43","date_gmt":"2025-10-10T08:54:43","guid":{"rendered":"https:\/\/kingarms.ee\/product\/hatsan-airtact-177-full-power-oro-sautuvas\/"},"modified":"2025-10-10T11:57:20","modified_gmt":"2025-10-10T08:57:20","slug":"hatsan-airtact-177-full-power-oro-sautuvas","status":"publish","type":"product","link":"https:\/\/kingarms.ee\/lt\/product\/hatsan-airtact-177-full-power-oro-sautuvas\/","title":{"rendered":"Hatsan AirTact .177 (full power) oro \u0161autuvas"},"content":{"rendered":"<p><img loading=\"lazy\" decoding=\"async\" class=\"alignnone size-medium wp-image-153779\" src=\"https:\/\/kingarms.ee\/wp-content\/uploads\/2025\/10\/c4f27b14-590d-11ed-b774-00155d8ed203_89b76538-590e-11ed-b774-00155d8ed203-300x300.jpg\" alt=\"\" width=\"300\" height=\"300\" srcset=\"https:\/\/kingarms.ee\/wp-content\/uploads\/2025\/10\/c4f27b14-590d-11ed-b774-00155d8ed203_89b76538-590e-11ed-b774-00155d8ed203-300x300.jpg 300w, https:\/\/kingarms.ee\/wp-content\/uploads\/2025\/10\/c4f27b14-590d-11ed-b774-00155d8ed203_89b76538-590e-11ed-b774-00155d8ed203-1024x1024.jpg 1024w, https:\/\/kingarms.ee\/wp-content\/uploads\/2025\/10\/c4f27b14-590d-11ed-b774-00155d8ed203_89b76538-590e-11ed-b774-00155d8ed203-150x150.jpg 150w, https:\/\/kingarms.ee\/wp-content\/uploads\/2025\/10\/c4f27b14-590d-11ed-b774-00155d8ed203_89b76538-590e-11ed-b774-00155d8ed203-768x768.jpg 768w, https:\/\/kingarms.ee\/wp-content\/uploads\/2025\/10\/c4f27b14-590d-11ed-b774-00155d8ed203_89b76538-590e-11ed-b774-00155d8ed203-1536x1536.jpg 1536w, https:\/\/kingarms.ee\/wp-content\/uploads\/2025\/10\/c4f27b14-590d-11ed-b774-00155d8ed203_89b76538-590e-11ed-b774-00155d8ed203-500x500.jpg 500w, https:\/\/kingarms.ee\/wp-content\/uploads\/2025\/10\/c4f27b14-590d-11ed-b774-00155d8ed203_89b76538-590e-11ed-b774-00155d8ed203.jpg 2000w\" sizes=\"auto, (max-width: 300px) 100vw, 300px\" \/><\/p>\n","protected":false},"excerpt":{"rendered":"<p>Hatsan AirTact \u2014 tai sulankstomas (break-barrel) spring-piston \u201efull-power\u201c .177 (4,5 mm) oro \u0161autuvas su QuietEnergy garso slopinimo korpusu ir rifliuotu plieniniu vamzd\u017eiu; priklausomai nuo \u0161ruto gali pasiekti iki ~1300 fps, turi reguliuojam\u0105 dviej\u0173 pakop\u0173 gaiduk\u0105, anti-beartrap saugiklio mechanizm\u0105, ambidextrous sintetikin\u012f thumb-hole bufer\u012f ir komplekte 4\u00d732 taikikl\u012f \u2014 tinka laisvalaikio \u0161audymui, tiksliai praktikai ir smulkiai med\u017eioklei.<\/p>\n","protected":false},"featured_media":153783,"template":"","meta":{"_acf_changed":false},"product_brand":[],"product_cat":[1142,1145],"product_tag":[],"class_list":{"0":"post-153800","1":"product","2":"type-product","3":"status-publish","4":"has-post-thumbnail","6":"product_cat-oro-ginklai","7":"product_cat-snaiperio-sautuvai-4-5-mm","9":"first","10":"instock","11":"sale","12":"taxable","13":"shipping-taxable","14":"purchasable","15":"product-type-simple"},"acf":[],"_links":{"self":[{"href":"https:\/\/kingarms.ee\/lt\/wp-json\/wp\/v2\/product\/153800","targetHints":{"allow":["GET"]}}],"collection":[{"href":"https:\/\/kingarms.ee\/lt\/wp-json\/wp\/v2\/product"}],"about":[{"href":"https:\/\/kingarms.ee\/lt\/wp-json\/wp\/v2\/types\/product"}],"wp:featuredmedia":[{"embeddable":true,"href":"https:\/\/kingarms.ee\/lt\/wp-json\/wp\/v2\/media\/153783"}],"wp:attachment":[{"href":"https:\/\/kingarms.ee\/lt\/wp-json\/wp\/v2\/media?parent=153800"}],"wp:term":[{"taxonomy":"product_brand","embeddable":true,"href":"https:\/\/kingarms.ee\/lt\/wp-json\/wp\/v2\/product_brand?post=153800"},{"taxonomy":"product_cat","embeddable":true,"href":"https:\/\/kingarms.ee\/lt\/wp-json\/wp\/v2\/product_cat?post=153800"},{"taxonomy":"product_tag","embeddable":true,"href":"https:\/\/kingarms.ee\/lt\/wp-json\/wp\/v2\/product_tag?post=153800"}],"curies":[{"name":"wp","href":"https:\/\/api.w.org\/{rel}","templated":true}]}}