{"id":153825,"date":"2025-10-10T12:03:25","date_gmt":"2025-10-10T09:03:25","guid":{"rendered":"https:\/\/kingarms.ee\/product\/hatsan-alpha-177-full-power-oro-sautuvas\/"},"modified":"2025-10-10T12:06:25","modified_gmt":"2025-10-10T09:06:25","slug":"hatsan-alpha-177-full-power-oro-sautuvas","status":"publish","type":"product","link":"https:\/\/kingarms.ee\/lt\/product\/hatsan-alpha-177-full-power-oro-sautuvas\/","title":{"rendered":"Hatsan Alpha .177 (full power) oro \u0161autuvas"},"content":{"rendered":"<p><img loading=\"lazy\" decoding=\"async\" class=\"alignnone size-medium wp-image-153803\" src=\"https:\/\/kingarms.ee\/wp-content\/uploads\/2025\/10\/7540d071-2d1e-11ed-b773-00155d8ed203_ad5b426f-2d1e-11ed-b773-00155d8ed203-scaled-1-300x205.jpg\" alt=\"\" width=\"300\" height=\"205\" srcset=\"https:\/\/kingarms.ee\/wp-content\/uploads\/2025\/10\/7540d071-2d1e-11ed-b773-00155d8ed203_ad5b426f-2d1e-11ed-b773-00155d8ed203-scaled-1-300x205.jpg 300w, https:\/\/kingarms.ee\/wp-content\/uploads\/2025\/10\/7540d071-2d1e-11ed-b773-00155d8ed203_ad5b426f-2d1e-11ed-b773-00155d8ed203-scaled-1-1024x701.jpg 1024w, https:\/\/kingarms.ee\/wp-content\/uploads\/2025\/10\/7540d071-2d1e-11ed-b773-00155d8ed203_ad5b426f-2d1e-11ed-b773-00155d8ed203-scaled-1-768x526.jpg 768w, https:\/\/kingarms.ee\/wp-content\/uploads\/2025\/10\/7540d071-2d1e-11ed-b773-00155d8ed203_ad5b426f-2d1e-11ed-b773-00155d8ed203-scaled-1-1536x1052.jpg 1536w, https:\/\/kingarms.ee\/wp-content\/uploads\/2025\/10\/7540d071-2d1e-11ed-b773-00155d8ed203_ad5b426f-2d1e-11ed-b773-00155d8ed203-scaled-1-2048x1402.jpg 2048w, https:\/\/kingarms.ee\/wp-content\/uploads\/2025\/10\/7540d071-2d1e-11ed-b773-00155d8ed203_ad5b426f-2d1e-11ed-b773-00155d8ed203-scaled-1-500x342.jpg 500w, https:\/\/kingarms.ee\/wp-content\/uploads\/2025\/10\/7540d071-2d1e-11ed-b773-00155d8ed203_ad5b426f-2d1e-11ed-b773-00155d8ed203-scaled-1-150x103.jpg 150w\" sizes=\"auto, (max-width: 300px) 100vw, 300px\" \/><\/p>\n","protected":false},"excerpt":{"rendered":"<p>Hatsan Alpha \u2014 tai lengvas \u201efull-power\u201c .177 (4,5 mm) sulankstomas (break-barrel) oro \u0161autuvas su spyruokliniu st\u016bmokliu, galintis i\u0161vystyti iki ~1000 fps greit\u012f; turi rifliuot\u0105 plienin\u012f vamzd\u012f, reguliuojamus atvirus taikiklius, ergonomi\u0161k\u0105 sintetinio plastiko bufer\u012f su gumin\u0117 atrama ir automatin\u012f saugikl\u012f \u2014 patogus, tikslus ir puikus pasirinkimas tiek pradedantiesiems, tiek laisvalaikio \u0161audymui. <\/p>\n","protected":false},"featured_media":153807,"template":"","meta":{"_acf_changed":false},"product_brand":[],"product_cat":[1142,1145],"product_tag":[],"class_list":{"0":"post-153825","1":"product","2":"type-product","3":"status-publish","4":"has-post-thumbnail","6":"product_cat-oro-ginklai","7":"product_cat-snaiperio-sautuvai-4-5-mm","9":"first","10":"instock","11":"sale","12":"taxable","13":"shipping-taxable","14":"purchasable","15":"product-type-simple"},"acf":[],"_links":{"self":[{"href":"https:\/\/kingarms.ee\/lt\/wp-json\/wp\/v2\/product\/153825","targetHints":{"allow":["GET"]}}],"collection":[{"href":"https:\/\/kingarms.ee\/lt\/wp-json\/wp\/v2\/product"}],"about":[{"href":"https:\/\/kingarms.ee\/lt\/wp-json\/wp\/v2\/types\/product"}],"wp:featuredmedia":[{"embeddable":true,"href":"https:\/\/kingarms.ee\/lt\/wp-json\/wp\/v2\/media\/153807"}],"wp:attachment":[{"href":"https:\/\/kingarms.ee\/lt\/wp-json\/wp\/v2\/media?parent=153825"}],"wp:term":[{"taxonomy":"product_brand","embeddable":true,"href":"https:\/\/kingarms.ee\/lt\/wp-json\/wp\/v2\/product_brand?post=153825"},{"taxonomy":"product_cat","embeddable":true,"href":"https:\/\/kingarms.ee\/lt\/wp-json\/wp\/v2\/product_cat?post=153825"},{"taxonomy":"product_tag","embeddable":true,"href":"https:\/\/kingarms.ee\/lt\/wp-json\/wp\/v2\/product_tag?post=153825"}],"curies":[{"name":"wp","href":"https:\/\/api.w.org\/{rel}","templated":true}]}}