{"id":153855,"date":"2025-10-10T12:34:04","date_gmt":"2025-10-10T09:34:04","guid":{"rendered":"https:\/\/kingarms.ee\/product\/hatsan-flashpup-qe-pcp-oro-sautuvas-177-45-mm\/"},"modified":"2025-10-10T12:36:56","modified_gmt":"2025-10-10T09:36:56","slug":"hatsan-flashpup-qe-pcp-oro-sautuvas-177-45-mm","status":"publish","type":"product","link":"https:\/\/kingarms.ee\/lt\/product\/hatsan-flashpup-qe-pcp-oro-sautuvas-177-45-mm\/","title":{"rendered":"Hatsan FlashPup QE PCP oro \u0161autuvas .177 (4,5 mm)"},"content":{"rendered":"<p><img loading=\"lazy\" decoding=\"async\" class=\"alignnone size-medium wp-image-153846\" src=\"https:\/\/kingarms.ee\/wp-content\/uploads\/2025\/10\/products-FlashPup_Right_WEB-300x300.jpg\" alt=\"\" width=\"300\" height=\"300\" srcset=\"https:\/\/kingarms.ee\/wp-content\/uploads\/2025\/10\/products-FlashPup_Right_WEB-300x300.jpg 300w, https:\/\/kingarms.ee\/wp-content\/uploads\/2025\/10\/products-FlashPup_Right_WEB-150x150.jpg 150w, https:\/\/kingarms.ee\/wp-content\/uploads\/2025\/10\/products-FlashPup_Right_WEB-768x768.jpg 768w, https:\/\/kingarms.ee\/wp-content\/uploads\/2025\/10\/products-FlashPup_Right_WEB-500x500.jpg 500w, https:\/\/kingarms.ee\/wp-content\/uploads\/2025\/10\/products-FlashPup_Right_WEB.jpg 1024w\" sizes=\"auto, (max-width: 300px) 100vw, 300px\" \/><\/p>\n","protected":false},"excerpt":{"rendered":"<p>Hatsan FlashPup QE yra kompakti\u0161kas bullpup konstrukcijos PCP oro \u0161autuvas .177 (4,5 mm) kalibrui, turintis QuietEnergy gars\u0105 slopinan\u010di\u0105 apvalkal\u0105, fiksuot\u0105 apie 165 cc oro cilindr\u0105 (200 BAR), \u0161onin\u0117s ranken\u0117l\u0117s perkul\u0105, i\u0161imam\u0105 14 \u0161\u016bvi\u0173 \u017eurnal\u0105 .177 kalibrui, rifliuot\u0105 vamzd\u012f, reguliuojam\u0105 dviej\u0173 pakop\u0173 gaiduk\u0105 ir anti-knock apsaug\u0105 \u2014 subalansuotas sprendimas tiems, kas nori galingesn\u0117s, tylios ir pakartotinai \u0161aunan\u010dios PCP platformos taikiniams ir nedideles med\u017eioklei.<\/p>\n","protected":false},"featured_media":153850,"template":"","meta":{"_acf_changed":false},"product_brand":[],"product_cat":[1146],"product_tag":[],"class_list":{"0":"post-153855","1":"product","2":"type-product","3":"status-publish","4":"has-post-thumbnail","6":"product_cat-pcp-hpa-lt","8":"first","9":"instock","10":"sale","11":"taxable","12":"shipping-taxable","13":"purchasable","14":"product-type-simple"},"acf":[],"_links":{"self":[{"href":"https:\/\/kingarms.ee\/lt\/wp-json\/wp\/v2\/product\/153855","targetHints":{"allow":["GET"]}}],"collection":[{"href":"https:\/\/kingarms.ee\/lt\/wp-json\/wp\/v2\/product"}],"about":[{"href":"https:\/\/kingarms.ee\/lt\/wp-json\/wp\/v2\/types\/product"}],"wp:featuredmedia":[{"embeddable":true,"href":"https:\/\/kingarms.ee\/lt\/wp-json\/wp\/v2\/media\/153850"}],"wp:attachment":[{"href":"https:\/\/kingarms.ee\/lt\/wp-json\/wp\/v2\/media?parent=153855"}],"wp:term":[{"taxonomy":"product_brand","embeddable":true,"href":"https:\/\/kingarms.ee\/lt\/wp-json\/wp\/v2\/product_brand?post=153855"},{"taxonomy":"product_cat","embeddable":true,"href":"https:\/\/kingarms.ee\/lt\/wp-json\/wp\/v2\/product_cat?post=153855"},{"taxonomy":"product_tag","embeddable":true,"href":"https:\/\/kingarms.ee\/lt\/wp-json\/wp\/v2\/product_tag?post=153855"}],"curies":[{"name":"wp","href":"https:\/\/api.w.org\/{rel}","templated":true}]}}