{"id":153870,"date":"2025-10-10T12:42:51","date_gmt":"2025-10-10T09:42:51","guid":{"rendered":"https:\/\/kingarms.ee\/product\/lankininkystes-taikinys-495x495x9-cm\/"},"modified":"2025-10-10T12:45:57","modified_gmt":"2025-10-10T09:45:57","slug":"lankininkystes-taikinys-495x495x9-cm","status":"publish","type":"product","link":"https:\/\/kingarms.ee\/lt\/product\/lankininkystes-taikinys-495x495x9-cm\/","title":{"rendered":"Lankininkyst\u0117s taikinys 49,5\u00d749,5\u00d79 cm"},"content":{"rendered":"<p><img loading=\"lazy\" decoding=\"async\" class=\"alignnone size-medium wp-image-153859\" src=\"https:\/\/kingarms.ee\/wp-content\/uploads\/2025\/10\/a16c7736-edf3-11ef-aa17-00155d65b41a_9b7dac9c-edf9-11ef-aa17-00155d65b41a-300x300.jpg\" alt=\"\" width=\"300\" height=\"300\" srcset=\"https:\/\/kingarms.ee\/wp-content\/uploads\/2025\/10\/a16c7736-edf3-11ef-aa17-00155d65b41a_9b7dac9c-edf9-11ef-aa17-00155d65b41a-300x300.jpg 300w, https:\/\/kingarms.ee\/wp-content\/uploads\/2025\/10\/a16c7736-edf3-11ef-aa17-00155d65b41a_9b7dac9c-edf9-11ef-aa17-00155d65b41a-150x150.jpg 150w, https:\/\/kingarms.ee\/wp-content\/uploads\/2025\/10\/a16c7736-edf3-11ef-aa17-00155d65b41a_9b7dac9c-edf9-11ef-aa17-00155d65b41a-768x768.jpg 768w, https:\/\/kingarms.ee\/wp-content\/uploads\/2025\/10\/a16c7736-edf3-11ef-aa17-00155d65b41a_9b7dac9c-edf9-11ef-aa17-00155d65b41a-500x500.jpg 500w, https:\/\/kingarms.ee\/wp-content\/uploads\/2025\/10\/a16c7736-edf3-11ef-aa17-00155d65b41a_9b7dac9c-edf9-11ef-aa17-00155d65b41a.jpg 884w\" sizes=\"auto, (max-width: 300px) 100vw, 300px\" \/><\/p>\n","protected":false},"excerpt":{"rendered":"<p>Tvirtas ir lengvas taikinys, pagamintas i\u0161 tankaus savaime atsinaujinan\u010dio putplas\u010dio, matmenys 49,5\u00d749,5\u00d79 cm, tinkamas tiek lankininkyst\u0117s, tiek arbaleto treniruot\u0117ms. Atsparus pakartotiniams \u0161\u016bviams ir deformacijai, tinka naudoti tiek patalpose, tiek lauke \u2014 puikus pasirinkimas \u0161audymo tikslumui lavinti. <\/p>\n","protected":false},"featured_media":153863,"template":"","meta":{"_acf_changed":false},"product_brand":[],"product_cat":[1155],"product_tag":[],"class_list":{"0":"post-153870","1":"product","2":"type-product","3":"status-publish","4":"has-post-thumbnail","6":"product_cat-priedai","8":"first","9":"instock","10":"taxable","11":"shipping-taxable","12":"purchasable","13":"product-type-simple"},"acf":[],"_links":{"self":[{"href":"https:\/\/kingarms.ee\/lt\/wp-json\/wp\/v2\/product\/153870","targetHints":{"allow":["GET"]}}],"collection":[{"href":"https:\/\/kingarms.ee\/lt\/wp-json\/wp\/v2\/product"}],"about":[{"href":"https:\/\/kingarms.ee\/lt\/wp-json\/wp\/v2\/types\/product"}],"wp:featuredmedia":[{"embeddable":true,"href":"https:\/\/kingarms.ee\/lt\/wp-json\/wp\/v2\/media\/153863"}],"wp:attachment":[{"href":"https:\/\/kingarms.ee\/lt\/wp-json\/wp\/v2\/media?parent=153870"}],"wp:term":[{"taxonomy":"product_brand","embeddable":true,"href":"https:\/\/kingarms.ee\/lt\/wp-json\/wp\/v2\/product_brand?post=153870"},{"taxonomy":"product_cat","embeddable":true,"href":"https:\/\/kingarms.ee\/lt\/wp-json\/wp\/v2\/product_cat?post=153870"},{"taxonomy":"product_tag","embeddable":true,"href":"https:\/\/kingarms.ee\/lt\/wp-json\/wp\/v2\/product_tag?post=153870"}],"curies":[{"name":"wp","href":"https:\/\/api.w.org\/{rel}","templated":true}]}}