{"id":153890,"date":"2025-10-10T13:01:09","date_gmt":"2025-10-10T10:01:09","guid":{"rendered":"https:\/\/kingarms.ee\/product\/ballistol-saltas-riebalu-salinimo-purskalas-50-ml\/"},"modified":"2025-10-10T13:03:12","modified_gmt":"2025-10-10T10:03:12","slug":"ballistol-saltas-riebalu-salinimo-purskalas-50-ml","status":"publish","type":"product","link":"https:\/\/kingarms.ee\/lt\/product\/ballistol-saltas-riebalu-salinimo-purskalas-50-ml\/","title":{"rendered":"Ballistol \u0161altas riebal\u0173 \u0161alinimo pur\u0161kalas 50 ml"},"content":{"rendered":"<p><img loading=\"lazy\" decoding=\"async\" class=\"alignnone size-medium wp-image-153881\" src=\"https:\/\/kingarms.ee\/wp-content\/uploads\/2025\/10\/23356-180x300.jpeg\" alt=\"\" width=\"180\" height=\"300\" srcset=\"https:\/\/kingarms.ee\/wp-content\/uploads\/2025\/10\/23356-180x300.jpeg 180w, https:\/\/kingarms.ee\/wp-content\/uploads\/2025\/10\/23356-614x1024.jpeg 614w, https:\/\/kingarms.ee\/wp-content\/uploads\/2025\/10\/23356-768x1280.jpeg 768w, https:\/\/kingarms.ee\/wp-content\/uploads\/2025\/10\/23356-500x833.jpeg 500w, https:\/\/kingarms.ee\/wp-content\/uploads\/2025\/10\/23356-150x250.jpeg 150w, https:\/\/kingarms.ee\/wp-content\/uploads\/2025\/10\/23356.jpeg 840w\" sizes=\"auto, (max-width: 180px) 100vw, 180px\" \/><\/p>\n","protected":false},"excerpt":{"rendered":"<p>Ballistol Cold Degreaser \u2014 tai efektyvus \u0161altas valymo pur\u0161kalas, skirtas metalini\u0173 pavir\u0161i\u0173, ginkl\u0173 ir mechanini\u0173 dali\u0173 nuriebalinimui bei ne\u0161varum\u0173 \u0161alinimui. 50 ml aerozolis leid\u017eia tiksliai purk\u0161ti net ma\u017eus plotus, greitai i\u0161garuoja ir nepalieka liku\u010di\u0173. Puikiai tinka pavir\u0161i\u0173 paruo\u0161imui prie\u0161 alyvavim\u0105, da\u017eym\u0105 ar konservavim\u0105, taip pat ginkl\u0173 prie\u017ei\u016brai.   <\/p>\n","protected":false},"featured_media":155135,"template":"","meta":{"_acf_changed":false},"product_brand":[],"product_cat":[1150],"product_tag":[],"class_list":{"0":"post-153890","1":"product","2":"type-product","3":"status-publish","4":"has-post-thumbnail","6":"product_cat-ginklu-prieziura","8":"first","9":"instock","10":"taxable","11":"shipping-taxable","12":"purchasable","13":"product-type-simple"},"acf":[],"_links":{"self":[{"href":"https:\/\/kingarms.ee\/lt\/wp-json\/wp\/v2\/product\/153890","targetHints":{"allow":["GET"]}}],"collection":[{"href":"https:\/\/kingarms.ee\/lt\/wp-json\/wp\/v2\/product"}],"about":[{"href":"https:\/\/kingarms.ee\/lt\/wp-json\/wp\/v2\/types\/product"}],"wp:featuredmedia":[{"embeddable":true,"href":"https:\/\/kingarms.ee\/lt\/wp-json\/wp\/v2\/media\/155135"}],"wp:attachment":[{"href":"https:\/\/kingarms.ee\/lt\/wp-json\/wp\/v2\/media?parent=153890"}],"wp:term":[{"taxonomy":"product_brand","embeddable":true,"href":"https:\/\/kingarms.ee\/lt\/wp-json\/wp\/v2\/product_brand?post=153890"},{"taxonomy":"product_cat","embeddable":true,"href":"https:\/\/kingarms.ee\/lt\/wp-json\/wp\/v2\/product_cat?post=153890"},{"taxonomy":"product_tag","embeddable":true,"href":"https:\/\/kingarms.ee\/lt\/wp-json\/wp\/v2\/product_tag?post=153890"}],"curies":[{"name":"wp","href":"https:\/\/api.w.org\/{rel}","templated":true}]}}