{"id":153903,"date":"2025-10-10T13:10:15","date_gmt":"2025-10-10T10:10:15","guid":{"rendered":"https:\/\/kingarms.ee\/product\/ballistol-saltas-riebalu-salinimo-purskalas-200-ml\/"},"modified":"2025-10-10T13:12:37","modified_gmt":"2025-10-10T10:12:37","slug":"ballistol-saltas-riebalu-salinimo-purskalas-200-ml","status":"publish","type":"product","link":"https:\/\/kingarms.ee\/lt\/product\/ballistol-saltas-riebalu-salinimo-purskalas-200-ml\/","title":{"rendered":"Ballistol \u0161altas riebal\u0173 \u0161alinimo pur\u0161kalas 200 ml"},"content":{"rendered":"<p><img loading=\"lazy\" decoding=\"async\" class=\"alignnone size-medium wp-image-153894\" src=\"https:\/\/kingarms.ee\/wp-content\/uploads\/2025\/10\/3d4bf28b-482e-11f0-aa17-00155d65b41a_98ddb994-4c37-11f0-aa17-00155d65b41a-1-300x300.png\" alt=\"\" width=\"300\" height=\"300\" srcset=\"https:\/\/kingarms.ee\/wp-content\/uploads\/2025\/10\/3d4bf28b-482e-11f0-aa17-00155d65b41a_98ddb994-4c37-11f0-aa17-00155d65b41a-1-300x300.png 300w, https:\/\/kingarms.ee\/wp-content\/uploads\/2025\/10\/3d4bf28b-482e-11f0-aa17-00155d65b41a_98ddb994-4c37-11f0-aa17-00155d65b41a-1-150x150.png 150w, https:\/\/kingarms.ee\/wp-content\/uploads\/2025\/10\/3d4bf28b-482e-11f0-aa17-00155d65b41a_98ddb994-4c37-11f0-aa17-00155d65b41a-1-768x768.png 768w, https:\/\/kingarms.ee\/wp-content\/uploads\/2025\/10\/3d4bf28b-482e-11f0-aa17-00155d65b41a_98ddb994-4c37-11f0-aa17-00155d65b41a-1-500x500.png 500w, https:\/\/kingarms.ee\/wp-content\/uploads\/2025\/10\/3d4bf28b-482e-11f0-aa17-00155d65b41a_98ddb994-4c37-11f0-aa17-00155d65b41a-1.png 942w\" sizes=\"auto, (max-width: 300px) 100vw, 300px\" \/><\/p>\n","protected":false},"excerpt":{"rendered":"<p>Ballistol Cold Degreaser \u2014 tai profesionalus pur\u0161kalas, skirtas greitam ir saugiam metalo, ginkl\u0173 bei mechanini\u0173 dali\u0173 nuriebalinimui ir ne\u0161varum\u0173 \u0161alinimui. 200 ml aerozolis leid\u017eia tolygiai dengti didesnius pavir\u0161ius, greitai i\u0161garuoja, nepalieka liku\u010di\u0173 ir nepa\u017eeid\u017eia pavir\u0161iaus. Puikiai tinka pavir\u0161i\u0173 paruo\u0161imui prie\u0161 alyvavim\u0105, da\u017eym\u0105 ar v\u0117linim\u0105, taip pat ginkl\u0173 ir \u012franki\u0173 prie\u017ei\u016brai.   <\/p>\n","protected":false},"featured_media":155177,"template":"","meta":{"_acf_changed":false},"product_brand":[],"product_cat":[1150],"product_tag":[],"class_list":{"0":"post-153903","1":"product","2":"type-product","3":"status-publish","4":"has-post-thumbnail","6":"product_cat-ginklu-prieziura","8":"first","9":"instock","10":"taxable","11":"shipping-taxable","12":"purchasable","13":"product-type-simple"},"acf":[],"_links":{"self":[{"href":"https:\/\/kingarms.ee\/lt\/wp-json\/wp\/v2\/product\/153903","targetHints":{"allow":["GET"]}}],"collection":[{"href":"https:\/\/kingarms.ee\/lt\/wp-json\/wp\/v2\/product"}],"about":[{"href":"https:\/\/kingarms.ee\/lt\/wp-json\/wp\/v2\/types\/product"}],"wp:featuredmedia":[{"embeddable":true,"href":"https:\/\/kingarms.ee\/lt\/wp-json\/wp\/v2\/media\/155177"}],"wp:attachment":[{"href":"https:\/\/kingarms.ee\/lt\/wp-json\/wp\/v2\/media?parent=153903"}],"wp:term":[{"taxonomy":"product_brand","embeddable":true,"href":"https:\/\/kingarms.ee\/lt\/wp-json\/wp\/v2\/product_brand?post=153903"},{"taxonomy":"product_cat","embeddable":true,"href":"https:\/\/kingarms.ee\/lt\/wp-json\/wp\/v2\/product_cat?post=153903"},{"taxonomy":"product_tag","embeddable":true,"href":"https:\/\/kingarms.ee\/lt\/wp-json\/wp\/v2\/product_tag?post=153903"}],"curies":[{"name":"wp","href":"https:\/\/api.w.org\/{rel}","templated":true}]}}