{"id":153956,"date":"2025-10-10T13:32:50","date_gmt":"2025-10-10T10:32:50","guid":{"rendered":"https:\/\/kingarms.ee\/product\/ballistol-gunex-specialus-ginklu-alyvos-purskalas-400-ml\/"},"modified":"2025-10-10T13:34:45","modified_gmt":"2025-10-10T10:34:45","slug":"ballistol-gunex-specialus-ginklu-alyvos-purskalas-400-ml","status":"publish","type":"product","link":"https:\/\/kingarms.ee\/lt\/product\/ballistol-gunex-specialus-ginklu-alyvos-purskalas-400-ml\/","title":{"rendered":"Ballistol Gunex specialus ginkl\u0173 alyvos pur\u0161kalas 400 ml"},"content":{"rendered":"<p><img loading=\"lazy\" decoding=\"async\" class=\"alignnone size-medium wp-image-153946\" src=\"https:\/\/kingarms.ee\/wp-content\/uploads\/2025\/10\/Ballistol_Gunex_gun_oil_spray_400_ml_01-101x300.jpg\" alt=\"\" width=\"101\" height=\"300\" srcset=\"https:\/\/kingarms.ee\/wp-content\/uploads\/2025\/10\/Ballistol_Gunex_gun_oil_spray_400_ml_01-101x300.jpg 101w, https:\/\/kingarms.ee\/wp-content\/uploads\/2025\/10\/Ballistol_Gunex_gun_oil_spray_400_ml_01-150x445.jpg 150w, https:\/\/kingarms.ee\/wp-content\/uploads\/2025\/10\/Ballistol_Gunex_gun_oil_spray_400_ml_01.jpg 301w\" sizes=\"auto, (max-width: 101px) 100vw, 101px\" \/><\/p>\n","protected":false},"excerpt":{"rendered":"<p>Ballistol Gunex \u2014 profesionali ginkl\u0173 alyva, u\u017etikrinanti ilgalaik\u0119 apsaug\u0105 nuo korozijos ir patikim\u0105 tepim\u0105 net iki \u201350 \u00b0C temperat\u016broje. Ji pasi\u017eymi dideliu prasiskverbimu, pa\u0161alina dr\u0117gm\u0119, ne\u0161varumus ir palieka antikorozin\u0119 pl\u0117vel\u0119, u\u017etikrinan\u010di\u0105 skland\u0173 mechanizm\u0173 darb\u0105. 400 ml aerozolis idealiai tinka ginkl\u0173, \u012franki\u0173 ir metalini\u0173 pavir\u0161i\u0173 prie\u017ei\u016brai. Sud\u0117tyje n\u0117ra silikono ir PTFE.   <\/p>\n","protected":false},"featured_media":153950,"template":"","meta":{"_acf_changed":false},"product_brand":[],"product_cat":[1150],"product_tag":[],"class_list":{"0":"post-153956","1":"product","2":"type-product","3":"status-publish","4":"has-post-thumbnail","6":"product_cat-ginklu-prieziura","8":"first","9":"instock","10":"sale","11":"taxable","12":"shipping-taxable","13":"purchasable","14":"product-type-simple"},"acf":[],"_links":{"self":[{"href":"https:\/\/kingarms.ee\/lt\/wp-json\/wp\/v2\/product\/153956","targetHints":{"allow":["GET"]}}],"collection":[{"href":"https:\/\/kingarms.ee\/lt\/wp-json\/wp\/v2\/product"}],"about":[{"href":"https:\/\/kingarms.ee\/lt\/wp-json\/wp\/v2\/types\/product"}],"wp:featuredmedia":[{"embeddable":true,"href":"https:\/\/kingarms.ee\/lt\/wp-json\/wp\/v2\/media\/153950"}],"wp:attachment":[{"href":"https:\/\/kingarms.ee\/lt\/wp-json\/wp\/v2\/media?parent=153956"}],"wp:term":[{"taxonomy":"product_brand","embeddable":true,"href":"https:\/\/kingarms.ee\/lt\/wp-json\/wp\/v2\/product_brand?post=153956"},{"taxonomy":"product_cat","embeddable":true,"href":"https:\/\/kingarms.ee\/lt\/wp-json\/wp\/v2\/product_cat?post=153956"},{"taxonomy":"product_tag","embeddable":true,"href":"https:\/\/kingarms.ee\/lt\/wp-json\/wp\/v2\/product_tag?post=153956"}],"curies":[{"name":"wp","href":"https:\/\/api.w.org\/{rel}","templated":true}]}}