{"id":153968,"date":"2025-10-10T13:37:19","date_gmt":"2025-10-10T10:37:19","guid":{"rendered":"https:\/\/kingarms.ee\/product\/ballistol-quick-browning-saltas-melynavimo-skystis-50-ml\/"},"modified":"2025-10-10T13:39:18","modified_gmt":"2025-10-10T10:39:18","slug":"ballistol-quick-browning-saltas-melynavimo-skystis-50-ml","status":"publish","type":"product","link":"https:\/\/kingarms.ee\/lt\/product\/ballistol-quick-browning-saltas-melynavimo-skystis-50-ml\/","title":{"rendered":"Ballistol Quick Browning \u0161altas m\u0117lynavimo skystis 50 ml"},"content":{"rendered":"<p><img loading=\"lazy\" decoding=\"async\" class=\"alignnone size-medium wp-image-153959\" src=\"https:\/\/kingarms.ee\/wp-content\/uploads\/2025\/10\/prod-23630_schnellbruenierung_50ml-181x300.png\" alt=\"\" width=\"181\" height=\"300\" srcset=\"https:\/\/kingarms.ee\/wp-content\/uploads\/2025\/10\/prod-23630_schnellbruenierung_50ml-181x300.png 181w, https:\/\/kingarms.ee\/wp-content\/uploads\/2025\/10\/prod-23630_schnellbruenierung_50ml-150x248.png 150w, https:\/\/kingarms.ee\/wp-content\/uploads\/2025\/10\/prod-23630_schnellbruenierung_50ml.png 435w\" sizes=\"auto, (max-width: 181px) 100vw, 181px\" \/><\/p>\n","protected":false},"excerpt":{"rendered":"<p>Ballistol Quick Browning \u2014 tai profesionalus \u0161alto m\u0117lynavimo tirpalas, skirtas greitam ir tolygiam metalo pavir\u0161i\u0173 patamsinimui arba atk\u016brimui. Skystis per kelias sekundes sukuria tvirt\u0105, korozijai atspar\u0173 melsvai juod\u0105 sluoksn\u012f be kaitinimo. 50 ml buteliukas tinka smulkiems \u012fbr\u0117\u017eimams taisyti arba visi\u0161kai atnaujinti vamzd\u017eius ir plieno detales. Naudoti tik anglies plienui.   <\/p>\n","protected":false},"featured_media":155171,"template":"","meta":{"_acf_changed":false},"product_brand":[],"product_cat":[1150],"product_tag":[],"class_list":{"0":"post-153968","1":"product","2":"type-product","3":"status-publish","4":"has-post-thumbnail","6":"product_cat-ginklu-prieziura","8":"first","9":"instock","10":"taxable","11":"shipping-taxable","12":"purchasable","13":"product-type-simple"},"acf":[],"_links":{"self":[{"href":"https:\/\/kingarms.ee\/lt\/wp-json\/wp\/v2\/product\/153968","targetHints":{"allow":["GET"]}}],"collection":[{"href":"https:\/\/kingarms.ee\/lt\/wp-json\/wp\/v2\/product"}],"about":[{"href":"https:\/\/kingarms.ee\/lt\/wp-json\/wp\/v2\/types\/product"}],"wp:featuredmedia":[{"embeddable":true,"href":"https:\/\/kingarms.ee\/lt\/wp-json\/wp\/v2\/media\/155171"}],"wp:attachment":[{"href":"https:\/\/kingarms.ee\/lt\/wp-json\/wp\/v2\/media?parent=153968"}],"wp:term":[{"taxonomy":"product_brand","embeddable":true,"href":"https:\/\/kingarms.ee\/lt\/wp-json\/wp\/v2\/product_brand?post=153968"},{"taxonomy":"product_cat","embeddable":true,"href":"https:\/\/kingarms.ee\/lt\/wp-json\/wp\/v2\/product_cat?post=153968"},{"taxonomy":"product_tag","embeddable":true,"href":"https:\/\/kingarms.ee\/lt\/wp-json\/wp\/v2\/product_tag?post=153968"}],"curies":[{"name":"wp","href":"https:\/\/api.w.org\/{rel}","templated":true}]}}