{"id":153980,"date":"2025-10-10T13:43:03","date_gmt":"2025-10-10T10:43:03","guid":{"rendered":"https:\/\/kingarms.ee\/product\/ballistol-robla-solo-mil-vamzdzio-valiklis-65-ml\/"},"modified":"2025-10-10T13:46:22","modified_gmt":"2025-10-10T10:46:22","slug":"ballistol-robla-solo-mil-vamzdzio-valiklis-65-ml","status":"publish","type":"product","link":"https:\/\/kingarms.ee\/lt\/product\/ballistol-robla-solo-mil-vamzdzio-valiklis-65-ml\/","title":{"rendered":"Ballistol Robla Solo MIL vamzd\u017eio valiklis 65 ml"},"content":{"rendered":"<p><img loading=\"lazy\" decoding=\"async\" class=\"alignnone size-medium wp-image-153971\" src=\"https:\/\/kingarms.ee\/wp-content\/uploads\/2025\/10\/Ballistol-robla-solo-23532-212x300.jpg\" alt=\"\" width=\"212\" height=\"300\" srcset=\"https:\/\/kingarms.ee\/wp-content\/uploads\/2025\/10\/Ballistol-robla-solo-23532-212x300.jpg 212w, https:\/\/kingarms.ee\/wp-content\/uploads\/2025\/10\/Ballistol-robla-solo-23532-725x1024.jpg 725w, https:\/\/kingarms.ee\/wp-content\/uploads\/2025\/10\/Ballistol-robla-solo-23532-768x1085.jpg 768w, https:\/\/kingarms.ee\/wp-content\/uploads\/2025\/10\/Ballistol-robla-solo-23532-500x706.jpg 500w, https:\/\/kingarms.ee\/wp-content\/uploads\/2025\/10\/Ballistol-robla-solo-23532-150x212.jpg 150w, https:\/\/kingarms.ee\/wp-content\/uploads\/2025\/10\/Ballistol-robla-solo-23532.jpg 866w\" sizes=\"auto, (max-width: 212px) 100vw, 212px\" \/><\/p>\n","protected":false},"excerpt":{"rendered":"<p>Ballistol Robla Solo MIL \u2014 tai profesionalus ginkl\u0173 vamzd\u017ei\u0173 valiklis, sukurtas pagal karinius standartus, skirtas giluminiam cheminiam valymui. Efektyviai pa\u0161alina vario, tombako, \u0161vino, alavo ir parako liku\u010dius, nepa\u017eeid\u017eia plieno ir nekei\u010dia vamzd\u017eio tikslumo. 65 ml buteliukas tinka pistoletams, \u0161autuvams ir lygiavamzd\u017eiams ginklams. Saugus chromuotiems ir nikeliuotiems pavir\u0161iams.   <\/p>\n","protected":false},"featured_media":155105,"template":"","meta":{"_acf_changed":false},"product_brand":[],"product_cat":[1150],"product_tag":[],"class_list":{"0":"post-153980","1":"product","2":"type-product","3":"status-publish","4":"has-post-thumbnail","6":"product_cat-ginklu-prieziura","8":"first","9":"instock","10":"taxable","11":"shipping-taxable","12":"purchasable","13":"product-type-simple"},"acf":[],"_links":{"self":[{"href":"https:\/\/kingarms.ee\/lt\/wp-json\/wp\/v2\/product\/153980","targetHints":{"allow":["GET"]}}],"collection":[{"href":"https:\/\/kingarms.ee\/lt\/wp-json\/wp\/v2\/product"}],"about":[{"href":"https:\/\/kingarms.ee\/lt\/wp-json\/wp\/v2\/types\/product"}],"wp:featuredmedia":[{"embeddable":true,"href":"https:\/\/kingarms.ee\/lt\/wp-json\/wp\/v2\/media\/155105"}],"wp:attachment":[{"href":"https:\/\/kingarms.ee\/lt\/wp-json\/wp\/v2\/media?parent=153980"}],"wp:term":[{"taxonomy":"product_brand","embeddable":true,"href":"https:\/\/kingarms.ee\/lt\/wp-json\/wp\/v2\/product_brand?post=153980"},{"taxonomy":"product_cat","embeddable":true,"href":"https:\/\/kingarms.ee\/lt\/wp-json\/wp\/v2\/product_cat?post=153980"},{"taxonomy":"product_tag","embeddable":true,"href":"https:\/\/kingarms.ee\/lt\/wp-json\/wp\/v2\/product_tag?post=153980"}],"curies":[{"name":"wp","href":"https:\/\/api.w.org\/{rel}","templated":true}]}}