{"id":153994,"date":"2025-10-10T13:50:34","date_gmt":"2025-10-10T10:50:34","guid":{"rendered":"https:\/\/kingarms.ee\/product\/ballistol-universalus-aliejus-purskiklis-25-ml\/"},"modified":"2025-10-10T13:52:31","modified_gmt":"2025-10-10T10:52:31","slug":"ballistol-universalus-aliejus-purskiklis-25-ml","status":"publish","type":"product","link":"https:\/\/kingarms.ee\/lt\/product\/ballistol-universalus-aliejus-purskiklis-25-ml\/","title":{"rendered":"Ballistol universalus aliejus pur\u0161kiklis 25 ml"},"content":{"rendered":"<p><img loading=\"lazy\" decoding=\"async\" class=\"alignnone size-medium wp-image-153983\" src=\"https:\/\/kingarms.ee\/wp-content\/uploads\/2025\/10\/16006_s-300x300.jpg\" alt=\"\" width=\"300\" height=\"300\" srcset=\"https:\/\/kingarms.ee\/wp-content\/uploads\/2025\/10\/16006_s-300x300.jpg 300w, https:\/\/kingarms.ee\/wp-content\/uploads\/2025\/10\/16006_s-150x150.jpg 150w, https:\/\/kingarms.ee\/wp-content\/uploads\/2025\/10\/16006_s-768x768.jpg 768w, https:\/\/kingarms.ee\/wp-content\/uploads\/2025\/10\/16006_s-500x500.jpg 500w, https:\/\/kingarms.ee\/wp-content\/uploads\/2025\/10\/16006_s.jpg 1000w\" sizes=\"auto, (max-width: 300px) 100vw, 300px\" \/><\/p>\n","protected":false},"excerpt":{"rendered":"<p>Ballistol Universal\u00f6l \u2014 legendinis universalus aliejus, skirtas metalini\u0173, medini\u0173, odini\u0173 ir plastikini\u0173 pavir\u0161i\u0173 valymui, tepimui ir apsaugai. 25 ml aerozolis leid\u017eia tiksliai naudoti priemon\u0119 ginkl\u0173, \u012franki\u0173 ir buitin\u0117s technikos prie\u017ei\u016brai. Aliejus giliai \u012fsiskverbia, pa\u0161alina dr\u0117gm\u0119 ir saugo nuo r\u016bd\u017ei\u0173. Biologi\u0161kai suyrantis, saugus odai, be silikono ir PTFE. Voki\u0161ka kokyb\u0117 nuo 1904 met\u0173.     <\/p>\n","protected":false},"featured_media":155085,"template":"","meta":{"_acf_changed":false},"product_brand":[],"product_cat":[1150],"product_tag":[],"class_list":{"0":"post-153994","1":"product","2":"type-product","3":"status-publish","4":"has-post-thumbnail","6":"product_cat-ginklu-prieziura","8":"first","9":"instock","10":"taxable","11":"shipping-taxable","12":"purchasable","13":"product-type-simple"},"acf":[],"_links":{"self":[{"href":"https:\/\/kingarms.ee\/lt\/wp-json\/wp\/v2\/product\/153994","targetHints":{"allow":["GET"]}}],"collection":[{"href":"https:\/\/kingarms.ee\/lt\/wp-json\/wp\/v2\/product"}],"about":[{"href":"https:\/\/kingarms.ee\/lt\/wp-json\/wp\/v2\/types\/product"}],"wp:featuredmedia":[{"embeddable":true,"href":"https:\/\/kingarms.ee\/lt\/wp-json\/wp\/v2\/media\/155085"}],"wp:attachment":[{"href":"https:\/\/kingarms.ee\/lt\/wp-json\/wp\/v2\/media?parent=153994"}],"wp:term":[{"taxonomy":"product_brand","embeddable":true,"href":"https:\/\/kingarms.ee\/lt\/wp-json\/wp\/v2\/product_brand?post=153994"},{"taxonomy":"product_cat","embeddable":true,"href":"https:\/\/kingarms.ee\/lt\/wp-json\/wp\/v2\/product_cat?post=153994"},{"taxonomy":"product_tag","embeddable":true,"href":"https:\/\/kingarms.ee\/lt\/wp-json\/wp\/v2\/product_tag?post=153994"}],"curies":[{"name":"wp","href":"https:\/\/api.w.org\/{rel}","templated":true}]}}