{"id":154009,"date":"2025-10-10T13:55:16","date_gmt":"2025-10-10T10:55:16","guid":{"rendered":"https:\/\/kingarms.ee\/product\/ballistol-universalus-aliejus-purskiklis-200-ml\/"},"modified":"2025-10-10T13:57:14","modified_gmt":"2025-10-10T10:57:14","slug":"ballistol-universalus-aliejus-purskiklis-200-ml","status":"publish","type":"product","link":"https:\/\/kingarms.ee\/lt\/product\/ballistol-universalus-aliejus-purskiklis-200-ml\/","title":{"rendered":"Ballistol universalus aliejus pur\u0161kiklis 200 ml"},"content":{"rendered":"<p><img loading=\"lazy\" decoding=\"async\" class=\"alignnone size-medium wp-image-153997\" src=\"https:\/\/kingarms.ee\/wp-content\/uploads\/2025\/10\/1c4c64a4-ac01-11eb-8fa2-00155dd95b07_1c4c64a5-ac01-11eb-8fa2-00155dd95b07-240x300.jpg\" alt=\"\" width=\"240\" height=\"300\" srcset=\"https:\/\/kingarms.ee\/wp-content\/uploads\/2025\/10\/1c4c64a4-ac01-11eb-8fa2-00155dd95b07_1c4c64a5-ac01-11eb-8fa2-00155dd95b07-240x300.jpg 240w, https:\/\/kingarms.ee\/wp-content\/uploads\/2025\/10\/1c4c64a4-ac01-11eb-8fa2-00155dd95b07_1c4c64a5-ac01-11eb-8fa2-00155dd95b07-768x960.jpg 768w, https:\/\/kingarms.ee\/wp-content\/uploads\/2025\/10\/1c4c64a4-ac01-11eb-8fa2-00155dd95b07_1c4c64a5-ac01-11eb-8fa2-00155dd95b07-500x625.jpg 500w, https:\/\/kingarms.ee\/wp-content\/uploads\/2025\/10\/1c4c64a4-ac01-11eb-8fa2-00155dd95b07_1c4c64a5-ac01-11eb-8fa2-00155dd95b07-150x188.jpg 150w, https:\/\/kingarms.ee\/wp-content\/uploads\/2025\/10\/1c4c64a4-ac01-11eb-8fa2-00155dd95b07_1c4c64a5-ac01-11eb-8fa2-00155dd95b07.jpg 799w\" sizes=\"auto, (max-width: 240px) 100vw, 240px\" \/><\/p>\n","protected":false},"excerpt":{"rendered":"<p>Ballistol Universal\u00f6l \u2014 legendinis universalus aliejus, skirtas metalini\u0173, medini\u0173, odini\u0173, plastikini\u0173 ir gumini\u0173 pavir\u0161i\u0173 valymui, tepimui ir apsaugai. 200 ml aerozolis u\u017etikrina tolyg\u0173 padengim\u0105, giliai \u012fsiskverbia, pa\u0161alina dr\u0117gm\u0119 ir ilgai saugo nuo korozijos. Puikiai tinka ginkl\u0173, \u012franki\u0173, mechanizm\u0173, dvira\u010di\u0173 ir buitini\u0173 prietais\u0173 prie\u017ei\u016brai. Biologi\u0161kai suyrantis, saugus odai, be silikono ir PTFE. Voki\u0161ka kokyb\u0117 nuo 1904 met\u0173.     <\/p>\n","protected":false},"featured_media":155165,"template":"","meta":{"_acf_changed":false},"product_brand":[],"product_cat":[1150],"product_tag":[],"class_list":{"0":"post-154009","1":"product","2":"type-product","3":"status-publish","4":"has-post-thumbnail","6":"product_cat-ginklu-prieziura","8":"first","9":"instock","10":"taxable","11":"shipping-taxable","12":"purchasable","13":"product-type-simple"},"acf":[],"_links":{"self":[{"href":"https:\/\/kingarms.ee\/lt\/wp-json\/wp\/v2\/product\/154009","targetHints":{"allow":["GET"]}}],"collection":[{"href":"https:\/\/kingarms.ee\/lt\/wp-json\/wp\/v2\/product"}],"about":[{"href":"https:\/\/kingarms.ee\/lt\/wp-json\/wp\/v2\/types\/product"}],"wp:featuredmedia":[{"embeddable":true,"href":"https:\/\/kingarms.ee\/lt\/wp-json\/wp\/v2\/media\/155165"}],"wp:attachment":[{"href":"https:\/\/kingarms.ee\/lt\/wp-json\/wp\/v2\/media?parent=154009"}],"wp:term":[{"taxonomy":"product_brand","embeddable":true,"href":"https:\/\/kingarms.ee\/lt\/wp-json\/wp\/v2\/product_brand?post=154009"},{"taxonomy":"product_cat","embeddable":true,"href":"https:\/\/kingarms.ee\/lt\/wp-json\/wp\/v2\/product_cat?post=154009"},{"taxonomy":"product_tag","embeddable":true,"href":"https:\/\/kingarms.ee\/lt\/wp-json\/wp\/v2\/product_tag?post=154009"}],"curies":[{"name":"wp","href":"https:\/\/api.w.org\/{rel}","templated":true}]}}