{"id":154021,"date":"2025-10-10T14:00:08","date_gmt":"2025-10-10T11:00:08","guid":{"rendered":"https:\/\/kingarms.ee\/product\/ballistol-universalus-aliejus-purskiklis-400-ml\/"},"modified":"2025-10-10T14:02:06","modified_gmt":"2025-10-10T11:02:06","slug":"ballistol-universalus-aliejus-purskiklis-400-ml","status":"publish","type":"product","link":"https:\/\/kingarms.ee\/lt\/product\/ballistol-universalus-aliejus-purskiklis-400-ml\/","title":{"rendered":"Ballistol universalus aliejus pur\u0161kiklis 400 ml"},"content":{"rendered":"<p><img loading=\"lazy\" decoding=\"async\" class=\"alignnone size-medium wp-image-154012\" src=\"https:\/\/kingarms.ee\/wp-content\/uploads\/2025\/10\/ballistol-universaloel-21810-400ml-1373540-300x300.jpg\" alt=\"\" width=\"300\" height=\"300\" srcset=\"https:\/\/kingarms.ee\/wp-content\/uploads\/2025\/10\/ballistol-universaloel-21810-400ml-1373540-300x300.jpg 300w, https:\/\/kingarms.ee\/wp-content\/uploads\/2025\/10\/ballistol-universaloel-21810-400ml-1373540-150x150.jpg 150w, https:\/\/kingarms.ee\/wp-content\/uploads\/2025\/10\/ballistol-universaloel-21810-400ml-1373540-500x500.jpg 500w, https:\/\/kingarms.ee\/wp-content\/uploads\/2025\/10\/ballistol-universaloel-21810-400ml-1373540.jpg 681w\" sizes=\"auto, (max-width: 300px) 100vw, 300px\" \/><\/p>\n","protected":false},"excerpt":{"rendered":"<p>Ballistol Universal\u00f6l \u2014 originalus universalus aliejus, valantis, tepantis ir apsaugantis metalinius, medinius, odinius, plastikinius ir guminius pavir\u0161ius. 400 ml aerozolis tinka profesionaliam ir da\u017enam naudojimui, giliai \u012fsiskverbia, pa\u0161alina dr\u0117gm\u0119 ir u\u017etikrina ilgalaik\u0119 antikorozin\u0119 apsaug\u0105. Idealiai tinka ginkl\u0173, \u012franki\u0173, mechanizm\u0173 ir buitini\u0173 prietais\u0173 prie\u017ei\u016brai. Biologi\u0161kai suyrantis, saugus odai, be silikono ir PTFE. Voki\u0161ka kokyb\u0117 nuo 1904 met\u0173.     <\/p>\n","protected":false},"featured_media":154016,"template":"","meta":{"_acf_changed":false},"product_brand":[],"product_cat":[1150],"product_tag":[],"class_list":{"0":"post-154021","1":"product","2":"type-product","3":"status-publish","4":"has-post-thumbnail","6":"product_cat-ginklu-prieziura","8":"first","9":"instock","10":"taxable","11":"shipping-taxable","12":"purchasable","13":"product-type-simple"},"acf":[],"_links":{"self":[{"href":"https:\/\/kingarms.ee\/lt\/wp-json\/wp\/v2\/product\/154021","targetHints":{"allow":["GET"]}}],"collection":[{"href":"https:\/\/kingarms.ee\/lt\/wp-json\/wp\/v2\/product"}],"about":[{"href":"https:\/\/kingarms.ee\/lt\/wp-json\/wp\/v2\/types\/product"}],"wp:featuredmedia":[{"embeddable":true,"href":"https:\/\/kingarms.ee\/lt\/wp-json\/wp\/v2\/media\/154016"}],"wp:attachment":[{"href":"https:\/\/kingarms.ee\/lt\/wp-json\/wp\/v2\/media?parent=154021"}],"wp:term":[{"taxonomy":"product_brand","embeddable":true,"href":"https:\/\/kingarms.ee\/lt\/wp-json\/wp\/v2\/product_brand?post=154021"},{"taxonomy":"product_cat","embeddable":true,"href":"https:\/\/kingarms.ee\/lt\/wp-json\/wp\/v2\/product_cat?post=154021"},{"taxonomy":"product_tag","embeddable":true,"href":"https:\/\/kingarms.ee\/lt\/wp-json\/wp\/v2\/product_tag?post=154021"}],"curies":[{"name":"wp","href":"https:\/\/api.w.org\/{rel}","templated":true}]}}