{"id":154033,"date":"2025-10-10T14:04:57","date_gmt":"2025-10-10T11:04:57","guid":{"rendered":"https:\/\/kingarms.ee\/product\/ballistol-universalus-aliejus-varioflex-purskiklis-350-ml\/"},"modified":"2025-10-10T14:07:29","modified_gmt":"2025-10-10T11:07:29","slug":"ballistol-universalus-aliejus-varioflex-purskiklis-350-ml","status":"publish","type":"product","link":"https:\/\/kingarms.ee\/lt\/product\/ballistol-universalus-aliejus-varioflex-purskiklis-350-ml\/","title":{"rendered":"Ballistol universalus aliejus VarioFlex pur\u0161kiklis 350 ml"},"content":{"rendered":"<p><img loading=\"lazy\" decoding=\"async\" class=\"alignnone size-medium wp-image-154024\" src=\"https:\/\/kingarms.ee\/wp-content\/uploads\/2025\/10\/prod-21727_gerade-165x300.png\" alt=\"\" width=\"165\" height=\"300\" srcset=\"https:\/\/kingarms.ee\/wp-content\/uploads\/2025\/10\/prod-21727_gerade-165x300.png 165w, https:\/\/kingarms.ee\/wp-content\/uploads\/2025\/10\/prod-21727_gerade-150x273.png 150w, https:\/\/kingarms.ee\/wp-content\/uploads\/2025\/10\/prod-21727_gerade.png 396w\" sizes=\"auto, (max-width: 165px) 100vw, 165px\" \/><\/p>\n","protected":false},"excerpt":{"rendered":"<p>Ballistol Universal\u00f6l VarioFlex \u2014 tai universalus aliejus su reguliuojamu lanks\u010diu pur\u0161kimo vamzdeliu, leid\u017eian\u010diu pasiekti net sunkiai prieinamas vietas. 350 ml aerozolis valo, tepa ir apsaugo metalinius, medinius, odinius, plastikinius ir guminius pavir\u0161ius. Aliejus giliai \u012fsiskverbia, pa\u0161alina dr\u0117gm\u0119 ir sukuria ilgalaik\u0119 antikorozin\u0119 apsaug\u0105. Biologi\u0161kai suyrantis, saugus odai, be silikono ir PTFE. Voki\u0161ka kokyb\u0117 nuo 1904 met\u0173.     <\/p>\n","protected":false},"featured_media":154028,"template":"","meta":{"_acf_changed":false},"product_brand":[],"product_cat":[1150],"product_tag":[],"class_list":{"0":"post-154033","1":"product","2":"type-product","3":"status-publish","4":"has-post-thumbnail","6":"product_cat-ginklu-prieziura","8":"first","9":"instock","10":"taxable","11":"shipping-taxable","12":"purchasable","13":"product-type-simple"},"acf":[],"_links":{"self":[{"href":"https:\/\/kingarms.ee\/lt\/wp-json\/wp\/v2\/product\/154033","targetHints":{"allow":["GET"]}}],"collection":[{"href":"https:\/\/kingarms.ee\/lt\/wp-json\/wp\/v2\/product"}],"about":[{"href":"https:\/\/kingarms.ee\/lt\/wp-json\/wp\/v2\/types\/product"}],"wp:featuredmedia":[{"embeddable":true,"href":"https:\/\/kingarms.ee\/lt\/wp-json\/wp\/v2\/media\/154028"}],"wp:attachment":[{"href":"https:\/\/kingarms.ee\/lt\/wp-json\/wp\/v2\/media?parent=154033"}],"wp:term":[{"taxonomy":"product_brand","embeddable":true,"href":"https:\/\/kingarms.ee\/lt\/wp-json\/wp\/v2\/product_brand?post=154033"},{"taxonomy":"product_cat","embeddable":true,"href":"https:\/\/kingarms.ee\/lt\/wp-json\/wp\/v2\/product_cat?post=154033"},{"taxonomy":"product_tag","embeddable":true,"href":"https:\/\/kingarms.ee\/lt\/wp-json\/wp\/v2\/product_tag?post=154033"}],"curies":[{"name":"wp","href":"https:\/\/api.w.org\/{rel}","templated":true}]}}