{"id":154046,"date":"2025-10-10T14:10:27","date_gmt":"2025-10-10T11:10:27","guid":{"rendered":"https:\/\/kingarms.ee\/product\/ballistol-vandeniui-atsparus-purskiklis-200-ml\/"},"modified":"2025-10-10T14:12:19","modified_gmt":"2025-10-10T11:12:19","slug":"ballistol-vandeniui-atsparus-purskiklis-200-ml","status":"publish","type":"product","link":"https:\/\/kingarms.ee\/lt\/product\/ballistol-vandeniui-atsparus-purskiklis-200-ml\/","title":{"rendered":"Ballistol vandeniui atsparus pur\u0161kiklis 200 ml"},"content":{"rendered":"<p><img loading=\"lazy\" decoding=\"async\" class=\"alignnone size-medium wp-image-154037\" src=\"https:\/\/kingarms.ee\/wp-content\/uploads\/2025\/10\/prod-25000-180x300.png\" alt=\"\" width=\"180\" height=\"300\" srcset=\"https:\/\/kingarms.ee\/wp-content\/uploads\/2025\/10\/prod-25000-180x300.png 180w, https:\/\/kingarms.ee\/wp-content\/uploads\/2025\/10\/prod-25000-150x250.png 150w, https:\/\/kingarms.ee\/wp-content\/uploads\/2025\/10\/prod-25000.png 432w\" sizes=\"auto, (max-width: 180px) 100vw, 180px\" \/><\/p>\n","protected":false},"excerpt":{"rendered":"<p>Ballistol Waterproofing Spray \u2014 tai auk\u0161tos kokyb\u0117s priemon\u0117, suteikianti tekstil\u0117s, odos, zom\u0161os ir sintetiniams audiniams vandens atst\u016bmimo savybes, i\u0161saugant j\u0173 kv\u0117pavim\u0105. 200 ml aerozolis patikimai saugo nuo lietaus, sniego ir purvo, i\u0161laikydamas med\u017eiagos elastingum\u0105 ir spalv\u0105. Tinka striuk\u0117ms, batams, palapin\u0117ms, kuprin\u0117ms ir lauko \u012frangai. Be silikono, biologi\u0161kai suyrantis ir saugus jautrioms med\u017eiagoms. Voki\u0161ka kokyb\u0117 bet kokiomis oro s\u0105lygomis.    <\/p>\n","protected":false},"featured_media":155147,"template":"","meta":{"_acf_changed":false},"product_brand":[],"product_cat":[1150],"product_tag":[],"class_list":{"0":"post-154046","1":"product","2":"type-product","3":"status-publish","4":"has-post-thumbnail","6":"product_cat-ginklu-prieziura","8":"first","9":"instock","10":"taxable","11":"shipping-taxable","12":"purchasable","13":"product-type-simple"},"acf":[],"_links":{"self":[{"href":"https:\/\/kingarms.ee\/lt\/wp-json\/wp\/v2\/product\/154046","targetHints":{"allow":["GET"]}}],"collection":[{"href":"https:\/\/kingarms.ee\/lt\/wp-json\/wp\/v2\/product"}],"about":[{"href":"https:\/\/kingarms.ee\/lt\/wp-json\/wp\/v2\/types\/product"}],"wp:featuredmedia":[{"embeddable":true,"href":"https:\/\/kingarms.ee\/lt\/wp-json\/wp\/v2\/media\/155147"}],"wp:attachment":[{"href":"https:\/\/kingarms.ee\/lt\/wp-json\/wp\/v2\/media?parent=154046"}],"wp:term":[{"taxonomy":"product_brand","embeddable":true,"href":"https:\/\/kingarms.ee\/lt\/wp-json\/wp\/v2\/product_brand?post=154046"},{"taxonomy":"product_cat","embeddable":true,"href":"https:\/\/kingarms.ee\/lt\/wp-json\/wp\/v2\/product_cat?post=154046"},{"taxonomy":"product_tag","embeddable":true,"href":"https:\/\/kingarms.ee\/lt\/wp-json\/wp\/v2\/product_tag?post=154046"}],"curies":[{"name":"wp","href":"https:\/\/api.w.org\/{rel}","templated":true}]}}