{"id":154076,"date":"2025-10-10T14:18:27","date_gmt":"2025-10-10T11:18:27","guid":{"rendered":"https:\/\/kingarms.ee\/product\/borner-predator-elite-co%e2%82%82-pistoletas-kalibras-45-mm-177\/"},"modified":"2025-10-10T14:20:59","modified_gmt":"2025-10-10T11:20:59","slug":"borner-predator-elite-co%e2%82%82-pistoletas-kalibras-45-mm-177","status":"publish","type":"product","link":"https:\/\/kingarms.ee\/lt\/product\/borner-predator-elite-co%e2%82%82-pistoletas-kalibras-45-mm-177\/","title":{"rendered":"BORNER Predator Elite CO\u2082 pistoletas, kalibras 4,5 mm (.177)"},"content":{"rendered":"<p><img loading=\"lazy\" decoding=\"async\" class=\"alignnone size-medium wp-image-154049\" src=\"https:\/\/kingarms.ee\/wp-content\/uploads\/2025\/10\/eng_pl_Borner-Predator-Elite-Blow-Back-4-5-mm-CO2-Air-Pistol-11-2022-124038_1-300x300.webp\" alt=\"\" width=\"300\" height=\"300\" srcset=\"https:\/\/kingarms.ee\/wp-content\/uploads\/2025\/10\/eng_pl_Borner-Predator-Elite-Blow-Back-4-5-mm-CO2-Air-Pistol-11-2022-124038_1-300x300.webp 300w, https:\/\/kingarms.ee\/wp-content\/uploads\/2025\/10\/eng_pl_Borner-Predator-Elite-Blow-Back-4-5-mm-CO2-Air-Pistol-11-2022-124038_1-1024x1024.webp 1024w, https:\/\/kingarms.ee\/wp-content\/uploads\/2025\/10\/eng_pl_Borner-Predator-Elite-Blow-Back-4-5-mm-CO2-Air-Pistol-11-2022-124038_1-150x150.webp 150w, https:\/\/kingarms.ee\/wp-content\/uploads\/2025\/10\/eng_pl_Borner-Predator-Elite-Blow-Back-4-5-mm-CO2-Air-Pistol-11-2022-124038_1-768x768.webp 768w, https:\/\/kingarms.ee\/wp-content\/uploads\/2025\/10\/eng_pl_Borner-Predator-Elite-Blow-Back-4-5-mm-CO2-Air-Pistol-11-2022-124038_1-500x500.webp 500w, https:\/\/kingarms.ee\/wp-content\/uploads\/2025\/10\/eng_pl_Borner-Predator-Elite-Blow-Back-4-5-mm-CO2-Air-Pistol-11-2022-124038_1.webp 1200w\" sizes=\"auto, (max-width: 300px) 100vw, 300px\" \/><\/p>\n","protected":false},"excerpt":{"rendered":"<p>BORNER Predator Elite \u2014 realistinis Colt 1911 tipo CO\u2082 pistoletas 4,5 mm (.177), skirtas \u0161audyti plienin\u0117mis BB kulkomis; maitinamas 12 g CO\u2082 kaset\u0117mis, turi blowback mechanizm\u0105 realisti\u0161kam atatrankos poj\u016b\u010diui, komplektuojamas su i\u0161imamais ~19 \u0161ovini\u0173 \u017eurnalu, pasiekia apie 120 m\/s (~394 fps) greit\u012f ir apie 3 J energijos, turi metalin\u0119 slydimo dal\u012f bei metalin\u012f\/polimero korpus\u0105, sveria apie 1,1 kg \u2014 puikus pasirinkimas laisvalaikio \u0161audymui.<\/p>\n","protected":false},"featured_media":154053,"template":"","meta":{"_acf_changed":false},"product_brand":[],"product_cat":[1143],"product_tag":[],"class_list":{"0":"post-154076","1":"product","2":"type-product","3":"status-publish","4":"has-post-thumbnail","6":"product_cat-rankinis-ginklas","8":"first","9":"instock","10":"taxable","11":"shipping-taxable","12":"purchasable","13":"product-type-simple"},"acf":[],"_links":{"self":[{"href":"https:\/\/kingarms.ee\/lt\/wp-json\/wp\/v2\/product\/154076","targetHints":{"allow":["GET"]}}],"collection":[{"href":"https:\/\/kingarms.ee\/lt\/wp-json\/wp\/v2\/product"}],"about":[{"href":"https:\/\/kingarms.ee\/lt\/wp-json\/wp\/v2\/types\/product"}],"wp:featuredmedia":[{"embeddable":true,"href":"https:\/\/kingarms.ee\/lt\/wp-json\/wp\/v2\/media\/154053"}],"wp:attachment":[{"href":"https:\/\/kingarms.ee\/lt\/wp-json\/wp\/v2\/media?parent=154076"}],"wp:term":[{"taxonomy":"product_brand","embeddable":true,"href":"https:\/\/kingarms.ee\/lt\/wp-json\/wp\/v2\/product_brand?post=154076"},{"taxonomy":"product_cat","embeddable":true,"href":"https:\/\/kingarms.ee\/lt\/wp-json\/wp\/v2\/product_cat?post=154076"},{"taxonomy":"product_tag","embeddable":true,"href":"https:\/\/kingarms.ee\/lt\/wp-json\/wp\/v2\/product_tag?post=154076"}],"curies":[{"name":"wp","href":"https:\/\/api.w.org\/{rel}","templated":true}]}}