{"id":154108,"date":"2025-10-10T14:33:39","date_gmt":"2025-10-10T11:33:39","guid":{"rendered":"https:\/\/kingarms.ee\/product\/crosman-sheridan-sheridan-cowboy-co%e2%82%82-revolveris-kal-177-45-mm\/"},"modified":"2025-10-10T14:35:58","modified_gmt":"2025-10-10T11:35:58","slug":"crosman-sheridan-sheridan-cowboy-co%e2%82%82-revolveris-kal-177-45-mm","status":"publish","type":"product","link":"https:\/\/kingarms.ee\/lt\/product\/crosman-sheridan-sheridan-cowboy-co%e2%82%82-revolveris-kal-177-45-mm\/","title":{"rendered":"Crosman Sheridan (Sheridan Cowboy) CO\u2082 revolveris, kal. .177 \/ 4,5 mm"},"content":{"rendered":"<p><img loading=\"lazy\" decoding=\"async\" class=\"alignnone size-medium wp-image-154098\" src=\"https:\/\/kingarms.ee\/wp-content\/uploads\/2025\/10\/sheridan-cowboy-1000x1000w-300x300.gif\" alt=\"\" width=\"300\" height=\"300\" srcset=\"https:\/\/kingarms.ee\/wp-content\/uploads\/2025\/10\/sheridan-cowboy-1000x1000w-300x300.gif 300w, https:\/\/kingarms.ee\/wp-content\/uploads\/2025\/10\/sheridan-cowboy-1000x1000w-150x150.gif 150w, https:\/\/kingarms.ee\/wp-content\/uploads\/2025\/10\/sheridan-cowboy-1000x1000w-768x768.gif 768w, https:\/\/kingarms.ee\/wp-content\/uploads\/2025\/10\/sheridan-cowboy-1000x1000w-500x500.gif 500w\" sizes=\"auto, (max-width: 300px) 100vw, 300px\" \/><\/p>\n","protected":false},"excerpt":{"rendered":"<p>Crosman Sheridan \u2014 tai vieno veiksmo (single-action) CO\u2082 revolveris vakarinio stiliaus, \u0161audantis tiek .177 granules, tiek 4,5 mm BB rutuliukus i\u0161 6 \u0161\u016bvi\u0173 cilindro, maitinamas 12 g CO\u2082 kasete; turi veikian\u010di\u0105 u\u017etaisymo ang\u0105, i\u0161traukikl\u012f ir funkcionuojant\u012f plaktuk\u0105, tvirt\u0105 metalin\u0119 konstrukcij\u0105 (apie 1,04 kg svorio), ilg\u012f apie 33\u201334 cm ir typines i\u0161\u0117jimo grei\u010dio vertes ma\u017edaug ~120 m\/s (~390\u2013400 fps) priklausomai nuo \u0161ruto \u2014 puikus pasirinkimas pramoginei \u0161audai ir istoriniams modeliams.<\/p>\n","protected":false},"featured_media":154102,"template":"","meta":{"_acf_changed":false},"product_brand":[],"product_cat":[1143],"product_tag":[],"class_list":{"0":"post-154108","1":"product","2":"type-product","3":"status-publish","4":"has-post-thumbnail","6":"product_cat-rankinis-ginklas","8":"first","9":"instock","10":"sale","11":"taxable","12":"shipping-taxable","13":"purchasable","14":"product-type-simple"},"acf":[],"_links":{"self":[{"href":"https:\/\/kingarms.ee\/lt\/wp-json\/wp\/v2\/product\/154108","targetHints":{"allow":["GET"]}}],"collection":[{"href":"https:\/\/kingarms.ee\/lt\/wp-json\/wp\/v2\/product"}],"about":[{"href":"https:\/\/kingarms.ee\/lt\/wp-json\/wp\/v2\/types\/product"}],"wp:featuredmedia":[{"embeddable":true,"href":"https:\/\/kingarms.ee\/lt\/wp-json\/wp\/v2\/media\/154102"}],"wp:attachment":[{"href":"https:\/\/kingarms.ee\/lt\/wp-json\/wp\/v2\/media?parent=154108"}],"wp:term":[{"taxonomy":"product_brand","embeddable":true,"href":"https:\/\/kingarms.ee\/lt\/wp-json\/wp\/v2\/product_brand?post=154108"},{"taxonomy":"product_cat","embeddable":true,"href":"https:\/\/kingarms.ee\/lt\/wp-json\/wp\/v2\/product_cat?post=154108"},{"taxonomy":"product_tag","embeddable":true,"href":"https:\/\/kingarms.ee\/lt\/wp-json\/wp\/v2\/product_tag?post=154108"}],"curies":[{"name":"wp","href":"https:\/\/api.w.org\/{rel}","templated":true}]}}