{"id":154133,"date":"2025-10-10T14:43:21","date_gmt":"2025-10-10T11:43:21","guid":{"rendered":"https:\/\/kingarms.ee\/product\/leapers-utg-1x30-kolimatorius-raudonas-zalias-taikiklis\/"},"modified":"2025-10-10T14:46:34","modified_gmt":"2025-10-10T11:46:34","slug":"leapers-utg-1x30-kolimatorius-raudonas-zalias-taikiklis","status":"publish","type":"product","link":"https:\/\/kingarms.ee\/lt\/product\/leapers-utg-1x30-kolimatorius-raudonas-zalias-taikiklis\/","title":{"rendered":"Leapers (UTG) 1\u00d730 kolimatorius \/ raudonas-\u017ealias taikiklis"},"content":{"rendered":"<p><img loading=\"lazy\" decoding=\"async\" class=\"alignnone size-medium wp-image-154111\" src=\"https:\/\/kingarms.ee\/wp-content\/uploads\/2025\/10\/30191b33-6a27-11e8-84b3-001e67ad91cb_9fad016a-8521-11ee-b77c-00155d9a7102-300x300.png\" alt=\"\" width=\"300\" height=\"300\" srcset=\"https:\/\/kingarms.ee\/wp-content\/uploads\/2025\/10\/30191b33-6a27-11e8-84b3-001e67ad91cb_9fad016a-8521-11ee-b77c-00155d9a7102-300x300.png 300w, https:\/\/kingarms.ee\/wp-content\/uploads\/2025\/10\/30191b33-6a27-11e8-84b3-001e67ad91cb_9fad016a-8521-11ee-b77c-00155d9a7102-1020x1024.png 1020w, https:\/\/kingarms.ee\/wp-content\/uploads\/2025\/10\/30191b33-6a27-11e8-84b3-001e67ad91cb_9fad016a-8521-11ee-b77c-00155d9a7102-150x151.png 150w, https:\/\/kingarms.ee\/wp-content\/uploads\/2025\/10\/30191b33-6a27-11e8-84b3-001e67ad91cb_9fad016a-8521-11ee-b77c-00155d9a7102-768x771.png 768w, https:\/\/kingarms.ee\/wp-content\/uploads\/2025\/10\/30191b33-6a27-11e8-84b3-001e67ad91cb_9fad016a-8521-11ee-b77c-00155d9a7102-500x502.png 500w, https:\/\/kingarms.ee\/wp-content\/uploads\/2025\/10\/30191b33-6a27-11e8-84b3-001e67ad91cb_9fad016a-8521-11ee-b77c-00155d9a7102.png 1161w\" sizes=\"auto, (max-width: 300px) 100vw, 300px\" \/><\/p>\n","protected":false},"excerpt":{"rendered":"<p>Leapers 1\u00d730 \u2014 kompakti\u0161kas kolimatorinis (reflex) taikiklis su 30 mm objektyvu ir 1\u00d7 didinimu, u\u017etikrinantis beparalakso taikym\u0105 ir neribot\u0105 akies atsitraukim\u0105 greitam taikymui; da\u017enai turi 4 MOA ta\u0161k\u0105 su \u017eiediniu taikikliu, raudon\u0105\/\u017eali\u0105 ap\u0161vietim\u0105 su keliomis ry\u0161kumo pakopomis, naudoja CR2032 baterij\u0105, komplektuojamas su greito atjungimo Picatinny\/Weaver tvirtinimu ir apsauginiais dangteliais \u2014 universalus sprendimas greitai orientacijai \u012fvairioms platformoms.<\/p>\n","protected":false},"featured_media":154115,"template":"","meta":{"_acf_changed":false},"product_brand":[],"product_cat":[1205],"product_tag":[],"class_list":{"0":"post-154133","1":"product","2":"type-product","3":"status-publish","4":"has-post-thumbnail","6":"product_cat-vaizdai-lt","8":"first","9":"instock","10":"taxable","11":"shipping-taxable","12":"purchasable","13":"product-type-simple"},"acf":[],"_links":{"self":[{"href":"https:\/\/kingarms.ee\/lt\/wp-json\/wp\/v2\/product\/154133","targetHints":{"allow":["GET"]}}],"collection":[{"href":"https:\/\/kingarms.ee\/lt\/wp-json\/wp\/v2\/product"}],"about":[{"href":"https:\/\/kingarms.ee\/lt\/wp-json\/wp\/v2\/types\/product"}],"wp:featuredmedia":[{"embeddable":true,"href":"https:\/\/kingarms.ee\/lt\/wp-json\/wp\/v2\/media\/154115"}],"wp:attachment":[{"href":"https:\/\/kingarms.ee\/lt\/wp-json\/wp\/v2\/media?parent=154133"}],"wp:term":[{"taxonomy":"product_brand","embeddable":true,"href":"https:\/\/kingarms.ee\/lt\/wp-json\/wp\/v2\/product_brand?post=154133"},{"taxonomy":"product_cat","embeddable":true,"href":"https:\/\/kingarms.ee\/lt\/wp-json\/wp\/v2\/product_cat?post=154133"},{"taxonomy":"product_tag","embeddable":true,"href":"https:\/\/kingarms.ee\/lt\/wp-json\/wp\/v2\/product_tag?post=154133"}],"curies":[{"name":"wp","href":"https:\/\/api.w.org\/{rel}","templated":true}]}}