{"id":154146,"date":"2025-10-10T14:54:22","date_gmt":"2025-10-10T11:54:22","guid":{"rendered":"https:\/\/kingarms.ee\/product\/blokinis-lankas-man-kung-mk-cb55sb-55-svaru\/"},"modified":"2025-10-10T14:56:45","modified_gmt":"2025-10-10T11:56:45","slug":"blokinis-lankas-man-kung-mk-cb55sb-55-svaru","status":"publish","type":"product","link":"https:\/\/kingarms.ee\/lt\/product\/blokinis-lankas-man-kung-mk-cb55sb-55-svaru\/","title":{"rendered":"Blokinis lankas Man Kung MK-CB55SB 55 svar\u0173"},"content":{"rendered":"<p><img loading=\"lazy\" decoding=\"async\" class=\"alignnone size-medium wp-image-154136\" src=\"https:\/\/kingarms.ee\/wp-content\/uploads\/2025\/10\/mk-cb55sb-1-1-1024x1024.png-300x300.webp\" alt=\"\" width=\"300\" height=\"300\" srcset=\"https:\/\/kingarms.ee\/wp-content\/uploads\/2025\/10\/mk-cb55sb-1-1-1024x1024.png-300x300.webp 300w, https:\/\/kingarms.ee\/wp-content\/uploads\/2025\/10\/mk-cb55sb-1-1-1024x1024.png-150x150.webp 150w, https:\/\/kingarms.ee\/wp-content\/uploads\/2025\/10\/mk-cb55sb-1-1-1024x1024.png-768x768.webp 768w, https:\/\/kingarms.ee\/wp-content\/uploads\/2025\/10\/mk-cb55sb-1-1-1024x1024.png-500x500.webp 500w, https:\/\/kingarms.ee\/wp-content\/uploads\/2025\/10\/mk-cb55sb-1-1-1024x1024.png.webp 1024w\" sizes=\"auto, (max-width: 300px) 100vw, 300px\" \/><\/p>\n","protected":false},"excerpt":{"rendered":"<p>Man Kung MK-CB55SB \u2013 tai galingas ir tikslus blokinis lankas, tinkantis tiek pradedantiesiems, tiek pa\u017eengusiems \u0161auliams. Reguliuojama \u012ftempimo j\u0117ga nuo 40 iki 55 svar\u0173 ir \u012ftempimo ilgis 27\u201329 coliai leid\u017eia pasiekti iki 206 fps (apie 63 m\/s) greit\u012f. Aliuminio rankena ir stiklo pluo\u0161to petys u\u017etikrina lengvum\u0105 ir tikslum\u0105. Rinkinyje yra lankas, styga, taikiklis ir str\u0117l\u0117s laikiklis \u2013 puikus pasirinkimas sportiniam ir taiklumo \u0161audymui.   <\/p>\n","protected":false},"featured_media":154140,"template":"","meta":{"_acf_changed":false},"product_brand":[],"product_cat":[1156],"product_tag":[],"class_list":{"0":"post-154146","1":"product","2":"type-product","3":"status-publish","4":"has-post-thumbnail","6":"product_cat-lankai","8":"first","9":"instock","10":"sale","11":"taxable","12":"shipping-taxable","13":"purchasable","14":"product-type-simple"},"acf":[],"_links":{"self":[{"href":"https:\/\/kingarms.ee\/lt\/wp-json\/wp\/v2\/product\/154146","targetHints":{"allow":["GET"]}}],"collection":[{"href":"https:\/\/kingarms.ee\/lt\/wp-json\/wp\/v2\/product"}],"about":[{"href":"https:\/\/kingarms.ee\/lt\/wp-json\/wp\/v2\/types\/product"}],"wp:featuredmedia":[{"embeddable":true,"href":"https:\/\/kingarms.ee\/lt\/wp-json\/wp\/v2\/media\/154140"}],"wp:attachment":[{"href":"https:\/\/kingarms.ee\/lt\/wp-json\/wp\/v2\/media?parent=154146"}],"wp:term":[{"taxonomy":"product_brand","embeddable":true,"href":"https:\/\/kingarms.ee\/lt\/wp-json\/wp\/v2\/product_brand?post=154146"},{"taxonomy":"product_cat","embeddable":true,"href":"https:\/\/kingarms.ee\/lt\/wp-json\/wp\/v2\/product_cat?post=154146"},{"taxonomy":"product_tag","embeddable":true,"href":"https:\/\/kingarms.ee\/lt\/wp-json\/wp\/v2\/product_tag?post=154146"}],"curies":[{"name":"wp","href":"https:\/\/api.w.org\/{rel}","templated":true}]}}