{"id":154179,"date":"2025-10-10T15:13:53","date_gmt":"2025-10-10T12:13:53","guid":{"rendered":"https:\/\/kingarms.ee\/product\/greito-jungimo-antgalis-vyriskas-1-8-npt-is-nerudijancio-plieno\/"},"modified":"2025-10-10T15:16:13","modified_gmt":"2025-10-10T12:16:13","slug":"greito-jungimo-antgalis-vyriskas-1-8-npt-is-nerudijancio-plieno","status":"publish","type":"product","link":"https:\/\/kingarms.ee\/lt\/product\/greito-jungimo-antgalis-vyriskas-1-8-npt-is-nerudijancio-plieno\/","title":{"rendered":"Greito jungimo antgalis (vyri\u0161kas) 1\/8 NPT i\u0161 ner\u016bdijan\u010dio plieno"},"content":{"rendered":"<p><img loading=\"lazy\" decoding=\"async\" class=\"alignnone size-medium wp-image-154169\" src=\"https:\/\/kingarms.ee\/wp-content\/uploads\/2025\/10\/perehodnik-kvik-mama-1-8-coral-bh-kf-1700062634-10-300x247.jpg\" alt=\"\" width=\"300\" height=\"247\" srcset=\"https:\/\/kingarms.ee\/wp-content\/uploads\/2025\/10\/perehodnik-kvik-mama-1-8-coral-bh-kf-1700062634-10-300x247.jpg 300w, https:\/\/kingarms.ee\/wp-content\/uploads\/2025\/10\/perehodnik-kvik-mama-1-8-coral-bh-kf-1700062634-10-1024x843.jpg 1024w, https:\/\/kingarms.ee\/wp-content\/uploads\/2025\/10\/perehodnik-kvik-mama-1-8-coral-bh-kf-1700062634-10-768x632.jpg 768w, https:\/\/kingarms.ee\/wp-content\/uploads\/2025\/10\/perehodnik-kvik-mama-1-8-coral-bh-kf-1700062634-10-1536x1265.jpg 1536w, https:\/\/kingarms.ee\/wp-content\/uploads\/2025\/10\/perehodnik-kvik-mama-1-8-coral-bh-kf-1700062634-10-2048x1687.jpg 2048w, https:\/\/kingarms.ee\/wp-content\/uploads\/2025\/10\/perehodnik-kvik-mama-1-8-coral-bh-kf-1700062634-10-500x412.jpg 500w, https:\/\/kingarms.ee\/wp-content\/uploads\/2025\/10\/perehodnik-kvik-mama-1-8-coral-bh-kf-1700062634-10-150x124.jpg 150w\" sizes=\"auto, (max-width: 300px) 100vw, 300px\" \/><\/p>\n","protected":false},"excerpt":{"rendered":"<p>Greito jungimo antgalis (vyri\u0161kas) 1\/8 NPT i\u0161 ner\u016bdijan\u010dio plieno Borner \/ Remington pompai (tinka ir Hatsan) \u2014 Auk\u0161tos kokyb\u0117s ner\u016bdijan\u010dio plieno greito jungimo vyri\u0161kas adapteris su 1\/8 NPT sriegiu, skirtas Borner ir Remington PCP pompoms, taip pat suderinamas su Hatsan sistemomis. U\u017etikrina patikim\u0105, sandar\u0173 ir ilgalaik\u012f prisijungim\u0105 prie auk\u0161to sl\u0117gio oro tiekimo. Puikus sprendimas greitam ir saugiam \u017earn\u0173 prijungimui ar atjungimui u\u017epildymo metu.  <\/p>\n","protected":false},"featured_media":154173,"template":"","meta":{"_acf_changed":false},"product_brand":[],"product_cat":[1273],"product_tag":[],"class_list":{"0":"post-154179","1":"product","2":"type-product","3":"status-publish","4":"has-post-thumbnail","6":"product_cat-atsargines-dalys","8":"first","9":"instock","10":"taxable","11":"shipping-taxable","12":"purchasable","13":"product-type-simple"},"acf":[],"_links":{"self":[{"href":"https:\/\/kingarms.ee\/lt\/wp-json\/wp\/v2\/product\/154179","targetHints":{"allow":["GET"]}}],"collection":[{"href":"https:\/\/kingarms.ee\/lt\/wp-json\/wp\/v2\/product"}],"about":[{"href":"https:\/\/kingarms.ee\/lt\/wp-json\/wp\/v2\/types\/product"}],"wp:featuredmedia":[{"embeddable":true,"href":"https:\/\/kingarms.ee\/lt\/wp-json\/wp\/v2\/media\/154173"}],"wp:attachment":[{"href":"https:\/\/kingarms.ee\/lt\/wp-json\/wp\/v2\/media?parent=154179"}],"wp:term":[{"taxonomy":"product_brand","embeddable":true,"href":"https:\/\/kingarms.ee\/lt\/wp-json\/wp\/v2\/product_brand?post=154179"},{"taxonomy":"product_cat","embeddable":true,"href":"https:\/\/kingarms.ee\/lt\/wp-json\/wp\/v2\/product_cat?post=154179"},{"taxonomy":"product_tag","embeddable":true,"href":"https:\/\/kingarms.ee\/lt\/wp-json\/wp\/v2\/product_tag?post=154179"}],"curies":[{"name":"wp","href":"https:\/\/api.w.org\/{rel}","templated":true}]}}