{"id":154194,"date":"2025-10-10T16:38:15","date_gmt":"2025-10-10T13:38:15","guid":{"rendered":"https:\/\/kingarms.ee\/product\/metaline-plinkingo-taikinys-oriniams-ginklams\/"},"modified":"2025-10-10T16:42:03","modified_gmt":"2025-10-10T13:42:03","slug":"metaline-plinkingo-taikinys-oriniams-ginklams","status":"publish","type":"product","link":"https:\/\/kingarms.ee\/lt\/product\/metaline-plinkingo-taikinys-oriniams-ginklams\/","title":{"rendered":"Metalin\u0117 plinkingo taikinys oriniams ginklams"},"content":{"rendered":"<p><img loading=\"lazy\" decoding=\"async\" class=\"alignnone size-medium wp-image-154185\" src=\"https:\/\/kingarms.ee\/wp-content\/uploads\/2025\/10\/PT-57079-300x300.jpg\" alt=\"\" width=\"300\" height=\"300\" srcset=\"https:\/\/kingarms.ee\/wp-content\/uploads\/2025\/10\/PT-57079-300x300.jpg 300w, https:\/\/kingarms.ee\/wp-content\/uploads\/2025\/10\/PT-57079-150x150.jpg 150w, https:\/\/kingarms.ee\/wp-content\/uploads\/2025\/10\/PT-57079-768x768.jpg 768w, https:\/\/kingarms.ee\/wp-content\/uploads\/2025\/10\/PT-57079-500x500.jpg 500w, https:\/\/kingarms.ee\/wp-content\/uploads\/2025\/10\/PT-57079.jpg 1000w\" sizes=\"auto, (max-width: 300px) 100vw, 300px\" \/><\/p>\n","protected":false},"excerpt":{"rendered":"<p><strong data-start=\"384\" data-end=\"428\">Metalin\u0117 plinkingo taikinys oriniams ginklams <\/strong>\u2014 tvirtas ir stabilus taikinys, skirtas \u0161audymo treniruot\u0117ms bei pramoginiam taiklumui lavinti. Pagamintas i\u0161 gr\u016bdinto metalo, atsparus daugkartiniams \u0161\u016bviams be deformacijos. Puikiai tinka naudoti namuose ar lauke, tiek pramogai, tiek treniruot\u0117ms. Suderinamas su 4,5 mm ir 6 mm \u0161ratais. Lengvai sumontuojamas ir patogus naudoti.    <\/p>\n","protected":false},"featured_media":154189,"template":"","meta":{"_acf_changed":false},"product_brand":[],"product_cat":[1201],"product_tag":[],"class_list":{"0":"post-154194","1":"product","2":"type-product","3":"status-publish","4":"has-post-thumbnail","6":"product_cat-taikiniai","8":"first","9":"instock","10":"taxable","11":"shipping-taxable","12":"purchasable","13":"product-type-simple"},"acf":[],"_links":{"self":[{"href":"https:\/\/kingarms.ee\/lt\/wp-json\/wp\/v2\/product\/154194","targetHints":{"allow":["GET"]}}],"collection":[{"href":"https:\/\/kingarms.ee\/lt\/wp-json\/wp\/v2\/product"}],"about":[{"href":"https:\/\/kingarms.ee\/lt\/wp-json\/wp\/v2\/types\/product"}],"wp:featuredmedia":[{"embeddable":true,"href":"https:\/\/kingarms.ee\/lt\/wp-json\/wp\/v2\/media\/154189"}],"wp:attachment":[{"href":"https:\/\/kingarms.ee\/lt\/wp-json\/wp\/v2\/media?parent=154194"}],"wp:term":[{"taxonomy":"product_brand","embeddable":true,"href":"https:\/\/kingarms.ee\/lt\/wp-json\/wp\/v2\/product_brand?post=154194"},{"taxonomy":"product_cat","embeddable":true,"href":"https:\/\/kingarms.ee\/lt\/wp-json\/wp\/v2\/product_cat?post=154194"},{"taxonomy":"product_tag","embeddable":true,"href":"https:\/\/kingarms.ee\/lt\/wp-json\/wp\/v2\/product_tag?post=154194"}],"curies":[{"name":"wp","href":"https:\/\/api.w.org\/{rel}","templated":true}]}}