{"id":154247,"date":"2025-10-13T12:54:09","date_gmt":"2025-10-13T09:54:09","guid":{"rendered":"https:\/\/kingarms.ee\/product\/pipirinis-aerozolis-ko-pfeffer-jet-40-ml\/"},"modified":"2025-10-13T12:58:46","modified_gmt":"2025-10-13T09:58:46","slug":"pipirinis-aerozolis-ko-pfeffer-jet-40-ml","status":"publish","type":"product","link":"https:\/\/kingarms.ee\/lt\/product\/pipirinis-aerozolis-ko-pfeffer-jet-40-ml\/","title":{"rendered":"Pipirinis aerozolis KO Pfeffer Jet 40 ml"},"content":{"rendered":"<p><img loading=\"lazy\" decoding=\"async\" class=\"alignnone size-medium wp-image-154231\" src=\"https:\/\/kingarms.ee\/wp-content\/uploads\/2025\/10\/gas-ko-pfeffer-jet-40-ml-d40b09ce1d7748e39b8ab8705110c6e3-9279869e-300x300.webp\" alt=\"\" width=\"300\" height=\"300\" srcset=\"https:\/\/kingarms.ee\/wp-content\/uploads\/2025\/10\/gas-ko-pfeffer-jet-40-ml-d40b09ce1d7748e39b8ab8705110c6e3-9279869e-300x300.webp 300w, https:\/\/kingarms.ee\/wp-content\/uploads\/2025\/10\/gas-ko-pfeffer-jet-40-ml-d40b09ce1d7748e39b8ab8705110c6e3-9279869e-150x150.webp 150w, https:\/\/kingarms.ee\/wp-content\/uploads\/2025\/10\/gas-ko-pfeffer-jet-40-ml-d40b09ce1d7748e39b8ab8705110c6e3-9279869e-768x768.webp 768w, https:\/\/kingarms.ee\/wp-content\/uploads\/2025\/10\/gas-ko-pfeffer-jet-40-ml-d40b09ce1d7748e39b8ab8705110c6e3-9279869e-500x500.webp 500w, https:\/\/kingarms.ee\/wp-content\/uploads\/2025\/10\/gas-ko-pfeffer-jet-40-ml-d40b09ce1d7748e39b8ab8705110c6e3-9279869e.webp 900w\" sizes=\"auto, (max-width: 300px) 100vw, 300px\" \/><\/p>\n","protected":false},"excerpt":{"rendered":"<p><strong data-start=\"482\" data-end=\"510\">Gas KO Pfeffer Jet 40 ml <\/strong>\u2014 kompakti\u0161kas 40 ml pipirinis aerozolis (OC) asmeninei savisaugai, suteikia stipr\u0173 ir taikl\u0173 pur\u0161kim\u0105, \u012fprastas veiksmingas nuotolis apie 1\u20133 m priklausomai nuo purk\u0161tuko tipo, ergonomi\u0161kas u\u017etaisas ir saugos dangtelis ma\u017eina atsitiktinio aktyvavimo rizik\u0105, tvirtas korpusas patogiam ne\u0161iojimui ki\u0161en\u0117je ar krep\u0161yje; skirtas tik teis\u0117tai savisaugai \u2014 perskaitykite naudojimo instrukcij\u0105, patikrinkite vietos teis\u0117s aktus ir am\u017eiaus apribojimus, nenaudokite prie\u0161 vaikus ar gyv\u016bnus.<\/p>\n","protected":false},"featured_media":155052,"template":"","meta":{"_acf_changed":false},"product_brand":[],"product_cat":[1254],"product_tag":[],"class_list":{"0":"post-154247","1":"product","2":"type-product","3":"status-publish","4":"has-post-thumbnail","6":"product_cat-pipiru-purskiklis","8":"first","9":"instock","10":"taxable","11":"shipping-taxable","12":"purchasable","13":"product-type-simple"},"acf":[],"_links":{"self":[{"href":"https:\/\/kingarms.ee\/lt\/wp-json\/wp\/v2\/product\/154247","targetHints":{"allow":["GET"]}}],"collection":[{"href":"https:\/\/kingarms.ee\/lt\/wp-json\/wp\/v2\/product"}],"about":[{"href":"https:\/\/kingarms.ee\/lt\/wp-json\/wp\/v2\/types\/product"}],"wp:featuredmedia":[{"embeddable":true,"href":"https:\/\/kingarms.ee\/lt\/wp-json\/wp\/v2\/media\/155052"}],"wp:attachment":[{"href":"https:\/\/kingarms.ee\/lt\/wp-json\/wp\/v2\/media?parent=154247"}],"wp:term":[{"taxonomy":"product_brand","embeddable":true,"href":"https:\/\/kingarms.ee\/lt\/wp-json\/wp\/v2\/product_brand?post=154247"},{"taxonomy":"product_cat","embeddable":true,"href":"https:\/\/kingarms.ee\/lt\/wp-json\/wp\/v2\/product_cat?post=154247"},{"taxonomy":"product_tag","embeddable":true,"href":"https:\/\/kingarms.ee\/lt\/wp-json\/wp\/v2\/product_tag?post=154247"}],"curies":[{"name":"wp","href":"https:\/\/api.w.org\/{rel}","templated":true}]}}